{"id":8547,"date":"2021-09-29T11:14:53","date_gmt":"2021-09-29T11:14:53","guid":{"rendered":"https:\/\/ffri.uniri.hr\/?page_id=8547"},"modified":"2023-03-28T10:37:07","modified_gmt":"2023-03-28T10:37:07","slug":"knowledge-transfer","status":"publish","type":"page","link":"https:\/\/ffri.uniri.hr\/en\/outreach-and-engagement\/knowledge-transfer\/","title":{"rendered":"Knowledge transfer"},"content":{"rendered":"<div class=\"wp-block-ub-content-toggle wp-block-ub-content-toggle-block\" id=\"ub-content-toggle-block-4db50c90-af87-4cbe-8d9a-168253cee3e2\" data-mobilecollapse=\"false\" data-desktopcollapse=\"true\" data-preventcollapse=\"false\" data-showonlyone=\"false\">\n<div class=\"wp-block-ub-content-toggle-accordion\" style=\"border-color: #f1f1f1;\" id=\"ub-content-toggle-panel-block-\">\n\t\t\t<div class=\"wp-block-ub-content-toggle-accordion-title-wrap\" style=\"background-color: #f1f1f1;\" aria-controls=\"ub-content-toggle-panel-0-4db50c90-af87-4cbe-8d9a-168253cee3e2\" tabindex=\"0\">\n\t\t\t<p class=\"wp-block-ub-content-toggle-accordion-title ub-content-toggle-title-4db50c90-af87-4cbe-8d9a-168253cee3e2\" style=\"color: #000000; \">ESF and professional projects, and projects involving cooperation with the community<\/p>\n\t\t\t<div class=\"wp-block-ub-content-toggle-accordion-toggle-wrap right\" style=\"color: #000000;\"><span class=\"wp-block-ub-content-toggle-accordion-state-indicator wp-block-ub-chevron-down\"><\/span><\/div>\n\t\t<\/div>\n\t\t\t<div role=\"region\" aria-expanded=\"false\" class=\"wp-block-ub-content-toggle-accordion-content-wrap ub-hide\" id=\"ub-content-toggle-panel-0-4db50c90-af87-4cbe-8d9a-168253cee3e2\">\n\n<h4 class=\"wp-block-heading\">European Social Fund (ESF) projects<\/h4>\n\n\n\n<ul class=\"wp-block-list\">\n<li><a href=\"https:\/\/projekt-kafka.com\/\" target=\"_blank\" rel=\"noreferrer noopener\"><strong>Project KAFKa<\/strong><\/a>\u00a0<\/li>\n\n\n\n<li><a href=\"https:\/\/perpetuumagile.uniri.hr\/\" target=\"_blank\" rel=\"noreferrer noopener\"><strong>Project PerPeTuUm aGile<\/strong><\/a>\u00a0<\/li>\n\n\n\n<li><a href=\"https:\/\/www.dkolektiv.hr\/public\/hr\/project\/radius-v\" target=\"_blank\" rel=\"noreferrer noopener\"><strong>Radius V<\/strong><\/a><strong>, <\/strong>(Principal Investigator: Dkoletiv, Osijek. Project Manager for the Faculty of Humanities and Social Sciences: Assoc. Prof. Dr Bojana \u0106ulum Ilic). Duration: 2021 to 2023; Amount awarded 75,503.17 EUR (HRK 568,878.67)<\/li>\n<\/ul>\n\n\n\n<h4 class=\"wp-block-heading\">Scientific and development projects, and professional projects involving cooperation with the community<\/h4>\n\n\n\n<ul class=\"wp-block-list\">\n<li><a href=\"https:\/\/www.croris.hr\/projekti\/projekt\/7991\" target=\"_blank\" rel=\"noreferrer noopener\"><strong>Innovative solutions for more fluent reading in the standard languages of the European Union for people with reading difficulties<\/strong><\/a> Principal Investigator: Ass. Prof. Dr. Mihaela Mate\u0161i\u0107 ). Duration: 2021 to 2023; Amount Awarded 6,636 EUR (50,000 HRK)\u00a0<\/li>\n\n\n\n<li><a href=\"https:\/\/pdb.irb.hr\/project\/irb:004050\" target=\"_blank\" rel=\"noreferrer noopener\"><strong>Ars lignea: woodcarving artistic heritage of the northern Adriatic from 1300 to 1600<\/strong><\/a> (Principal Investigator: Asst. Prof. Dr. Barbara Spaniel-Pandelo). Duration: 2018 to 2023; Amount Awarded &#8216; 82,117.85 EUR (HRK 618,717.00)\u00a0\u00a0<\/li>\n\n\n\n<li><strong>Education and counseling of professional workers of the Children&#8217;s Home &#8220;Ivana Brli\u0107 Ma\u017eurani\u0107&#8221; Lovran within the project &#8220;Smile&#8221;: Change Management \u2013 Children&#8217;s Home IBM Lovran<\/strong>. (Center for Applied Psychology. Principal Investigator: Prof. Dr. Zoran Su\u0161anj). Duration: 2020 to 2022; Amount Awarded 9,556.04 EUR (72,000.00 HRK + VAT )\u00a0<\/li>\n\n\n\n<li><a href=\"https:\/\/gradanskiodgoj.rijeka.hr\/rezultati\/\" target=\"_blank\" rel=\"noreferrer noopener\"><strong>Evaluation of civic education<\/strong><\/a> \u2013 City of Rijeka. (Department of Education, Faculty of Humanities and Social Sciences in Rijeka under the mentorship of Assoc. Prof. Dr. Bojane \u0106ulum and Assoc. Prof. Dr. Nena Ron\u010devi\u0107). Duration: 2018 to 2020.\u00a0<\/li>\n\n\n\n<li><strong>Evaluation of civic education<\/strong> \u2013 City of Rijeka. (Center for Applied Psychology. Principal Investigator: Asst. Prof. Dr. Sc. Barbara Kalebi\u0107 Nebula). Duration: 2018 to 2021; Amount awarded 30,658.97 EUR (231.000,00 HRK + VAT).\u202f\u00a0<\/li>\n\n\n\n<li><a href=\"https:\/\/sustainableserviceinds.eu\/\" target=\"_blank\" rel=\"noreferrer noopener\"><strong>Involving Persons with Down Syndrome and other Intellectual Disabilities in the Implementation of Sustainable Development Goals and Fostering their Inclusion through Service-learning (SSinDS)<\/strong><\/a>\u202f(Asocia\u021bia Langdon Down Oltenia Centrul Educa\u021bional Teodora \u2013 ALDO-CET, Romania; Principal Investigator za FFRI: Assoc. Prof. Dr. Bojana \u0106ulum Ili\u0107), Erasmus+, 2020-2022; Amount awarded: 299,460.00 EUR\u202f<a href=\"http:\/\/ssinds.ffri.hr\/\" target=\"_blank\" rel=\"noreferrer noopener\">(website on FFRI \u2013 HR\/ENG version)<\/a>\u00a0<\/li>\n\n\n\n<li><strong>Research of the effects of the project &#8220;e-Schools: Development of a System of Digitally Mature Schools (Phase II)&#8221; \u2013 CARNET Zagreb.\u00a0<\/strong> (Center for Applied Psychology. Principal investigator: Prof. Svetlana Koli\u0107-Vehovec). Duration: 2021 to 2023; Amount Awarded 463,202.60 EUR (3,490,000.00 HRK + VAT).\u202f\u00a0<\/li>\n\n\n\n<li><strong>Development of an action plan for lifelong career guidance and career development 2021-2025 \u2013 MRMSOSP RH<\/strong> (Center for Applied Psychology. Principal Investigator: Prof.\u00a0 Zoran Su\u0161anj). Duration: 2021; Amount Awarded 8494,26 EUR (64,000.00 HRK + VAT).\u202f\u00a0<\/li>\n\n\n\n<li><a href=\"http:\/\/ihjj.hr\/projekt\/uniri-class-jezicne-tehnologije-i-digitalna-obrada-teksta\/119\/\" target=\"_blank\" rel=\"noreferrer noopener\"><strong>Language technologies and digital word processing<\/strong><\/a> (Principal Investigator: Asst. Prof. Benedict Perak). Duration: 2022 to 2025; Funding amount 13,272.28 EUR (100,000.00 HRK)\u00a0\u00a0<\/li>\n\n\n\n<li><a href=\"https:\/\/pdb.irb.hr\/project\/irb:004917\" target=\"_blank\" rel=\"noreferrer noopener\"><strong>Liber Fluminensis \u2013 contributions for the study of the Croatian language in the works of Rijeka printers until the 20th century<\/strong><\/a> (Principal Investigator: Prof. Dr. Sanja Zub\u010di\u0107). Duration: 2019 to 2021; Amount Awarded: 5,702.87 EUR (42,968.24 HRK)\u00a0\u00a0<\/li>\n\n\n\n<li><a href=\"https:\/\/pdb.irb.hr\/project\/irb:005320\" target=\"_blank\" rel=\"noreferrer noopener\"><strong>Linguistic geography of Croatia in the European environment<\/strong><\/a> (Principal investigator: Dunja Brozovi\u0107 Ron\u010devi\u0107; Principal Investigator for FFRI Prof. Dr. Silvana Vrani\u0107). Duration: 2020 to 2023; Funding: 95,825.87 EUR (722,000.00 HRK)\u00a0<\/li>\n\n\n\n<li><a href=\"https:\/\/pdb.irb.hr\/project\/irb:004962\" target=\"_blank\" rel=\"noreferrer noopener\"><strong>Migrations, identities, and context of medieval art of Kvarner<\/strong><\/a> (Principal Investigator: Prof. Dr.\u00a0 Marina Vicelja-Matija\u0161i\u0107) Duration: 2019 to 2021; Amount Awarded: 7,709.49 EUR (58,087.16 HRK)\u00a0\u00a0<\/li>\n\n\n\n<li><a href=\"https:\/\/pdb.irb.hr\/project\/irb:005217\" target=\"_blank\" rel=\"noreferrer noopener\"><strong>Mental Health promotion of cobot Workers in Industry 4.0<\/strong><\/a>\u202f(Voditelj: Assoc. Prof. Dr Mario Cocchi; Principal Investigator for the Faculty of Humanities and Social Sciences: Prof. Dr. Ingrid Brdar) Duration: 2020-2022; Amount Awarded: 3,919,863.75 EUR\u202f\u00a0<\/li>\n\n\n\n<li><a href=\"https:\/\/pdb.irb.hr\/project\/irb:007185\" target=\"_blank\" rel=\"noreferrer noopener\"><strong>Pre-modern Croatian literature in European culture: contacts and transfers<\/strong><\/a> (Principal Investigator: Assoc. Prof. Dolores Grma\u010da, Ph.D.) Duration: 2021 to 2025; Amount Awarded: 66,401.22 EUR (500,300.00 HRK)\u00a0\u00a0<\/li>\n\n\n\n<li><a href=\"https:\/\/pdb.irb.hr\/project\/irb:006406\" target=\"_blank\" rel=\"noreferrer noopener\"><strong>Psychological changes in patients with acutechronic heart failure during the COVID-19 epidemic<\/strong><\/a> (Principal Investigator: Teodora Zaninovi\u0107 Jurjevi\u0107; Principal Investigator for the Faculty of Humanities and Social Sciences: Prof. Dr. Alessandra Pokrajac-Bulian, PhD) Duration: 2020 to 2021; Amount Awarded: 6,636.14 EUR (50,000.00 HRK)\u00a0\u00a0<\/li>\n\n\n\n<li><strong>Development of modern communication technologies in commercial applications and industry<\/strong> (Principal Investigator: Assistant Prof. Benedikt Perak) Duration: 2022 to 2024; Amount Awarded 16,590.35 EUR (125,000.00 HRK)\u00a0<\/li>\n\n\n\n<li><a href=\"http:\/\/upskillsproject.eu\/\" target=\"_blank\" rel=\"noreferrer noopener\"><strong>UPgrading the SKIlls of Linguistics and Language Students (UPSKILLS)<\/strong><\/a><strong>,<\/strong>\u202fErasmus+ (Principal Investigator for FFRI: Assoc. Prof. Dr. Tihana Kra\u0161). Duration: 1.9.2020. to 31.8.2023; Amount Awarded 449,910.00 EUR\u202f\u00a0<\/li>\n\n\n\n<li><a href=\"http:\/\/team.amu.edu.pl\/\" target=\"_blank\" rel=\"noreferrer noopener\"><strong>Teacher Education About Multilingualism (TEAM)<\/strong><\/a><strong>,<\/strong> Erasmus+ (Project Manager for the Faculty of Humanities and Social Sciences: Assoc. Prof.\u00a0 Tihana Kra\u0161). Duration: 1.9.2020 to 31.8.2023; Amount Awarded 439,972.00 EUR\u00a0\u00a0<\/li>\n\n\n\n<li><a href=\"https:\/\/pdb.irb.hr\/project\/irb:005650\" target=\"_blank\" rel=\"noreferrer noopener\"><strong>Multilayered framework for characterizing the dissemination of information through social media during the COVID-19 crisis<\/strong><\/a> (Principal Investigator: Prof.\u00a0 Dr. Ana Me\u0161trovi\u0107) Duration: 2020 to 2022; Amount Awarded: 73,916.33 EUR (556, 922.62 HRK )\u00a0<\/li>\n\n\n\n<li><a href=\"https:\/\/www.idi.hr\/en\/projekti-p\/projekti\/supporting-evidence-based-education-of-youth-workers-seeyw\/\" target=\"_blank\" rel=\"noreferrer noopener\"><strong>Supporting Evidence-based Education of Youth Workers \u2013 SEEYW<\/strong><\/a><a href=\"https:\/\/www.idi.hr\/en\/projekti-p\/projekti\/supporting-evidence-based-education-of-youth-workers-seeyw\/\" target=\"_blank\" rel=\"noreferrer noopener\"><strong>,<\/strong><\/a> (Principal investigator: Institute for Social Research in Zagreb \u2013 IDIZ; Project Manager for the Faculty of Humanities and Social Sciences: Assoc. Prof. Dr Bojana \u0106ulum Ili\u0107) Erasmus+ KA3\/Youth. Duration: 2019-2021; Amount Awarded: 383,751.00 EUR\u00a0\u00a0<\/li>\n\n\n\n<li><a href=\"https:\/\/www.slusik.eu\/\" target=\"_blank\" rel=\"noreferrer noopener\"><strong>Service-learning: Upscaling Social Inclusion for Kids (SLUSIK)<\/strong><\/a><a href=\"https:\/\/www.slusik.eu\/\" target=\"_blank\" rel=\"noreferrer noopener\"><strong>,<\/strong><\/a> Erasmus+, Project Manager for European Volunteering (CEV), Project Manager for the Faculty of Humanities and Social Sciences: Assoc. Prof. Dr. Bojana \u0106ulum Ili\u0107). Duration: 2020-2022; Amount Awarded: 499,680.00 EUR<\/li>\n<\/ul>\n\n<\/div>\n\t\t<\/div>\n<\/div>","protected":false},"excerpt":{"rendered":"","protected":false},"author":4,"featured_media":0,"parent":8700,"menu_order":1,"comment_status":"closed","ping_status":"closed","template":"","meta":{"_acf_changed":false,"ub_ctt_via":"","footnotes":""},"class_list":["post-8547","page","type-page","status-publish","hentry"],"acf":[],"featured_image_src":null,"_links":{"self":[{"href":"https:\/\/ffri.uniri.hr\/en\/wp-json\/wp\/v2\/pages\/8547","targetHints":{"allow":["GET"]}}],"collection":[{"href":"https:\/\/ffri.uniri.hr\/en\/wp-json\/wp\/v2\/pages"}],"about":[{"href":"https:\/\/ffri.uniri.hr\/en\/wp-json\/wp\/v2\/types\/page"}],"author":[{"embeddable":true,"href":"https:\/\/ffri.uniri.hr\/en\/wp-json\/wp\/v2\/users\/4"}],"replies":[{"embeddable":true,"href":"https:\/\/ffri.uniri.hr\/en\/wp-json\/wp\/v2\/comments?post=8547"}],"version-history":[{"count":4,"href":"https:\/\/ffri.uniri.hr\/en\/wp-json\/wp\/v2\/pages\/8547\/revisions"}],"predecessor-version":[{"id":8794,"href":"https:\/\/ffri.uniri.hr\/en\/wp-json\/wp\/v2\/pages\/8547\/revisions\/8794"}],"up":[{"embeddable":true,"href":"https:\/\/ffri.uniri.hr\/en\/wp-json\/wp\/v2\/pages\/8700"}],"wp:attachment":[{"href":"https:\/\/ffri.uniri.hr\/en\/wp-json\/wp\/v2\/media?parent=8547"}],"curies":[{"name":"wp","href":"https:\/\/api.w.org\/{rel}","templated":true}]}}