{"id":8564,"date":"2021-09-28T07:37:40","date_gmt":"2021-09-28T07:37:40","guid":{"rendered":"https:\/\/ffri.uniri.hr\/?page_id=8564"},"modified":"2024-10-01T12:37:20","modified_gmt":"2024-10-01T12:37:20","slug":"croatian-language-and-literature-joint-honours","status":"publish","type":"page","link":"https:\/\/ffri.uniri.hr\/en\/education\/study-programmes\/undergraduate-study-programmes\/croatian-language-and-literature-joint-honours\/","title":{"rendered":"Croatian Language and Literature (Joint honours)"},"content":{"rendered":"<div class=\"wp-block-ub-content-toggle wp-block-ub-content-toggle-block\" id=\"ub-content-toggle-block-5acc2237-d990-42e7-87b5-9a91f8a8faa0\" data-mobilecollapse=\"false\" data-desktopcollapse=\"true\" data-preventcollapse=\"false\" data-showonlyone=\"false\">\n<div class=\"wp-block-ub-content-toggle-accordion\" style=\"border-color: #f1f1f1;\" id=\"ub-content-toggle-panel-block-9cea8bac-59c0-4f92-88c5-0ccfe5b2156e\">\n\t\t\t<div class=\"wp-block-ub-content-toggle-accordion-title-wrap\" style=\"background-color: #f1f1f1;\" aria-controls=\"ub-content-toggle-panel-0-5acc2237-d990-42e7-87b5-9a91f8a8faa0\" tabindex=\"0\">\n\t\t\t<p class=\"wp-block-ub-content-toggle-accordion-title ub-content-toggle-title-5acc2237-d990-42e7-87b5-9a91f8a8faa0\" style=\"color: #000000; \">General information<\/p>\n\t\t\t<div class=\"wp-block-ub-content-toggle-accordion-toggle-wrap right\" style=\"color: #000000;\"><span class=\"wp-block-ub-content-toggle-accordion-state-indicator wp-block-ub-chevron-down\"><\/span><\/div>\n\t\t<\/div>\n\t\t\t<div role=\"region\" aria-expanded=\"false\" class=\"wp-block-ub-content-toggle-accordion-content-wrap ub-hide\" id=\"ub-content-toggle-panel-0-5acc2237-d990-42e7-87b5-9a91f8a8faa0\">\n\n<figure class=\"wp-block-table\"><table><tbody><tr><td>Study programme title<\/td><td>Bachelor&#8217;s degree (B.A.) programme in <em>Croatian Language and Literature<\/em> (Joint Honours)<\/td><\/tr><tr><td>Type of study programme<\/td><td>University<\/td><\/tr><tr><td>Duration<\/td><td>3 years (6 semesters)<\/td><\/tr><tr><td>ECTS<\/td><td>90 ECTS<\/td><\/tr><tr><td>Academic qualification<\/td><td>Bachelor of Arts in Croatian Language and Literature (<em>univ. bacc. philol. croat<\/em>)<\/td><\/tr><tr><td>Title and qualification code in the C.Q.F. Register<\/td><td>&#8211;<\/td><\/tr><tr><td>Study completion requirements<\/td><td>Passing all the exams and successfully completing the undergraduate dissertation.<\/td><\/tr><tr><td>Possibilities of continuing education<\/td><td>At the Faculty of Humanities and Social Sciences, students can enrol on the M.A. in <em>Croatian Language and Literature <\/em>(Joint Honours, Modules: General or Teaching).<\/td><\/tr><tr><td>Employment possibilities<\/td><td>Students will have acquired skills for editorial work, literary-criticism, editing and proofreading, as well as journalism, protocol work, cultural management, public relations, etc.<\/td><\/tr><tr><td>Enrolment Conditions<\/td><td>Further details about enrolment can be found on: <a href=\"https:\/\/www.postani-student.hr\/Ucilista\/Default.aspx\" target=\"_blank\" rel=\"noreferrer noopener\">Postani student<\/a><strong><\/strong><\/td><\/tr><\/tbody><\/table><\/figure>\n\n<\/div>\n\t\t<\/div>\n\n<div class=\"wp-block-ub-content-toggle-accordion\" style=\"border-color: #f1f1f1;\" id=\"ub-content-toggle-panel-block-eb947e97-eef9-4ce4-9008-4be9de22e345\">\n\t\t\t<div class=\"wp-block-ub-content-toggle-accordion-title-wrap\" style=\"background-color: #f1f1f1;\" aria-controls=\"ub-content-toggle-panel-1-5acc2237-d990-42e7-87b5-9a91f8a8faa0\" tabindex=\"0\">\n\t\t\t<p class=\"wp-block-ub-content-toggle-accordion-title ub-content-toggle-title-5acc2237-d990-42e7-87b5-9a91f8a8faa0\" style=\"color: #000000; \">Course list<\/p>\n\t\t\t<div class=\"wp-block-ub-content-toggle-accordion-toggle-wrap right\" style=\"color: #000000;\"><span class=\"wp-block-ub-content-toggle-accordion-state-indicator wp-block-ub-chevron-down\"><\/span><\/div>\n\t\t<\/div>\n\t\t\t<div role=\"region\" aria-expanded=\"false\" class=\"wp-block-ub-content-toggle-accordion-content-wrap ub-hide\" id=\"ub-content-toggle-panel-1-5acc2237-d990-42e7-87b5-9a91f8a8faa0\">\n\n<figure class=\"wp-block-table\"><table><tbody><tr><td><em>\u00a0<\/em><\/td><td><strong>Year 1<\/strong><em><\/em><\/td><td><em>\u00a0<\/em><\/td><td><em>\u00a0<\/em><\/td><\/tr><tr><td><strong>Semester I <\/strong><em><\/em><\/td><td><em>\u00a0<\/em><\/td><td><strong>Semester II <\/strong><em><\/em><\/td><td><em>\u00a0<\/em><\/td><\/tr><tr><td>Old Slavic Language<\/td><td>4 ECTS<\/td><td>Phonology of Standard Croatian<\/td><td>3 ECTS<\/td><\/tr><tr><td>Theory of Language<\/td><td>3 ECTS<\/td><td>Croatian Medieval and Renaissance Literature<\/td><td>4 ECTS<\/td><\/tr><tr><td>Introduction to the Science of Literature 1 \u00a0<\/td><td>3 ECTS<\/td><td>History of the Croatian Language<\/td><td>4 ECTS<\/td><\/tr><tr><td>Physical Education 1<\/td><td>1 ECTS<\/td><td>Introduction to the Science of Literature 2<\/td><td>3 ECTS<\/td><\/tr><tr><td>Physical Education 1<\/td><td>1 ECTS<\/td><td>Physical Education 2<\/td><td>1 ECTS<\/td><\/tr><tr><td>Elective Course<\/td><td>3 ECTS<\/td><td>Elective Course<\/td><td>3 ECTS<\/td><\/tr><tr><td><em>\u00a0<\/em><\/td><td><strong>Year 2 <\/strong><em><\/em><\/td><td><em>\u00a0<\/em><\/td><td><em>\u00a0<\/em><\/td><\/tr><tr><td><strong>Semester III<\/strong><em><\/em><\/td><td><strong>\u00a0<\/strong><\/td><td><strong>Semester IV <\/strong><em><\/em><\/td><td><em>\u00a0<\/em><\/td><\/tr><tr><td>Dialectology of the Croatian language<\/td><td>4 ECTS<\/td><td>Lexicology of Standard Croatian<\/td><td>3 ECTS<\/td><\/tr><tr><td>Croatian Literary Baroque and the Enlightenment<\/td><td>3 ECTS<\/td><td>Syntax of Standard Croatian<\/td><td>4 ECTS<\/td><\/tr><tr><td>Language seminar<\/td><td>2 ECTS<\/td><td>World Literature to Romanticism<\/td><td>4 ECTS<\/td><\/tr><tr><td>Morphology and Derivation Morphology in Standard Croatian<\/td><td>4 ECTS<\/td><td>Physical Education 4<\/td><td>1 ECTS<\/td><\/tr><tr><td>Physical Education 3<\/td><td>1 ECTS<\/td><td>Elective Course<\/td><td>3 ECTS<\/td><\/tr><tr><td>Elective Course<\/td><td>3 ECTS<\/td><td>\u00a0<\/td><td>\u00a0<\/td><\/tr><tr><td><em>\u00a0<\/em><\/td><td><strong>Year 3<\/strong><em><\/em><\/td><td><\/td><td><em>\u00a0<\/em><\/td><\/tr><tr><td><strong>Semester V<\/strong><em><\/em><\/td><td><em>\u00a0<\/em><\/td><td><strong>Semester VI <\/strong><em><\/em><\/td><td><em>\u00a0<\/em><\/td><\/tr><tr><td>Croatian Literature from Romanticism to Modernity<\/td><td>4 ECTS<\/td><td>Croatian Literature after Modernity<\/td><td>3 ECTS<\/td><\/tr><tr><td>Forms of Croatian Oral literature<\/td><td>4 ECTS<\/td><td>Concepts in Stylistics<\/td><td>3 ECTS<\/td><\/tr><tr><td>World Literature from Romanticism To Contemporary Times<\/td><td>4 ECTS<\/td><td>Textual Linguistics<\/td><td>3 ECTS<\/td><\/tr><tr><td>Elective course<\/td><td>3 ECTS<\/td><td>Elective Course<\/td><td>3 ECTS<\/td><\/tr><tr><td>\u00a0<\/td><td>\u00a0<\/td><td>Undergraduate Dissertation<\/td><td>3 ECTS<\/td><\/tr><\/tbody><\/table><\/figure>\n\n\n\n<figure class=\"wp-block-table\"><table><tbody><tr><td><strong>Elective Courses<\/strong><br><strong>(The offer of elective courses will be decided and specified in the syllabus for each academic year)<\/strong><\/td><td><em>\u00a0<\/em><\/td><\/tr><tr><td>Andrija Ka\u010di\u0107 Mio\u0161i\u0107 and his Followers<\/td><td>3 ECTS<\/td><\/tr><tr><td>Avant-garde in Croatian Modern Works<\/td><td>3 ECTS<\/td><\/tr><tr><td>Basics of Filming and Editing<\/td><td>3 ECTS<\/td><\/tr><tr><td>Chakavian\/Kajkavian\/Shtokavian Dialect (cyclical)<\/td><td>3 ECTS<\/td><\/tr><tr><td>Controversial Places in Croatian Literature<\/td><td>3 ECTS<\/td><\/tr><tr><td>Croatian Culture and Civilisation<\/td><td>3 ECTS<\/td><\/tr><tr><td>Croatian Historical and New-historical Novel<\/td><td>3 ECTS<\/td><\/tr><tr><td>Croatian Historical Drama in the Renaissance<\/td><td>3 ECTS<\/td><\/tr><tr><td>Croatian Humanism and Latinism<\/td><td>3 ECTS<\/td><\/tr><tr><td>Croatian Literary Language in the 16<sup>th<\/sup> Century<\/td><td>3 ECTS<\/td><\/tr><tr><td>Croatian Literary Language in the 17<sup>th<\/sup> Century<\/td><td>3 ECTS<\/td><\/tr><tr><td>Croatian Literary Language in the 18<sup>th<\/sup> Century<\/td><td>3 ECTS<\/td><\/tr><tr><td>Croatian Literary Language in the 19<sup>th<\/sup> Century<\/td><td>3 ECTS<\/td><\/tr><tr><td>Croatian Literature and other Literatures in the 19<sup>th<\/sup> and 20<sup>th<\/sup> Centuries<\/td><td>3 ECTS<\/td><\/tr><tr><td>Croatian Literature and the European Middle Ages<\/td><td>3 ECTS<\/td><\/tr><tr><td>Croatian Love Lyric Poetry of the 15th and 16th Centuries<\/td><td>3 ECTS<\/td><\/tr><tr><td>Croatian Orthographic Standards<\/td><td>3 ECTS<\/td><\/tr><tr><td>Croatian Picaresque Novels<\/td><td>3 ECTS<\/td><\/tr><tr><td>Croatian Short Story<\/td><td>3 ECTS<\/td><\/tr><tr><td>Dialectology of the Croatian Language: Field Research<\/td><td>3 ECTS<\/td><\/tr><tr><td>Digital Humanities in Literary Research<\/td><td>3 ECTS<\/td><\/tr><tr><td>Genres in the Enlightenment<\/td><td>3 ECTS<\/td><\/tr><tr><td>Glagolitic Monuments in North Croatian Coastal Areas and Istria<\/td><td>3 ECTS<\/td><\/tr><tr><td>History and Structure of the Crime Novel<\/td><td>3 ECTS<\/td><\/tr><tr><td>History of Croatian Oral Literature<\/td><td>3 ECTS<\/td><\/tr><tr><td>History of Film<\/td><td>3 ECTS<\/td><\/tr><tr><td>History of Linguistics<\/td><td>3 ECTS<\/td><\/tr><tr><td>History of the Novel<\/td><td>3 ECTS<\/td><\/tr><tr><td>Hungarian Language 1<\/td><td>3 ECTS<\/td><\/tr><tr><td>Hungarian Language 2<\/td><td>3 ECTS<\/td><\/tr><tr><td>Hungarian Language 3<\/td><td>3 ECTS<\/td><\/tr><tr><td>Hungarian Language 4<\/td><td>3 ECTS<\/td><\/tr><tr><td>Intercultural Context of Recent Croatian literature<\/td><td>3 ECTS<\/td><\/tr><tr><td>Interpreting the Novel<\/td><td>3 ECTS<\/td><\/tr><tr><td>Introduction to Comics<\/td><td>3 ECTS<\/td><\/tr><tr><td>Introduction to Hungarian Culture and Civilization<\/td><td>3 ECTS<\/td><\/tr><tr><td>Introduction to Phraseology<\/td><td>3 ECTS<\/td><\/tr><tr><td>Introduction to the Theory of Film<\/td><td>3 ECTS<\/td><\/tr><tr><td>Introduction to Theatre Studies<\/td><td>3 ECTS<\/td><\/tr><tr><td>Korean Culture and Civilization<\/td><td>3 ECTS<\/td><\/tr><tr><td>Korean language 1<\/td><td>3 ECTS<\/td><\/tr><tr><td>Korean Language 2<\/td><td>3 ECTS<\/td><\/tr><tr><td>Linguistic Stratifications and Norms<\/td><td>3 ECTS<\/td><\/tr><tr><td>Literary Theory Colloquium<\/td><td>3 ECTS<\/td><\/tr><tr><td>Literary Works of Marija Juri\u0107 Zagorka<\/td><td>3 ECTS<\/td><\/tr><tr><td>Lyrics<\/td><td>3 ECTS<\/td><\/tr><tr><td>Macedonian Culture and Civilization<\/td><td>3 ECTS<\/td><\/tr><tr><td>Macedonian Language 5<\/td><td>3 ECTS<\/td><\/tr><tr><td>Macedonian Literature of the 19<sup>th<\/sup> and 20<sup>th<\/sup> centuries<\/td><td>3 ECTS<\/td><\/tr><tr><td>Methodology in Producing Academic and Professional work<\/td><td>3 ECTS<\/td><\/tr><tr><td>Narrator and Character<\/td><td>3 ECTS<\/td><\/tr><tr><td>Oral Narrative Forms<\/td><td>3 ECTS<\/td><\/tr><tr><td>Polish Culture and Civilization<\/td><td>3 ECTS<\/td><\/tr><tr><td>Polish Language 5<\/td><td>3 ECTS<\/td><\/tr><tr><td>Polish Language for non-Philologists<\/td><td>3 ECTS<\/td><\/tr><tr><td>Polish Literature of the 19<sup>th<\/sup> and 20<sup>th<\/sup> centuries<\/td><td>3 ECTS<\/td><\/tr><tr><td>Post-Yugoslav Literature<\/td><td>3 ECTS<\/td><\/tr><tr><td>Reading \/ Analysis of Media Texts<\/td><td>3 ECTS<\/td><\/tr><tr><td>Rijeka in Stories<\/td><td>3 ECTS<\/td><\/tr><tr><td>Science Fiction<\/td><td>3 ECTS<\/td><\/tr><tr><td>Selected Topics from Contemporary Macedonian Literature<\/td><td>3 ECTS<\/td><\/tr><tr><td>Slavic Language 1<\/td><td>3 ECTS<\/td><\/tr><tr><td>Slavic Language 2<\/td><td>3 ECTS<\/td><\/tr><tr><td>Slavic Language 3<\/td><td>3 ECTS<\/td><\/tr><tr><td>Slavic Language 4<\/td><td>3 ECTS<\/td><\/tr><tr><td>Slavic Script<\/td><td>3 ECTS<\/td><\/tr><tr><td>Slovenian Language 1<\/td><td>3 ECTS<\/td><\/tr><tr><td>Slovenian Language 2<\/td><td>3 ECTS<\/td><\/tr><tr><td>Slovenian Language 3<\/td><td>3 ECTS<\/td><\/tr><tr><td>Slovenian Language 4<\/td><td>3 ECTS<\/td><\/tr><tr><td>Stylistic Analysis<\/td><td>3 ECTS<\/td><\/tr><tr><td>Stylistic Methods and Application<\/td><td>3 ECTS<\/td><\/tr><tr><td>Text and Context of Contemporary Croatian prose<\/td><td>3 ECTS<\/td><\/tr><tr><td>The Novel in the \u0160enoa Period<\/td><td>3 ECTS<\/td><\/tr><tr><td>The Novella in Croatian Modernity<\/td><td>3 ECTS<\/td><\/tr><tr><td>Women&#8217;s Writing<\/td><td>3 ECTS<\/td><\/tr><\/tbody><\/table><\/figure>\n\n<\/div>\n\t\t<\/div>\n\n<div class=\"wp-block-ub-content-toggle-accordion\" style=\"border-color: #f1f1f1;\" id=\"ub-content-toggle-panel-block-117eba4c-f2ec-42e4-922d-89746dba105e\">\n\t\t\t<div class=\"wp-block-ub-content-toggle-accordion-title-wrap\" style=\"background-color: #f1f1f1;\" aria-controls=\"ub-content-toggle-panel-2-5acc2237-d990-42e7-87b5-9a91f8a8faa0\" tabindex=\"0\">\n\t\t\t<p class=\"wp-block-ub-content-toggle-accordion-title ub-content-toggle-title-5acc2237-d990-42e7-87b5-9a91f8a8faa0\" style=\"color: #000000; \">Learning outcomes<\/p>\n\t\t\t<div class=\"wp-block-ub-content-toggle-accordion-toggle-wrap right\" style=\"color: #000000;\"><span class=\"wp-block-ub-content-toggle-accordion-state-indicator wp-block-ub-chevron-down\"><\/span><\/div>\n\t\t<\/div>\n\t\t\t<div role=\"region\" aria-expanded=\"false\" class=\"wp-block-ub-content-toggle-accordion-content-wrap ub-hide\" id=\"ub-content-toggle-panel-2-5acc2237-d990-42e7-87b5-9a91f8a8faa0\">\n\n<h3 class=\"wp-block-heading\">Core learning outcomes<\/h3>\n\n\n\n<figure class=\"wp-block-table\"><table><thead><tr><th>Collective learning outcomes<\/th><th>Individual learning outcomes<\/th><\/tr><\/thead><tbody><tr><td>THEORY OF LANGUAGE AND CONTEMPORARY STANDARD CROATIAN<\/td><td>1. Apply primary linguistic concepts.<br>2. Present all levels of grammatical description.<br>3. Apply linguistic norms in standard Croatian at all language levels, in both written and oral texts of all functional styles and discourse types.<br>4. Analyse deviations from the linguistic norms in standard Croatian at all language levels, in both written and oral texts of all functional styles and discourse types.<br>5. Evaluate the characteristics of linguistic culture in different communication situations.<\/td><\/tr><tr><td>DIACHRONIC GROUP OF LANGUAGE COURSES<\/td><td>1. Apply basic terminology related to the research of the Old Slavic language, diachronic linguistics, the history of Croatian literary language, and dialectology.<br>2. Interpret the circumstances and genesis of the first Slavic literary language and Slavic scripts.<br>3. Analyse the linguistic and stylistic characteristics of texts written in Old Church Slavic canon.<br>4. Distinguish between linguistic features in contemporary Croatian language systems with respect to their degree of conservatism or innovativeness.<br>5. Explain the process of the standardisation of the Croatian language in all stages of its development.<br>6. Distinguish between the Chakavian, Kajkavian and Shtokavian dialects.<br>7. Describe the characteristics of dialects in the Croatian language at the diachronic and synchronic levels.<\/td><\/tr><tr><td>LITERARY THEORY<\/td><td>1. Apply foundational terminology from literary theory.<br>2. Interpret the structural characteristics of the literary genre and the key concepts used in its analysis.<br>3. Outline the theoretical and historical validity of terminological issues as instruments of systematic and explained perspectives on literary texts.<br>4. Critically evaluate the poetic status of literary forms in different literary periods and systems.<\/td><\/tr><tr><td>STYLISTICS<\/td><td>1. Apply basic terminology and theoretical knowledge from stylistics when analysing and evaluating texts of different discursive types.<br>2. Analyse literary texts using literary and discourse stylistic methodology.<br>3. Recognise and determine at what linguistic levels the stylogenicity of a particular text is realised.<br>4. Critically determine and evaluate media discourse using the methodological apparatus of critical and feminist stylistics.<\/td><\/tr><tr><td>CROATIAN AND GLOBAL LITERATURE<\/td><td>1. Apply basic terminology related to the study of Croatian and global literature in all periods and styles.<br>2. Present and show significant authors, works and oeuvres of Croatian and global literature.<br>3. Analyse and interpret the poetic, stylistic, genre, authorial and reception characteristics of representative works of Croatian and global literature of all periods and styles.<br>4. Compare Croatian and global literature from all periods and styles.<br>5. Show the correlations between works of global literature with other artistic, scientific, economic, political, social, and general cultural content.<br>6. Explain the relationship between literature and the other arts in the formation of culture.<\/td><\/tr><tr><td>ORAL LITERATURE<\/td><td>1. Apply the basic terminology related to the study of Croatian oral literature.<br>2. Analyse and interpret oral literary genres in representative and anthological examples of Croatian oral literary texts.<br>3. Compare different types of oral literary texts within the genre system and their thematic-motive, structural and stylistic features using examples of Croatian and global oral literature.<br>4. Critically evaluate the connections between an oral literary text and its customary, mythological, religious, and socio-historical context(s).<\/td><\/tr><\/tbody><\/table><\/figure>\n\n\n\n<h3 class=\"wp-block-heading\">Elective learning outcomes<\/h3>\n\n\n\n<figure class=\"wp-block-table\"><table><thead><tr><th>Collective learning outcomes<\/th><th>Individual learning outcomes<\/th><\/tr><\/thead><tbody><tr><td>SLAVIC LANGUAGE<\/td><td>1. Use at least one Slavic language (Polish, Macedonian, Slovenian) in listening, speaking, reading, and writing (in accordance with the number of semesters).<br>2. Understand different Slavic cultures in both the past and present<\/td><\/tr><\/tbody><\/table><\/figure>\n\n<\/div>\n\t\t<\/div>\n<\/div>","protected":false},"excerpt":{"rendered":"","protected":false},"author":4,"featured_media":0,"parent":8558,"menu_order":4,"comment_status":"closed","ping_status":"closed","template":"","meta":{"_acf_changed":false,"ub_ctt_via":"","footnotes":""},"class_list":["post-8564","page","type-page","status-publish","hentry"],"acf":[],"featured_image_src":null,"_links":{"self":[{"href":"https:\/\/ffri.uniri.hr\/en\/wp-json\/wp\/v2\/pages\/8564","targetHints":{"allow":["GET"]}}],"collection":[{"href":"https:\/\/ffri.uniri.hr\/en\/wp-json\/wp\/v2\/pages"}],"about":[{"href":"https:\/\/ffri.uniri.hr\/en\/wp-json\/wp\/v2\/types\/page"}],"author":[{"embeddable":true,"href":"https:\/\/ffri.uniri.hr\/en\/wp-json\/wp\/v2\/users\/4"}],"replies":[{"embeddable":true,"href":"https:\/\/ffri.uniri.hr\/en\/wp-json\/wp\/v2\/comments?post=8564"}],"version-history":[{"count":10,"href":"https:\/\/ffri.uniri.hr\/en\/wp-json\/wp\/v2\/pages\/8564\/revisions"}],"predecessor-version":[{"id":14513,"href":"https:\/\/ffri.uniri.hr\/en\/wp-json\/wp\/v2\/pages\/8564\/revisions\/14513"}],"up":[{"embeddable":true,"href":"https:\/\/ffri.uniri.hr\/en\/wp-json\/wp\/v2\/pages\/8558"}],"wp:attachment":[{"href":"https:\/\/ffri.uniri.hr\/en\/wp-json\/wp\/v2\/media?parent=8564"}],"curies":[{"name":"wp","href":"https:\/\/api.w.org\/{rel}","templated":true}]}}