{"id":8714,"date":"2021-09-29T11:25:34","date_gmt":"2021-09-29T11:25:34","guid":{"rendered":"https:\/\/ffri.uniri.hr\/?page_id=8714"},"modified":"2025-10-01T11:14:10","modified_gmt":"2025-10-01T11:14:10","slug":"deans-collegium","status":"publish","type":"page","link":"https:\/\/ffri.uniri.hr\/en\/about-the-faculty\/organisation\/deans-collegium\/","title":{"rendered":"Dean&#8217;s Collegium"},"content":{"rendered":"\n<h3 class=\"wp-block-heading\">Dean<\/h3>\n\n\n\n<ul class=\"wp-block-list\">\n<li>Professor <strong>Barbara Kalebi\u0107 Maglica<\/strong>, PhD\n<ul class=\"wp-block-list\">\n<li>tel: 051\/265-606<\/li>\n\n\n\n<li>e-mail: <a href=\"mailto:barbarakm@ffri.uniri.hr\" data-type=\"mailto\" data-id=\"mailto:barbarakm@ffri.uniri.hr\" target=\"_blank\" rel=\"noreferrer noopener\">barbarakm@ffri.uniri.hr<\/a><\/li>\n\n\n\n<li>F-215&nbsp;\u202f&nbsp;<\/li>\n<\/ul>\n<\/li>\n<\/ul>\n\n\n\n<h4 class=\"wp-block-heading\">Vice Dean for Teaching and Students<\/h4>\n\n\n\n<ul class=\"wp-block-list\">\n<li>Dr. <strong>Anastazija Vlasteli\u0107<\/strong>, Assoc. Prof.\n<ul class=\"wp-block-list\">\n<li>tel: 051\/265-683&nbsp;<\/li>\n\n\n\n<li>e-mail: <a href=\"mailto:avlastelic@ffri.uniri.hr\" data-type=\"mailto\" data-id=\"mailto:avlastelic@ffri.uniri.hr\" target=\"_blank\" rel=\"noreferrer noopener\">avlastelic@ffri.uniri.hr<\/a><\/li>\n\n\n\n<li>F-219<\/li>\n<\/ul>\n<\/li>\n<\/ul>\n\n\n\n<h4 class=\"wp-block-heading\">Vice Dean for Research and International Cooperation<\/h4>\n\n\n\n<ul class=\"wp-block-list\">\n<li>Dr. <strong>Tamara Mohori\u0107<\/strong>, Assoc. Prof.\n<ul class=\"wp-block-list\">\n<li>tel: 051\/265-774&nbsp;<\/li>\n\n\n\n<li>e-mail: <a href=\"mailto:tmohoric@ffri.uniri.hr\" data-type=\"mailto\" data-id=\"mailto:tmohoric@ffri.uniri.hr\" target=\"_blank\" rel=\"noreferrer noopener\">tmohoric@ffri.uniri.hr<\/a><\/li>\n\n\n\n<li>F-216<\/li>\n<\/ul>\n<\/li>\n<\/ul>\n\n\n\n<h4 class=\"wp-block-heading\">Vice Dean for Business Affairs and Development<\/h4>\n\n\n\n<ul class=\"wp-block-list\">\n<li>Dr.\u202f<strong>Boris Ru\u017ei\u0107<\/strong>, Assist. Prof.\n<ul class=\"wp-block-list\">\n<li>tel: 051\/265-702&nbsp;<\/li>\n\n\n\n<li>e-mail: <a href=\"mailto:bruzic@ffri.uniri.hr\" data-type=\"mailto\" data-id=\"mailto:bruzic@ffri.uniri.hr\" target=\"_blank\" rel=\"noreferrer noopener\">bruzic@ffri.uniri.hr<\/a><\/li>\n\n\n\n<li>F-218<\/li>\n<\/ul>\n<\/li>\n<\/ul>\n\n\n\n<h4 class=\"wp-block-heading\"><strong>Vice Dean for Study Programmes and Quality Assurance<\/strong><\/h4>\n\n\n\n<ul class=\"wp-block-list\">\n<li>Dr. \u202f<strong>Dubravka Bo\u017ei\u0107 Bogovi\u0107<\/strong>, Assoc. Prof.\n<ul class=\"wp-block-list\">\n<li>tel: 051\/265-733&nbsp;<\/li>\n\n\n\n<li>e-mail: <a href=\"mailto:d.bozic@ffri.uniri.hr\" target=\"_blank\" rel=\"noreferrer noopener\">d.bozic@ffri.uniri.hr&nbsp;<\/a><\/li>\n\n\n\n<li>F-217<\/li>\n<\/ul>\n<\/li>\n<\/ul>\n\n\n\n<h4 class=\"wp-block-heading\">Secretary general<\/h4>\n\n\n\n<ul class=\"wp-block-list\">\n<li>Mirko Korotaj, mag. iur.\n<ul class=\"wp-block-list\">\n<li>tel: 051\/265-612<\/li>\n\n\n\n<li>e-mail: <a href=\"mailto:mirko.korotaj@ffri.uniri.hr\">mirko.korotaj@ffri.uniri.hr<\/a><\/li>\n\n\n\n<li>F-213<\/li>\n<\/ul>\n<\/li>\n<\/ul>\n","protected":false},"excerpt":{"rendered":"<p>Dean Vice Dean for Teaching and Students Vice Dean for Research and International Cooperation Vice Dean for Business Affairs and Development Vice Dean for Study Programmes and Quality Assurance Secretary general<\/p>\n","protected":false},"author":4,"featured_media":0,"parent":8712,"menu_order":1,"comment_status":"closed","ping_status":"closed","template":"","meta":{"_acf_changed":false,"ub_ctt_via":"","footnotes":""},"class_list":["post-8714","page","type-page","status-publish","hentry"],"acf":[],"featured_image_src":null,"_links":{"self":[{"href":"https:\/\/ffri.uniri.hr\/en\/wp-json\/wp\/v2\/pages\/8714","targetHints":{"allow":["GET"]}}],"collection":[{"href":"https:\/\/ffri.uniri.hr\/en\/wp-json\/wp\/v2\/pages"}],"about":[{"href":"https:\/\/ffri.uniri.hr\/en\/wp-json\/wp\/v2\/types\/page"}],"author":[{"embeddable":true,"href":"https:\/\/ffri.uniri.hr\/en\/wp-json\/wp\/v2\/users\/4"}],"replies":[{"embeddable":true,"href":"https:\/\/ffri.uniri.hr\/en\/wp-json\/wp\/v2\/comments?post=8714"}],"version-history":[{"count":11,"href":"https:\/\/ffri.uniri.hr\/en\/wp-json\/wp\/v2\/pages\/8714\/revisions"}],"predecessor-version":[{"id":17162,"href":"https:\/\/ffri.uniri.hr\/en\/wp-json\/wp\/v2\/pages\/8714\/revisions\/17162"}],"up":[{"embeddable":true,"href":"https:\/\/ffri.uniri.hr\/en\/wp-json\/wp\/v2\/pages\/8712"}],"wp:attachment":[{"href":"https:\/\/ffri.uniri.hr\/en\/wp-json\/wp\/v2\/media?parent=8714"}],"curies":[{"name":"wp","href":"https:\/\/api.w.org\/{rel}","templated":true}]}}