{"id":8720,"date":"2021-09-29T11:28:58","date_gmt":"2021-09-29T11:28:58","guid":{"rendered":"https:\/\/ffri.uniri.hr\/?page_id=8720"},"modified":"2023-05-22T07:40:20","modified_gmt":"2023-05-22T07:40:20","slug":"department-of-philosophy","status":"publish","type":"page","link":"https:\/\/ffri.uniri.hr\/en\/about-the-faculty\/organisation\/departments-and-divisions\/department-of-philosophy\/","title":{"rendered":"Department of Philosophy"},"content":{"rendered":"<div class=\"wp-block-ub-content-toggle wp-block-ub-content-toggle-block\" id=\"ub-content-toggle-block-d58a46ab-2e53-4474-97f5-5f2dbdf30428\" data-mobilecollapse=\"false\" data-desktopcollapse=\"true\" data-preventcollapse=\"false\" data-showonlyone=\"false\">\n<div class=\"wp-block-ub-content-toggle-accordion\" style=\"border-color: #f1f1f1;\" id=\"ub-content-toggle-panel-block-\">\n\t\t\t<div class=\"wp-block-ub-content-toggle-accordion-title-wrap\" style=\"background-color: #f1f1f1;\" aria-controls=\"ub-content-toggle-panel-0-d58a46ab-2e53-4474-97f5-5f2dbdf30428\" tabindex=\"0\">\n\t\t\t<p class=\"wp-block-ub-content-toggle-accordion-title ub-content-toggle-title-d58a46ab-2e53-4474-97f5-5f2dbdf30428\" style=\"color: #000000; \">Contacts<\/p>\n\t\t\t<div class=\"wp-block-ub-content-toggle-accordion-toggle-wrap right\" style=\"color: #000000;\"><span class=\"wp-block-ub-content-toggle-accordion-state-indicator wp-block-ub-chevron-down\"><\/span><\/div>\n\t\t<\/div>\n\t\t\t<div role=\"region\" aria-expanded=\"false\" class=\"wp-block-ub-content-toggle-accordion-content-wrap ub-hide\" id=\"ub-content-toggle-panel-0-d58a46ab-2e53-4474-97f5-5f2dbdf30428\">\n\n<figure class=\"wp-block-table\"><table><thead><tr><th><\/th><th>Name<\/th><th>Room<\/th><th>E-mail<\/th><th>Telephone<\/th><\/tr><\/thead><tbody><tr><td><strong>Head of Department<\/strong><\/td><td>Dr. Ana Gavran Milo\u0161, Assist. Prof.<\/td><td>F-426<\/td><td><a href=\"mailto:anag@ffri.uniri.hr\">anag@ffri.uniri.hr<\/a><\/td><td>051\/265-640<\/td><\/tr><tr><td><strong>Secretary<\/strong><\/td><td>Gordana D\u017eelalija<\/td><td>F-419<\/td><td><a href=\"mailto:gordana.dzelalija@ffri.uniri.hr\">gordana.dzelalija@ffri.uniri.hr<\/a><\/td><td>051\/265-638<\/td><\/tr><tr><td><strong>First-year Academic Advisor<\/strong><\/td><td>Dr. Iris Vidmar Jovanovi\u0107, Assoc. Prof.<\/td><td>F-425<\/td><td><a href=\"mailto:ividmar@ffri.uniri.hr\">ividmar@ffri.uniri.hr<\/a><\/td><td>051\/265-639<\/td><\/tr><tr><td><strong>Erasmus Co-ordinator<\/strong><\/td><td>Aleksandar Bo\u017ei\u0107, Research Assistant Iva Martini\u0107, Research Assistant<\/td><td>F-415 F-424<\/td><td><a href=\"mailto:aleksadar.bozic@ffri.uniri.hr\">aleksadar.bozic@ffri.uniri.hr<\/a> <a href=\"mailto:iva.martinic@ffri.uniri.hr\">iva.martinic@ffri.uniri.hr<\/a>\u00a0\u00a0<\/td><td>051\/265-642 051\/265-646<\/td><\/tr><tr><td><strong>ECTS Co-ordinator<\/strong><\/td><td>Aleksandar Bo\u017ei\u0107, Research Assistant Iva Martini\u0107, Research Assistant<\/td><td>F-415 F-424<\/td><td><a href=\"mailto:aleksadar.bozic@ffri.uniri.hr\">aleksadar.bozic@ffri.uniri.hr<\/a> <a href=\"mailto:iva.martinic@ffri.uniri.hr\">iva.martinic@ffri.uniri.hr<\/a> \u00a0\u00a0<\/td><td>051\/265-642 051\/265-646<\/td><\/tr><tr><td><strong>Research Co-ordinator<\/strong><\/td><td>Dr. Filip \u010ce\u010d, Assist. Prof.<\/td><td>F-424<\/td><td><a href=\"mailto:fcec@ffri.uniri.hr\">fcec@ffri.uniri.hr<\/a><\/td><td>051\/265-649<\/td><\/tr><\/tbody><\/table><\/figure>\n\n\n\n<p><a href=\"https:\/\/ffri.uniri.hr\/o-fakultetu\/ustroj\/odsjeci-i-katedre\/odsjek-za-filozofiju\/\">Web site<\/a><\/p>\n\n\n\n<p><a rel=\"noreferrer noopener\" href=\"https:\/\/www.ffri.uniri.hr\/files\/dokumentiodsjeka\/FIL\/Brosura-Filozofija-2022.pdf\" target=\"_blank\">Promotional Material<\/a><\/p>\n\n\n\n<ul class=\"wp-block-social-links is-layout-flex wp-block-social-links-is-layout-flex\"><li class=\"wp-social-link wp-social-link-facebook  wp-block-social-link\"><a rel=\"noopener nofollow\" target=\"_blank\" href=\"https:\/\/www.facebook.com\/Odsjek-za-filozofiju-Filozofskoga-fakulteta-u-Rijeci-102422338369536\" class=\"wp-block-social-link-anchor\"><svg width=\"24\" height=\"24\" viewbox=\"0 0 24 24\" version=\"1.1\" xmlns=\"http:\/\/www.w3.org\/2000\/svg\" aria-hidden=\"true\" focusable=\"false\"><path d=\"M12 2C6.5 2 2 6.5 2 12c0 5 3.7 9.1 8.4 9.9v-7H7.9V12h2.5V9.8c0-2.5 1.5-3.9 3.8-3.9 1.1 0 2.2.2 2.2.2v2.5h-1.3c-1.2 0-1.6.8-1.6 1.6V12h2.8l-.4 2.9h-2.3v7C18.3 21.1 22 17 22 12c0-5.5-4.5-10-10-10z\"><\/path><\/svg><span class=\"wp-block-social-link-label screen-reader-text\">Facebook<\/span><\/a><\/li><\/ul>\n\n<\/div>\n\t\t<\/div>\n\n<div class=\"wp-block-ub-content-toggle-accordion\" style=\"border-color: #f1f1f1;\" id=\"ub-content-toggle-panel-block-\">\n\t\t\t<div class=\"wp-block-ub-content-toggle-accordion-title-wrap\" style=\"background-color: #f1f1f1;\" aria-controls=\"ub-content-toggle-panel-1-d58a46ab-2e53-4474-97f5-5f2dbdf30428\" tabindex=\"0\">\n\t\t\t<p class=\"wp-block-ub-content-toggle-accordion-title ub-content-toggle-title-d58a46ab-2e53-4474-97f5-5f2dbdf30428\" style=\"color: #000000; \">Academic staff<\/p>\n\t\t\t<div class=\"wp-block-ub-content-toggle-accordion-toggle-wrap right\" style=\"color: #000000;\"><span class=\"wp-block-ub-content-toggle-accordion-state-indicator wp-block-ub-chevron-down\"><\/span><\/div>\n\t\t<\/div>\n\t\t\t<div role=\"region\" aria-expanded=\"false\" class=\"wp-block-ub-content-toggle-accordion-content-wrap ub-hide\" id=\"ub-content-toggle-panel-1-d58a46ab-2e53-4474-97f5-5f2dbdf30428\">\n\n<figure class=\"wp-block-table\"><table><thead><tr><th>Name<\/th><th>Room<\/th><th>E-mail<\/th><th>Telephone<\/th><th>Section<\/th><\/tr><\/thead><tbody><tr><td><a href=\"https:\/\/portal.uniri.hr\/portfelj\/1082\">Professor Elvio Baccarini<\/a><\/td><td>F-418<\/td><td><a href=\"mailto:elvio.baccarini@ffri.uniri.hr\">elvio.baccarini@ffri.uniri.hr<\/a><\/td><td>051\/265-641<\/td><td>Ethics and Philosophy of Politics<\/td><\/tr><tr><td><a href=\"https:\/\/portal.uniri.hr\/portfelj\/1230\">Professor Boran Ber\u010di\u0107<\/a><\/td><td>F-416<\/td><td><a href=\"mailto:boran.bercic@ffri.uniri.hr\">boran.bercic@ffri.uniri.hr<\/a><\/td><td>051\/265-644<\/td><td>Metaphysics; Hisotry of Philosophy<\/td><\/tr><tr><td><a href=\"https:\/\/portal.uniri.hr\/portfelj\/1104\">Professor Aleksandra Golubovi\u0107<\/a><\/td><td>F-423<\/td><td><a href=\"mailto:aleksandra.golubovic@ffri.uniri.hr\">aleksandra.golubovic@ffri.uniri.hr<\/a><\/td><td>051\/265-643<\/td><td>Methodology; Metaphysics<\/td><\/tr><tr><td><a href=\"https:\/\/portal.uniri.hr\/portfelj\/1541\">Professor Luca Malatesti<\/a><\/td><td>F-422<\/td><td><a href=\"mailto:lmalatesti@ffri.uniri.hr\">lmalatesti@ffri.uniri.hr<\/a><\/td><td>051\/265-650<\/td><td>Methodology; Philosophy of Mind<\/td><\/tr><tr><td><a href=\"https:\/\/portal.uniri.hr\/portfelj\/1135\">Professor Snje\u017eana Priji\u0107-Samar\u017eija<\/a><\/td><td>F-417<\/td><td><a href=\"mailto:prijic@uniri.hr\">prijic@uniri.hr<\/a><\/td><td>051\/265-644<\/td><td>Epistemology and Philosophy of Psychology; History of Philosophy<\/td><\/tr><tr><td><a href=\"https:\/\/portal.uniri.hr\/portfelj\/1551\">Professor Predrag \u0160ustar<\/a><\/td><td>F-413<\/td><td><a href=\"mailto:psustar@ffri.uniri.hr\">psustar@ffri.uniri.hr<\/a><\/td><td>051\/265-601<\/td><td>History of Philosophy; Logic and Theory of Science<\/td><\/tr><tr><td><a href=\"https:\/\/portal.uniri.hr\/portfelj\/732\">Professor Majda Trobok<\/a><\/td><td>F-414<\/td><td><a href=\"mailto:trobok@ffri.uniri.hr\">trobok@ffri.uniri.hr<\/a><\/td><td>051\/265-637<\/td><td>Logic and Theory of Science; Methodology<\/td><\/tr><tr><td><a href=\"https:\/\/portal.uniri.hr\/portfelj\/2388\">Dr. Marko Jurjako<\/a>, Assoc. Prof.<\/td><td>F-422<\/td><td><a href=\"mailto:mjurjako@ffri.uniri.hr\">mjurjako@ffri.uniri.hr<\/a><\/td><td>051\/669-210<\/td><td>Philosophy of Mind; Epistemology and Philosophy of Psychology;<\/td><\/tr><tr><td><a href=\"https:\/\/portal.uniri.hr\/portfelj\/795\">Dr. Iris Vidmar Jovanovi\u0107<\/a>, Assoc. Prof.<\/td><td>F-425<\/td><td><a href=\"mailto:ividmar@ffri.uniri.hr\">ividmar@ffri.uniri.hr<\/a><\/td><td>051\/265-639<\/td><td>Katedra za estetiku, Epistemology and Philosophy of Psychology;<\/td><\/tr><tr><td><a href=\"http:\/\/portal.uniri.hr\/portfelj\/2773\">Dr. Ivan Cerovac, Assist. Prof.<\/a><\/td><td>F-424<\/td><td><a href=\"mailto:icerovac@ffri.uniri.hr\">icerovac@ffri.uniri.hr<\/a><\/td><td>051\/265-646<\/td><td>\u00a0<\/td><\/tr><tr><td><a href=\"https:\/\/portal.uniri.hr\/portfelj\/853\">Dr. Filip \u010ce\u010d<\/a>, Assist. Prof.<\/td><td>F-424<\/td><td><a href=\"mailto:fcec@ffri.uniri.hr\">fcec@ffri.uniri.hr<\/a><\/td><td>051\/265-649<\/td><td>Metaphysics; Philosophy of Mind<\/td><\/tr><tr><td><a href=\"https:\/\/portal.uniri.hr\/portfelj\/933\">Dr. Ana Gavran Milo\u0161<\/a>, Assist. Prof.<\/td><td>F-426<\/td><td><a href=\"mailto:anag@ffri.uniri.hr\">anag@ffri.uniri.hr<\/a><\/td><td>051\/265-640<\/td><td>Aesthetics, History of Philosophy<\/td><\/tr><tr><td><a href=\"https:\/\/portal.uniri.hr\/portfelj\/877\">Dr. Neven Petrovi\u0107<\/a>, Assist. Prof.<\/td><td>F-425<\/td><td><a href=\"mailto:npetrovic@ffri.uniri.hr\">npetrovic@ffri.uniri.hr<\/a><\/td><td>051\/265-647<\/td><td>Ethics and Philosophy of Politics; History of Philosophy<\/td><\/tr><tr><td><a href=\"https:\/\/portal.uniri.hr\/portfelj\/128\">Dr. Neboj\u0161a Zeli\u010d<\/a>, Assist. Prof.<\/td><td>F-426<\/td><td><a href=\"mailto:nzelic@ffri.uniri.hr\">nzelic@ffri.uniri.hr<\/a><\/td><td>051\/265-648<\/td><td>Ethics and Philosophy of Politics; History of Philosophy<\/td><\/tr><tr><td><a href=\"https:\/\/portal.uniri.hr\/portfelj\/2106\">Dr. Zdenka Brzovi\u0107<\/a>, Postdoctoral Fellow<\/td><td>F-413<\/td><td><a href=\"mailto:zdenka@ffri.uniri.hr\">zdenka@ffri.uniri.hr<\/a><\/td><td>051\/265-795<\/td><td>Logic and Theory of Science<\/td><\/tr><tr><td><a href=\"http:\/\/portal.uniri.hr\/portfelj\/3918\">Dr. \u00a0David Gr\u010dki<\/a>, Postdoctoral Fellow<\/td><td>F-427<\/td><td><a href=\"mailto:dgrcki@ffri.uniri.hr\">dgrcki@ffri.uniri.hr<\/a><\/td><td>051\/265-794<\/td><td>Logic and Theory of Science<\/td><\/tr><tr><td><a href=\"http:\/\/portal.uniri.hr\/portfelj\/7335\">Dr. Kristina Leki\u0107 Barun\u010di\u0107<\/a>, Postdoctoral Fellow<\/td><td>F-418<\/td><td><a href=\"mailto:kristinalb@ffri.uniri.hr\">kristinalb@ffri.uniri.hr<\/a><\/td><td>\/<\/td><td>\u00a0<\/td><\/tr><tr><td><a href=\"https:\/\/portal.uniri.hr\/Portfelj\/Details\/4079\">Vito Balorda<\/a>, Research Assistant<\/td><td>F-427<\/td><td><a href=\"mailto:vito.balorda@ffri.uniri.hr\">vito.balorda@ffri.uniri.hr<\/a><\/td><td>051\/265-794<\/td><td>\u00a0<\/td><\/tr><tr><td><a href=\"https:\/\/portal.uniri.hr\/Portfelj\/Details\/7413\">Mladen Bo\u0161njak<\/a>, Research Assistant<\/td><td>F-422<\/td><td><a href=\"mailto:mladen.bosnjak1@ffri.uniri.hr\">mladen.bosnjak1@ffri.uniri.hr<\/a><\/td><td>\/<\/td><td>\u00a0<\/td><\/tr><tr><td><a href=\"https:\/\/portal.uniri.hr\/Portfelj\/Details\/6299\">Aleksandar Bo\u017ei\u0107<\/a>, Research Assistant<\/td><td>F-415<\/td><td><a href=\"mailto:aleksandar.bozic@ffri.uniri.hr\">aleksandar.bozic@ffri.uniri.hr<\/a><\/td><td>051\/265-642<\/td><td>\u00a0<\/td><\/tr><tr><td><a href=\"https:\/\/portal.uniri.hr\/Portfelj\/Details\/2194\">Tamara Crnko<\/a>, Research Assistant<\/td><td>F-427<\/td><td><a href=\"mailto:tamara.crnko@ffri.uniri.hr\">tamara.crnko@ffri.uniri.hr<\/a><\/td><td>051\/265-794<\/td><td>Ethics and Philosophy of Politics<\/td><\/tr><tr><td><a href=\"https:\/\/portal.uniri.hr\/Portfelj\/Index\/3911\">Tomislav \u010cop<\/a>, Teaching Assistant<\/td><td>F-414<\/td><td><a href=\"mailto:tcop1@ffri.uniri.hr\">tcop1@ffri.uniri.hr<\/a><\/td><td>051\/669-211<\/td><td>Logic and Theory of Science<\/td><\/tr><tr><td><a href=\"http:\/\/portal.uniri.hr\/portfelj\/7381\">Iva Martini\u0107<\/a>, Research Assistant<\/td><td>F-424<\/td><td><a href=\"mailto:iva.martinic@ffri.uniri.hr\">iva.martinic@ffri.uniri.hr<\/a><\/td><td>051\/265-646<\/td><td>\u00a0<\/td><\/tr><\/tbody><\/table><\/figure>\n\n<\/div>\n\t\t<\/div>\n<\/div>","protected":false},"excerpt":{"rendered":"","protected":false},"author":4,"featured_media":0,"parent":8716,"menu_order":2,"comment_status":"closed","ping_status":"closed","template":"","meta":{"_acf_changed":false,"ub_ctt_via":"","footnotes":""},"class_list":["post-8720","page","type-page","status-publish","hentry"],"acf":[],"featured_image_src":null,"_links":{"self":[{"href":"https:\/\/ffri.uniri.hr\/en\/wp-json\/wp\/v2\/pages\/8720","targetHints":{"allow":["GET"]}}],"collection":[{"href":"https:\/\/ffri.uniri.hr\/en\/wp-json\/wp\/v2\/pages"}],"about":[{"href":"https:\/\/ffri.uniri.hr\/en\/wp-json\/wp\/v2\/types\/page"}],"author":[{"embeddable":true,"href":"https:\/\/ffri.uniri.hr\/en\/wp-json\/wp\/v2\/users\/4"}],"replies":[{"embeddable":true,"href":"https:\/\/ffri.uniri.hr\/en\/wp-json\/wp\/v2\/comments?post=8720"}],"version-history":[{"count":5,"href":"https:\/\/ffri.uniri.hr\/en\/wp-json\/wp\/v2\/pages\/8720\/revisions"}],"predecessor-version":[{"id":9940,"href":"https:\/\/ffri.uniri.hr\/en\/wp-json\/wp\/v2\/pages\/8720\/revisions\/9940"}],"up":[{"embeddable":true,"href":"https:\/\/ffri.uniri.hr\/en\/wp-json\/wp\/v2\/pages\/8716"}],"wp:attachment":[{"href":"https:\/\/ffri.uniri.hr\/en\/wp-json\/wp\/v2\/media?parent=8720"}],"curies":[{"name":"wp","href":"https:\/\/api.w.org\/{rel}","templated":true}]}}