{"id":8722,"date":"2021-09-29T11:29:30","date_gmt":"2021-09-29T11:29:30","guid":{"rendered":"https:\/\/ffri.uniri.hr\/?page_id=8722"},"modified":"2025-12-10T09:11:35","modified_gmt":"2025-12-10T09:11:35","slug":"department-of-german-studies","status":"publish","type":"page","link":"https:\/\/ffri.uniri.hr\/en\/about-the-faculty\/organisation\/departments-and-divisions\/department-of-german-studies\/","title":{"rendered":"Department of German Studies"},"content":{"rendered":"<div class=\"wp-block-ub-content-toggle wp-block-ub-content-toggle-block\" id=\"ub-content-toggle-block-0d660ec7-bde9-4c7e-bc07-45fd3948c552\" data-mobilecollapse=\"false\" data-desktopcollapse=\"true\" data-preventcollapse=\"false\" data-showonlyone=\"false\">\n<div class=\"wp-block-ub-content-toggle-accordion\" style=\"border-color: #f1f1f1;\" id=\"ub-content-toggle-panel-block-\">\n\t\t\t<div class=\"wp-block-ub-content-toggle-accordion-title-wrap\" style=\"background-color: #f1f1f1;\" aria-controls=\"ub-content-toggle-panel-0-0d660ec7-bde9-4c7e-bc07-45fd3948c552\" tabindex=\"0\">\n\t\t\t<p class=\"wp-block-ub-content-toggle-accordion-title ub-content-toggle-title-0d660ec7-bde9-4c7e-bc07-45fd3948c552\" style=\"color: #000000; \">Contacts<\/p>\n\t\t\t<div class=\"wp-block-ub-content-toggle-accordion-toggle-wrap right\" style=\"color: #000000;\"><span class=\"wp-block-ub-content-toggle-accordion-state-indicator wp-block-ub-chevron-down\"><\/span><\/div>\n\t\t<\/div>\n\t\t\t<div role=\"region\" aria-expanded=\"false\" class=\"wp-block-ub-content-toggle-accordion-content-wrap ub-hide\" id=\"ub-content-toggle-panel-0-0d660ec7-bde9-4c7e-bc07-45fd3948c552\">\n\n<figure class=\"wp-block-table\"><table><thead><tr><th><\/th><th>Name<\/th><th>Room<\/th><th>E-mail<\/th><th>Telephone<\/th><\/tr><\/thead><tbody><tr><td><strong>Head of Department<\/strong><\/td><td>Dr. Manuela Svoboda, Assist. Prof.<\/td><td>F-508<\/td><td><a href=\"mailto:msvoboda@ffri.uniri.hr\">msvoboda@ffri.uniri.hr<\/a><\/td><td>051\/265 657<\/td><\/tr><tr><td><strong>Secretary<\/strong><\/td><td><\/td><td><\/td><td><\/td><td><\/td><\/tr><tr><td><strong>First-year Academic Advisor<\/strong><\/td><td>Dr. Boris Duda\u0161, Assoc. Prof.<\/td><td>F-444<\/td><td><a href=\"mailto:boris.dudas@ffri.uniri.hr\">boris.dudas@ffri.uniri.hr<\/a><\/td><td>051\/265 655<\/td><\/tr><tr><td><strong>Erasmus Co-ordinator<\/strong><\/td><td>Dario Mar\u0161ani\u0107, Senior Lector<\/td><td>F-509<\/td><td><a href=\"mailto:dario.marsanic@ffri.uniri.hr\">dario.marsanic@ffri.uniri.hr<\/a><\/td><td>051\/265 656<\/td><\/tr><tr><td><strong>ECTS Co-ordinator<\/strong><\/td><td>Dario Mar\u0161ani\u0107, Senior Lector<\/td><td>F-509<\/td><td><a href=\"mailto:dario.marsanic@ffri.uniri.hr\">dario.marsanic@ffri.uniri.hr<\/a><\/td><td>051\/265 656<\/td><\/tr><tr><td><strong>Research Co-ordinator<\/strong><\/td><td>Dr. Nata\u0161a Ko\u0161uta, Assist. Prof.<\/td><td>F-507<\/td><td><a href=\"mailto:nkosuta@ffri.uniri.hr\">nkosuta@ffri.uniri.hr<\/a><\/td><td>051\/265 654<\/td><\/tr><\/tbody><\/table><\/figure>\n\n<\/div>\n\t\t<\/div>\n\n<div class=\"wp-block-ub-content-toggle-accordion\" style=\"border-color: #f1f1f1;\" id=\"ub-content-toggle-panel-block-\">\n\t\t\t<div class=\"wp-block-ub-content-toggle-accordion-title-wrap\" style=\"background-color: #f1f1f1;\" aria-controls=\"ub-content-toggle-panel-1-0d660ec7-bde9-4c7e-bc07-45fd3948c552\" tabindex=\"0\">\n\t\t\t<p class=\"wp-block-ub-content-toggle-accordion-title ub-content-toggle-title-0d660ec7-bde9-4c7e-bc07-45fd3948c552\" style=\"color: #000000; \">Academic staff<\/p>\n\t\t\t<div class=\"wp-block-ub-content-toggle-accordion-toggle-wrap right\" style=\"color: #000000;\"><span class=\"wp-block-ub-content-toggle-accordion-state-indicator wp-block-ub-chevron-down\"><\/span><\/div>\n\t\t<\/div>\n\t\t\t<div role=\"region\" aria-expanded=\"false\" class=\"wp-block-ub-content-toggle-accordion-content-wrap ub-hide\" id=\"ub-content-toggle-panel-1-0d660ec7-bde9-4c7e-bc07-45fd3948c552\">\n\n<figure class=\"wp-block-table\"><table><thead><tr><th>Name<\/th><th>Room<\/th><th>E-mail<\/th><th>Telephone<\/th><th>Section<\/th><\/tr><\/thead><tbody><tr><td>Professor Aneta Stoji\u0107<\/td><td>F-512<\/td><td><a href=\"mailto:aneta.stojic@ffri.uniri.hr\">aneta.stojic@ffri.uniri.hr<\/a><\/td><td>051\/265 651<\/td><td>\u00a0<\/td><\/tr><tr><td>Dr. Boris Duda\u0161, Assoc. Prof.<\/td><td>F-444<\/td><td><a href=\"mailto:boris.dudas@ffri.uniri.hr\">boris.dudas@ffri.uniri.hr<\/a><\/td><td>051\/265 655<\/td><td>\u00a0<\/td><\/tr><tr><td>Dr. Suzana Jurin, Assoc. Prof.<\/td><td>F-511<\/td><td><a href=\"mailto:sjurin@ffri.uniri.hr\">sjurin@ffri.uniri.hr<\/a><\/td><td>051\/265 653<\/td><td>\u00a0<\/td><\/tr><tr><td>Dr. Petra \u017dagar \u2013 \u0160o\u0161tari\u0107, Assoc. Prof.<\/td><td>F-510<\/td><td><a href=\"mailto:pzagar@ffri.uniri.hr\">pzagar@ffri.uniri.hr<\/a><\/td><td>051\/265 652<\/td><td>\u00a0<\/td><\/tr><tr><td>Dr. Manuela Svoboda, Assist. Prof.<\/td><td>F-508<\/td><td><a href=\"mailto:msvoboda@ffri.uniri.hr\">msvoboda@ffri.uniri.hr<\/a><\/td><td>051\/265 657<\/td><td>\u00a0<\/td><\/tr><tr><td>Dr. Nata\u0161a Ko\u0161uta, Assist. Prof.<\/td><td>F-507<\/td><td><a href=\"mailto:nkosuta@ffri.uniri.hr\">nkosuta@ffri.uniri.hr<\/a><\/td><td>051\/265 654<\/td><td>\u00a0<\/td><\/tr><tr><td>Dario Mar\u0161ani\u0107, Senior Lector<\/td><td>F-509<\/td><td><a href=\"mailto:dario.marsanic@ffri.uniri.hr\">dario.marsanic@ffri.uniri.hr<\/a><\/td><td>051\/265 656<\/td><td>\u00a0<\/td><\/tr><tr><td>Anna Di \u2013 Lena, Lector<\/td><td>F-509<\/td><td><a href=\"mailto:dilena@ffri.uniri.hr\">dilena@ffri.uniri.hr<\/a><\/td><td>051\/265 658<\/td><td>\u00a0<\/td><\/tr><\/tbody><\/table><\/figure>\n\n<\/div>\n\t\t<\/div>\n<\/div>","protected":false},"excerpt":{"rendered":"","protected":false},"author":4,"featured_media":0,"parent":8716,"menu_order":3,"comment_status":"closed","ping_status":"closed","template":"","meta":{"_acf_changed":false,"ub_ctt_via":"","footnotes":""},"class_list":["post-8722","page","type-page","status-publish","hentry"],"acf":[],"featured_image_src":null,"_links":{"self":[{"href":"https:\/\/ffri.uniri.hr\/en\/wp-json\/wp\/v2\/pages\/8722","targetHints":{"allow":["GET"]}}],"collection":[{"href":"https:\/\/ffri.uniri.hr\/en\/wp-json\/wp\/v2\/pages"}],"about":[{"href":"https:\/\/ffri.uniri.hr\/en\/wp-json\/wp\/v2\/types\/page"}],"author":[{"embeddable":true,"href":"https:\/\/ffri.uniri.hr\/en\/wp-json\/wp\/v2\/users\/4"}],"replies":[{"embeddable":true,"href":"https:\/\/ffri.uniri.hr\/en\/wp-json\/wp\/v2\/comments?post=8722"}],"version-history":[{"count":4,"href":"https:\/\/ffri.uniri.hr\/en\/wp-json\/wp\/v2\/pages\/8722\/revisions"}],"predecessor-version":[{"id":17713,"href":"https:\/\/ffri.uniri.hr\/en\/wp-json\/wp\/v2\/pages\/8722\/revisions\/17713"}],"up":[{"embeddable":true,"href":"https:\/\/ffri.uniri.hr\/en\/wp-json\/wp\/v2\/pages\/8716"}],"wp:attachment":[{"href":"https:\/\/ffri.uniri.hr\/en\/wp-json\/wp\/v2\/media?parent=8722"}],"curies":[{"name":"wp","href":"https:\/\/api.w.org\/{rel}","templated":true}]}}