{"id":8724,"date":"2021-09-29T11:30:40","date_gmt":"2021-09-29T11:30:40","guid":{"rendered":"https:\/\/ffri.uniri.hr\/?page_id=8724"},"modified":"2026-03-16T12:24:56","modified_gmt":"2026-03-16T12:24:56","slug":"department-of-croatian-studies","status":"publish","type":"page","link":"https:\/\/ffri.uniri.hr\/en\/about-the-faculty\/organisation\/departments-and-divisions\/department-of-croatian-studies\/","title":{"rendered":"Department of Croatian Studies"},"content":{"rendered":"<div class=\"wp-block-ub-content-toggle wp-block-ub-content-toggle-block\" id=\"ub-content-toggle-block-bd5204f6-56e8-4b01-a156-b5899ef807e5\" data-mobilecollapse=\"false\" data-desktopcollapse=\"true\" data-preventcollapse=\"false\" data-showonlyone=\"false\">\n<div class=\"wp-block-ub-content-toggle-accordion\" style=\"border-color: #f1f1f1;\" id=\"ub-content-toggle-panel-block-5132659b-0197-4448-a65e-fa749d338ec1\">\n\t\t\t<div class=\"wp-block-ub-content-toggle-accordion-title-wrap\" style=\"background-color: #f1f1f1;\" aria-controls=\"ub-content-toggle-panel-0-bd5204f6-56e8-4b01-a156-b5899ef807e5\" tabindex=\"0\">\n\t\t\t<p class=\"wp-block-ub-content-toggle-accordion-title ub-content-toggle-title-bd5204f6-56e8-4b01-a156-b5899ef807e5\" style=\"color: #000000; \">Contacts<\/p>\n\t\t\t<div class=\"wp-block-ub-content-toggle-accordion-toggle-wrap right\" style=\"color: #000000;\"><span class=\"wp-block-ub-content-toggle-accordion-state-indicator wp-block-ub-chevron-down\"><\/span><\/div>\n\t\t<\/div>\n\t\t\t<div role=\"region\" aria-expanded=\"false\" class=\"wp-block-ub-content-toggle-accordion-content-wrap ub-hide\" id=\"ub-content-toggle-panel-0-bd5204f6-56e8-4b01-a156-b5899ef807e5\">\n\n<figure class=\"wp-block-table\"><table><tbody><tr><td>\u00a0<\/td><td><strong>Name<\/strong><\/td><td><strong>Room<\/strong><\/td><td><strong>E-mail<\/strong><\/td><td><strong>Telephone<\/strong><\/td><\/tr><tr><td><strong>Head of Department<\/strong><\/td><td>Dr. Borana Mori\u0107 Mohorovi\u010di\u0107, Assoc. Prof.<\/td><td>F-615<\/td><td><a href=\"mailto:bmoric@ffri.uniri.hr\">bmoric@ffri.uniri.hr<\/a><\/td><td>051\/265-676<\/td><\/tr><tr><td><strong>Secretary<\/strong><\/td><td>Eduard Martin\u010di\u0107<\/td><td>F-605<\/td><td><a href=\"mailto:emartincic@ffri.uniri.hr\">emartincic@ffri.uniri.hr<\/a><\/td><td>051\/265-660<\/td><\/tr><tr><td><strong>Teachers-mentors for 1<sup>st<\/sup> years<\/strong><\/td><td>Tihana Hrg, Teaching Assistant<\/td><td>F-718<\/td><td><a href=\"mailto:tihana.zbasnik@ffri.uniri.hr\">tihana.zbasnik@ffri.uniri.hr<\/a><\/td><td>051\/265-680<\/td><\/tr><tr><td><strong>\u00a0<\/strong><\/td><td>Matea Magdi\u0107, Teaching Assistant<\/td><td>F-709<\/td><td><a href=\"mailto:matea.magdic@ffri.uniri.hr\">matea.magdic@ffri.uniri.hr<\/a><\/td><td>051\/265-659<\/td><\/tr><tr><td><strong>Erasmus co-ordinator<\/strong><\/td><td>Tihana Hrg, Teaching Assistant<\/td><td>F-718<\/td><td><a href=\"mailto:tihana.zbasnik@ffri.uniri.hr\">tihana.zbasnik@ffri.uniri.hr<\/a><\/td><td>051\/265-680<\/td><\/tr><tr><td><strong>ECTS co-ordinators<\/strong><\/td><td>Tihana Hrg, Teaching Assistant<\/td><td>F-718<\/td><td><a href=\"mailto:tihana.zbasnik@ffri.uniri.hr\">tihana.zbasnik@ffri.uniri.hr<\/a><\/td><td>051\/265-680<\/td><\/tr><tr><td><strong>\u00a0<\/strong><\/td><td>Matea Magdi\u0107, Teaching Assistant<\/td><td>F-709<\/td><td><a href=\"mailto:matea.magdic@ffri.uniri.hr\">matea.magdic@ffri.uniri.hr<\/a><\/td><td>051\/265-659<\/td><\/tr><tr><td><strong>Co-ordinator for science<\/strong><\/td><td>Professor Mihaela Mate\u0161i\u0107<\/td><td>F-708<\/td><td><a href=\"mailto:mihaela.matesic@ffri.uniri.hr\">mihaela.matesic@ffri.uniri.hr<\/a><\/td><td>051\/265-671<\/td><\/tr><\/tbody><\/table><\/figure>\n\n<\/div>\n\t\t<\/div>\n\n<div class=\"wp-block-ub-content-toggle-accordion\" style=\"border-color: #f1f1f1;\" id=\"ub-content-toggle-panel-block-36e68bdb-d620-4fd1-b23f-2eb6905d5bda\">\n\t\t\t<div class=\"wp-block-ub-content-toggle-accordion-title-wrap\" style=\"background-color: #f1f1f1;\" aria-controls=\"ub-content-toggle-panel-1-bd5204f6-56e8-4b01-a156-b5899ef807e5\" tabindex=\"0\">\n\t\t\t<p class=\"wp-block-ub-content-toggle-accordion-title ub-content-toggle-title-bd5204f6-56e8-4b01-a156-b5899ef807e5\" style=\"color: #000000; \">Academic staff<\/p>\n\t\t\t<div class=\"wp-block-ub-content-toggle-accordion-toggle-wrap right\" style=\"color: #000000;\"><span class=\"wp-block-ub-content-toggle-accordion-state-indicator wp-block-ub-chevron-down\"><\/span><\/div>\n\t\t<\/div>\n\t\t\t<div role=\"region\" aria-expanded=\"false\" class=\"wp-block-ub-content-toggle-accordion-content-wrap ub-hide\" id=\"ub-content-toggle-panel-1-bd5204f6-56e8-4b01-a156-b5899ef807e5\">\n\n<h3 class=\"wp-block-heading\">Teaching staff<\/h3>\n\n\n\n<figure class=\"wp-block-table\"><table><tbody><tr><td><strong>Teacher<\/strong><\/td><td><strong>Room<\/strong><\/td><td><strong>E-mail<\/strong><\/td><td><strong>Telephone<\/strong><\/td><td><strong>Section<\/strong><\/td><\/tr><tr><td><a href=\"https:\/\/portal.uniri.hr\/Portfelj\/769\" target=\"_blank\" rel=\"noreferrer noopener\">Professor Lada Badurina<\/a><\/td><td>F-705<\/td><td><a href=\"mailto:lada.badurina@ffri.uniri.hr\">lada.badurina@ffri.uniri.hr<\/a><\/td><td>051\/265-661<\/td><td>Katedra za hrvatski jezik<\/td><\/tr><tr><td><a href=\"https:\/\/portal.uniri.hr\/Portfelj\/1621\" target=\"_blank\" rel=\"noreferrer noopener\">Professor Estela Banov<\/a><\/td><td>F-716<\/td><td><a href=\"mailto:estela.banov@ffri.uniri.hr\">estela.banov@ffri.uniri.hr<\/a><\/td><td>051\/265-670<\/td><td>Katedra za metodiku HJK i op\u0107e filolo\u0161ke predmete Katedra za hrvatsku knji\u017eevnost<\/td><\/tr><tr><td><a href=\"https:\/\/portal.uniri.hr\/Portfelj\/791\" target=\"_blank\" rel=\"noreferrer noopener\">Professor Adriana Car-Mihec<\/a><\/td><td>F-707<\/td><td><a href=\"mailto:adriana.car.mihec@ffri.uniri.hr\">adriana.car.mihec@ffri.uniri.hr<\/a><\/td><td>051\/265-665<\/td><td>Katedra za komparativnu knji\u017eevnost i medijsku kulturu<\/td><\/tr><tr><td><a href=\"https:\/\/portal.uniri.hr\/Portfelj\/1817\" target=\"_blank\" rel=\"noreferrer noopener\">Professor Dejan Duri\u0107<\/a><\/td><td>F-712<\/td><td><a href=\"mailto:dejan.duric@ffri.uniri.hr\">dejan.duric@ffri.uniri.hr<\/a><\/td><td>051\/265-687<\/td><td>Katedra za komparativnu knji\u017eevnost i medijsku kulturu<\/td><\/tr><tr><td><a href=\"https:\/\/portal.uniri.hr\/Portfelj\/900\" target=\"_blank\" rel=\"noreferrer noopener\">Professor Irvin Luke\u017ei\u0107<\/a><\/td><td>F-711<\/td><td><a href=\"mailto:irvin.lukezic@ffri.uniri.hr\">irvin.lukezic@ffri.uniri.hr<\/a><\/td><td>051\/265-672<\/td><td>Katedra za hrvatsku knji\u017eevnost<\/td><\/tr><tr><td><a href=\"https:\/\/portal.uniri.hr\/Portfelj\/Details\/7452\">Professor Ivan Lupi\u0107<\/a><\/td><td>F-713<\/td><td><a href=\"mailto:ivan.lupic@ffri.uniri.hr\">ivan.lupic@ffri.uniri.hr<\/a><\/td><td>051\/265-665<\/td><td>Katedra za hrvatsku knji\u017eevnost<\/td><\/tr><tr><td><a href=\"https:\/\/portal.uniri.hr\/Portfelj\/984\" target=\"_blank\" rel=\"noreferrer noopener\">Professor Danijela Marot Ki\u0161<\/a><\/td><td>F-704<\/td><td><a href=\"mailto:danijela.marot.kis@ffri.uniri.hr\">danijela.marot.kis@ffri.uniri.hr<\/a><\/td><td>051\/265-703<\/td><td>Katedra za teoriju knji\u017eevnosti i stilistiku Katedra za interdisciplinarnu filologiju<\/td><\/tr><tr><td><a href=\"https:\/\/portal.uniri.hr\/Portfelj\/802\" target=\"_blank\" rel=\"noreferrer noopener\">Professor Mihaela Mate\u0161i\u0107<\/a><\/td><td>F-708<\/td><td><a href=\"mailto:mihaela.matesic@ffri.uniri.hr\">mihaela.matesic@ffri.uniri.hr<\/a><\/td><td>051\/265-671<\/td><td>Katedra za hrvatski jezik<\/td><\/tr><tr><td><a href=\"https:\/\/portal.uniri.hr\/Portfelj\/115\" target=\"_blank\" rel=\"noreferrer noopener\">Professor Aleksandar Mijatovi\u0107<\/a><\/td><td>F-714<\/td><td><a href=\"mailto:aleksandar.mijatovic@ffri.uniri.hr\">aleksandar.mijatovic@ffri.uniri.hr<\/a><\/td><td>051\/265-675<\/td><td>Katedra za teoriju knji\u017eevnosti i stilistiku<\/td><\/tr><tr><td><a href=\"https:\/\/portal.uniri.hr\/Portfelj\/111\" target=\"_blank\" rel=\"noreferrer noopener\">Professor Sanjin Sorel<\/a><\/td><td>F-710<\/td><td><a href=\"mailto:sanjin.sorel@ffri.uniri.hr\">sanjin.sorel@ffri.uniri.hr<\/a><\/td><td>051\/265-684<\/td><td>Katedra za hrvatsku knji\u017eevnost<\/td><\/tr><tr><td><a href=\"https:\/\/portal.uniri.hr\/Portfelj\/93\" target=\"_blank\" rel=\"noreferrer noopener\">Professor Sanja Tadi\u0107-\u0160okac<\/a><\/td><td>F-613<\/td><td><a href=\"mailto:sanja.tadic.sokac@ffri.uniri.hr\">sanja.tadic.sokac@ffri.uniri.hr<\/a><\/td><td>051\/265-685<\/td><td>Katedra za hrvatsku knji\u017eevnost<\/td><\/tr><tr><td><a href=\"https:\/\/portal.uniri.hr\/Portfelj\/1195\" target=\"_blank\" rel=\"noreferrer noopener\">Professor Karol Visinko<\/a><\/td><td>F-609<\/td><td><a href=\"mailto:kvisinko@ffri.uniri.hr\">kvisinko@ffri.uniri.hr<\/a><\/td><td>051\/265-669<\/td><td>Katedra za metodiku HJK i op\u0107e filolo\u0161ke predmete<\/td><\/tr><tr><td><a href=\"https:\/\/portal.uniri.hr\/Portfelj\/1370\" target=\"_blank\" rel=\"noreferrer noopener\">Professor Silvana Vrani\u0107<\/a><\/td><td>F-706<\/td><td><a href=\"mailto:silvana.vranic@ffri.uniri.hr\">silvana.vranic@ffri.uniri.hr<\/a><\/td><td>051\/265-682<\/td><td>Katedra za hrvatski jezik<\/td><\/tr><tr><td><a href=\"https:\/\/portal.uniri.hr\/Portfelj\/2057\" target=\"_blank\" rel=\"noreferrer noopener\">Professor Sanja Bogovi\u0107<\/a><\/td><td>F-717<\/td><td><a href=\"mailto:sanja.zubcic@ffri.uniri.hr\">sanja.zubcic@ffri.uniri.hr<\/a><\/td><td>051\/265-680<\/td><td>Katedra za hrvatski jezik<\/td><\/tr><tr><td><a href=\"https:\/\/portal.uniri.hr\/Portfelj\/3991\" target=\"_blank\" rel=\"noreferrer noopener\">Dr. Mario Kolar, Assoc. Prof.<\/a><\/td><td>F-611<\/td><td><a href=\"mailto:mario.kolar@ffri.uniri.hr\">mario.kolar@ffri.uniri.hr<\/a><\/td><td>051\/265-664<\/td><td>Katedra za hrvatsku knji\u017eevnost<\/td><\/tr><tr><td><a href=\"https:\/\/portal.uniri.hr\/Portfelj\/796\" target=\"_blank\" rel=\"noreferrer noopener\">Dr. \u017deljka Macan, Assoc. Prof.<\/a><\/td><td>F-612<\/td><td><a href=\"mailto:zmacan@ffri.uniri.hr\">zmacan@ffri.uniri.hr<\/a><\/td><td>051\/265-677<\/td><td>Katedra za hrvatski jezik<\/td><\/tr><tr><td><a href=\"https:\/\/portal.uniri.hr\/Portfelj\/1117\" target=\"_blank\" rel=\"noreferrer noopener\">Dr. Borana Mori\u0107 Mohorovi\u010di\u0107, Assoc. Prof.<\/a><\/td><td>F-615<\/td><td><a href=\"mailto:bmoric@ffri.uniri.hr\">bmoric@ffri.uniri.hr<\/a><\/td><td>051\/265-676<\/td><td>Katedra za hrvatski jezik<\/td><\/tr><tr><td><a href=\"https:\/\/portal.uniri.hr\/Portfelj\/1219\" target=\"_blank\" rel=\"noreferrer noopener\">Dr. Nikolina Pala\u0161i\u0107, Assoc. Prof.<\/a><\/td><td>F-718<\/td><td><a href=\"mailto:nikolina.palasic@ffri.uniri.hr\">nikolina.palasic@ffri.uniri.hr<\/a><\/td><td>051\/265-688<\/td><td>Katedra za hrvatski jezik<\/td><\/tr><tr><td><a href=\"https:\/\/portal.uniri.hr\/Portfelj\/1441\" target=\"_blank\" rel=\"noreferrer noopener\">Dr. Sa\u0161a Poto\u010dnjak, Assoc. Prof.<\/a><\/td><td>F-715<\/td><td><a href=\"mailto:spotocnjak@ffri.uniri.hr\">spotocnjak@ffri.uniri.hr<\/a><\/td><td>051\/265-686<\/td><td>Katedra za hrvatsku knji\u017eevnost<\/td><\/tr><tr><td><a href=\"https:\/\/portal.uniri.hr\/Portfelj\/784\" target=\"_blank\" rel=\"noreferrer noopener\">Dr. Anastazija Vlasteli\u0107, Assoc. Prof.<\/a><\/td><td>F-606<\/td><td><a href=\"mailto:avlastelic@ffri.uniri.hr\">avlastelic@ffri.uniri.hr<\/a><\/td><td>051\/265-683<\/td><td>Katedra za hrvatski jezik<\/td><\/tr><tr><td><a href=\"https:\/\/portal.uniri.hr\/Portfelj\/4241\" target=\"_blank\" rel=\"noreferrer noopener\">Dr. Marina Marinkovi\u0107, Assoc. Prof.<\/a><\/td><td>F-610<\/td><td><a href=\"mailto:m.marinkovic@ffri.uniri.hr\">m.marinkovic@ffri.uniri.hr<\/a><\/td><td>051\/265-690<\/td><td>Katedra za hrvatski jezik<\/td><\/tr><tr><td><a href=\"https:\/\/portal.uniri.hr\/Portfelj\/Details\/2787\">Dr. Ma\u0161a Ple\u0161kovi\u0107, Assist. Prof.<\/a><\/td><td>F-608<\/td><td><a href=\"mailto:masa.pleskovic@ffri.uniri.hr\">masa.pleskovic@ffri.uniri.hr<\/a><\/td><td>051\/265-636<\/td><td>Katedra za hrvatski jezik<\/td><\/tr><tr><td><a href=\"https:\/\/portal.uniri.hr\/Portfelj\/details\/3990\">Dr. Martina Podboj, Assist. Prof.<\/a><\/td><td>F-915<\/td><td><a href=\"mailto:martina.podboj@ffri.uniri.hr\">martina.podboj@ffri.uniri.hr<\/a><\/td><td>051\/265-620<\/td><td>Katedra za hrvatski jezik<\/td><\/tr><tr><td><a href=\"https:\/\/portal.uniri.hr\/Portfelj\/114\" target=\"_blank\" rel=\"noreferrer noopener\">Dr. Sa\u0161a Stani\u0107, Assist. Prof.<\/a><\/td><td>F-709<\/td><td><a href=\"mailto:sasa.stanic@ffri.uniri.hr\">sasa.stanic@ffri.uniri.hr<\/a><\/td><td>051\/265-674<\/td><td>Katedra za teoriju knji\u017eevnosti i stilistiku<\/td><\/tr><tr><td><a href=\"https:\/\/portal.uniri.hr\/Portfelj\/2722\" target=\"_blank\" rel=\"noreferrer noopener\">Dr. Sandra Marman, Senior Lector<\/a><\/td><td>F-612<\/td><td><a href=\"mailto:sandra.marman@ffri.uniri.hr\">sandra.marman@ffri.uniri.hr<\/a><\/td><td>051\/265-677<\/td><td>Katedra za hrvatski jezik<\/td><\/tr><tr><td><a href=\"https:\/\/portal.uniri.hr\/Portfelj\/3948\" target=\"_blank\" rel=\"noreferrer noopener\">Dr. Ante Jeri\u0107, Postdoctoral Fellow<\/a><\/td><td>F-611<\/td><td><a href=\"mailto:ante.jeric@ffri.uniri.hr\">ante.jeric@ffri.uniri.hr<\/a><\/td><td>051\/265-673<\/td><td>Katedra za komparativnu knji\u017eevnost i medijsku kulturu<\/td><\/tr><tr><td><a href=\"https:\/\/portal.uniri.hr\/Portfelj\/Details\/7701\">Tanja Dikli\u0107, Lector<\/a><\/td><td>F-612<\/td><td><a href=\"mailto:tanja.diklic@ffri.uniri.hr\">tanja.diklic@ffri.uniri.hr<\/a><\/td><td>051\/265-677<\/td><td>Katedra za hrvatski jezik<\/td><\/tr><tr><td><a href=\"https:\/\/portal.uniri.hr\/Portfelj\/3947\" target=\"_blank\" rel=\"noreferrer noopener\">Jasna Bi\u0107ani\u0107, Teaching Assistant<\/a><\/td><td>F-610<\/td><td><a href=\"mailto:jasna.bicanic@ffri.uniri.hr\">jasna.bicanic@ffri.uniri.hr<\/a><\/td><td>051\/265-678<\/td><td>Katedra za metodiku HJK i op\u0107e filolo\u0161ke predmete<\/td><\/tr><tr><td><a href=\"https:\/\/portal.uniri.hr\/Portfelj\/4044\" target=\"_blank\" rel=\"noreferrer noopener\">Tihana Hrg, Teaching Assistant<\/a><\/td><td>F-718<\/td><td><a href=\"mailto:tihana.zbasnik@ffri.uniri.hr\">tihana.zbasnik@ffri.uniri.hr<\/a><\/td><td>051\/265-680<\/td><td>Katedra za hrvatski jezik<\/td><\/tr><tr><td><a href=\"https:\/\/portal.uniri.hr\/Portfelj\/Details\/7552\">Fran Katarin\u010di\u0107, Teaching Assistant<\/a><\/td><td>F-606<\/td><td><a href=\"mailto:fran.katarincic@ffri.uniri.hr\">fran.katarincic@ffri.uniri.hr<\/a><\/td><td>051\/265-683<\/td><td>Katedra za hrvatski jezik<\/td><\/tr><tr><td><a href=\"https:\/\/portal.uniri.hr\/Portfelj\/Details\/7608\">Matea Magdi\u0107, Teaching Assistant<\/a><\/td><td>F-709<\/td><td><a href=\"mailto:matea.magdic@ffri.uniri.hr\">matea.magdic@ffri.uniri.hr<\/a><\/td><td>051\/265-659<\/td><td>Katedra za teoriju knji\u017eevnosti i stilistiku<br>Katedra za hrvatsku knji\u017eevnost<\/td><\/tr><tr><td><a href=\"https:\/\/portal.uniri.hr\/Portfelj\/2281\" target=\"_blank\" rel=\"noreferrer noopener\">Agnieszka Rudkowska, Lector<\/a><\/td><td>F-607<\/td><td><a href=\"mailto:agnieszka.rudkowska@ffri.uniri.hr\">agnieszka.rudkowska@ffri.uniri.hr<\/a><\/td><td>051\/265-689<\/td><td>Katedra za metodiku HJK i op\u0107e filolo\u0161ke predmete<\/td><\/tr><tr><td><a href=\"https:\/\/portal.uniri.hr\/Portfelj\/4003\" target=\"_blank\" rel=\"noreferrer noopener\">Biljana Stojanovska \u0110uri\u0107, Lector<\/a><\/td><td>F-607<\/td><td><a href=\"mailto:biljana.stojanovska@ffri.uniri.hr\">biljana.stojanovska@ffri.uniri.hr<\/a><\/td><td>051\/265-679<\/td><td>Katedra za metodiku HJK i op\u0107e filolo\u0161ke predmete<\/td><\/tr><\/tbody><\/table><\/figure>\n\n\n\n<h3 class=\"wp-block-heading\">External collaborators<\/h3>\n\n\n\n<figure class=\"wp-block-table\"><table><tbody><tr><td><strong>Name<\/strong><\/td><td><strong>Room<\/strong><\/td><td><strong>E-mail<\/strong><\/td><\/tr><tr><td>Dr. Sanja Grakali\u0107 Plenkovi\u0107, Assist. Prof.<\/td><td>F-609<\/td><td><a href=\"mailto:sanjagp@ffri.uniri.hr\">sanjagp@ffri.uniri.hr<\/a><\/td><\/tr><tr><td>Dr. Klemen Lah, Lector<\/td><td>F-607<\/td><td><a href=\"mailto:klemen.lah@ffri.uniri.hr\">klemen.lah@ffri.uniri.hr<\/a><\/td><\/tr><tr><td>Eszter Tamask\u00f3, Lector<\/td><td>F-607<\/td><td><a href=\"mailto:eszter.tamasko@ffr.uniri.hr\" target=\"_blank\" rel=\"noreferrer noopener\">eszter.tamasko@ffri.uniri.hr<\/a><\/td><\/tr><\/tbody><\/table><\/figure>\n\n<\/div>\n\t\t<\/div>\n<\/div>","protected":false},"excerpt":{"rendered":"","protected":false},"author":4,"featured_media":0,"parent":8716,"menu_order":4,"comment_status":"closed","ping_status":"closed","template":"","meta":{"_acf_changed":false,"ub_ctt_via":"","footnotes":""},"class_list":["post-8724","page","type-page","status-publish","hentry"],"acf":[],"featured_image_src":null,"_links":{"self":[{"href":"https:\/\/ffri.uniri.hr\/en\/wp-json\/wp\/v2\/pages\/8724","targetHints":{"allow":["GET"]}}],"collection":[{"href":"https:\/\/ffri.uniri.hr\/en\/wp-json\/wp\/v2\/pages"}],"about":[{"href":"https:\/\/ffri.uniri.hr\/en\/wp-json\/wp\/v2\/types\/page"}],"author":[{"embeddable":true,"href":"https:\/\/ffri.uniri.hr\/en\/wp-json\/wp\/v2\/users\/4"}],"replies":[{"embeddable":true,"href":"https:\/\/ffri.uniri.hr\/en\/wp-json\/wp\/v2\/comments?post=8724"}],"version-history":[{"count":17,"href":"https:\/\/ffri.uniri.hr\/en\/wp-json\/wp\/v2\/pages\/8724\/revisions"}],"predecessor-version":[{"id":18383,"href":"https:\/\/ffri.uniri.hr\/en\/wp-json\/wp\/v2\/pages\/8724\/revisions\/18383"}],"up":[{"embeddable":true,"href":"https:\/\/ffri.uniri.hr\/en\/wp-json\/wp\/v2\/pages\/8716"}],"wp:attachment":[{"href":"https:\/\/ffri.uniri.hr\/en\/wp-json\/wp\/v2\/media?parent=8724"}],"curies":[{"name":"wp","href":"https:\/\/api.w.org\/{rel}","templated":true}]}}