{"id":8726,"date":"2021-09-29T11:31:16","date_gmt":"2021-09-29T11:31:16","guid":{"rendered":"https:\/\/ffri.uniri.hr\/?page_id=8726"},"modified":"2026-02-24T09:54:22","modified_gmt":"2026-02-24T09:54:22","slug":"department-of-cultural-studies","status":"publish","type":"page","link":"https:\/\/ffri.uniri.hr\/en\/about-the-faculty\/organisation\/departments-and-divisions\/department-of-cultural-studies\/","title":{"rendered":"Department of Cultural Studies"},"content":{"rendered":"<div class=\"wp-block-ub-content-toggle wp-block-ub-content-toggle-block\" id=\"ub-content-toggle-block-bb51d812-0726-45ca-b387-7e8202c67621\" data-mobilecollapse=\"false\" data-desktopcollapse=\"true\" data-preventcollapse=\"false\" data-showonlyone=\"false\">\n<div class=\"wp-block-ub-content-toggle-accordion\" style=\"border-color: #f1f1f1;\" id=\"ub-content-toggle-panel-block-6542a4c1-410b-41d3-9113-433764b76b62\">\n\t\t\t<div class=\"wp-block-ub-content-toggle-accordion-title-wrap\" style=\"background-color: #f1f1f1;\" aria-controls=\"ub-content-toggle-panel-0-bb51d812-0726-45ca-b387-7e8202c67621\" tabindex=\"0\">\n\t\t\t<p class=\"wp-block-ub-content-toggle-accordion-title ub-content-toggle-title-bb51d812-0726-45ca-b387-7e8202c67621\" style=\"color: #000000; \">Contacts<\/p>\n\t\t\t<div class=\"wp-block-ub-content-toggle-accordion-toggle-wrap right\" style=\"color: #000000;\"><span class=\"wp-block-ub-content-toggle-accordion-state-indicator wp-block-ub-chevron-down\"><\/span><\/div>\n\t\t<\/div>\n\t\t\t<div role=\"region\" aria-expanded=\"false\" class=\"wp-block-ub-content-toggle-accordion-content-wrap ub-hide\" id=\"ub-content-toggle-panel-0-bb51d812-0726-45ca-b387-7e8202c67621\">\n\n<figure class=\"wp-block-table\"><table><tbody><tr><td>\u00a0<\/td><td><strong>Name<\/strong><\/td><td><strong>Room<\/strong><\/td><td><strong>E-mail<\/strong><\/td><td><strong>Telephone<\/strong><\/td><\/tr><tr><td><strong>Head of Department<\/strong><\/td><td><a href=\"https:\/\/portal.uniri.hr\/Portfelj\/100\">Dr. Brigita Milo\u0161, Assoc. Prof.<\/a><\/td><td>F-816<\/td><td><a href=\"mailto:bmilos@ffri.uniri.hr\">bmilos@ffri.uniri.hr<\/a>,<\/td><td>051\/265-701<\/td><\/tr><tr><td><strong>Department Administrator<\/strong><\/td><td>\u00a0<a href=\"https:\/\/portal.uniri.hr\/Portfelj\/Details\/066\">Odri Bradaschia<\/a><\/td><td>F-806<\/td><td><a href=\"mailto:odri.bradaschia@ffri.uniri.hr\">odri.bradaschia@ffri.uniri.hr<\/a><\/td><td>051\/265-692<\/td><\/tr><tr><td><strong>First-year Academic Advisor<\/strong><\/td><td><a href=\"https:\/\/portal.uniri.hr\/Portfelj\/Index\/6265\">Dunja Mati\u0107 Ben\u010di\u0107, Teaching Assistant<\/a><\/td><td>F-815<\/td><td><a href=\"mailto:dunja.matic@uniri.hr\">dunja.matic@uniri.hr<\/a><\/td><td>051\/265-694<\/td><\/tr><tr><td><strong>Erasmus co-ordinator<\/strong><\/td><td><a href=\"https:\/\/portal.uniri.hr\/Portfelj\/Index\/6265\">Dunja Mati\u0107 Ben\u010di\u0107, Teaching Assistant<\/a><\/td><td>F-815<\/td><td><a href=\"mailto:dunja.matic@uniri.hr\">dunja.matic@uniri.hr<\/a><\/td><td>051\/265-694<\/td><\/tr><tr><td><strong>ECTS co-ordinator<\/strong><\/td><td><a href=\"https:\/\/portal.uniri.hr\/Portfelj\/Index\/6265\">Dunja Mati\u0107 Ben\u010di\u0107, Teaching Assistant<\/a><\/td><td>F-815<\/td><td><a href=\"mailto:dunja.matic@uniri.hr\">dunja.matic@uniri.hr<\/a><\/td><td>051\/265-694<\/td><\/tr><tr><td><strong>Research Co-ordinator for science<\/strong><\/td><td><a href=\"http:\/\/portal.uniri.hr\/Portfelj\/Details\/7380\">Dr. Toni Prug, Assist. Prof.<\/a><\/td><td>F-817<\/td><td><a href=\"mailto:toni.prug@ffri.uniri.hr\">toni.prug@ffri.uniri.hr<\/a><\/td><td>051\/265-699<\/td><\/tr><\/tbody><\/table><\/figure>\n\n\n\n<p><a href=\"https:\/\/ffri.uniri.hr\/en\/about-the-faculty\/organisation\/departments-and-divisions\/department-of-cultural-studies\/\">Web site<\/a><\/p>\n\n\n\n<p><a href=\"https:\/\/www.ffri.uniri.hr\/files\/dokumentiodsjeka\/KULT\/Brosura-Kulturologija-2021.ppsx\" data-type=\"URL\" data-id=\"https:\/\/www.ffri.uniri.hr\/files\/dokumentiodsjeka\/KULT\/Brosura-Kulturologija-2021.ppsx\" target=\"_blank\" rel=\"noreferrer noopener\">Promotional material<\/a><\/p>\n\n\n\n<p><a rel=\"noreferrer noopener\" href=\"https:\/\/fliphtml5.com\/bookcase\/nedhq?fbclid=IwAR2Vwf2OB8xId4JCHHRYHEE1I8mDsjhd_Z6d2zFyAAdcgrP6PVEyD0OcP_I\" target=\"_blank\">Fanzin .drugost<\/a><\/p>\n\n\n\n<ul class=\"wp-block-social-links is-layout-flex wp-block-social-links-is-layout-flex\"><li class=\"wp-social-link wp-social-link-facebook  wp-block-social-link\"><a rel=\"noopener nofollow\" target=\"_blank\" href=\"https:\/\/www.facebook.com\/fanzin.drugost\" class=\"wp-block-social-link-anchor\"><svg width=\"24\" height=\"24\" viewbox=\"0 0 24 24\" version=\"1.1\" xmlns=\"http:\/\/www.w3.org\/2000\/svg\" aria-hidden=\"true\" focusable=\"false\"><path d=\"M12 2C6.5 2 2 6.5 2 12c0 5 3.7 9.1 8.4 9.9v-7H7.9V12h2.5V9.8c0-2.5 1.5-3.9 3.8-3.9 1.1 0 2.2.2 2.2.2v2.5h-1.3c-1.2 0-1.6.8-1.6 1.6V12h2.8l-.4 2.9h-2.3v7C18.3 21.1 22 17 22 12c0-5.5-4.5-10-10-10z\"><\/path><\/svg><span class=\"wp-block-social-link-label screen-reader-text\">Facebook<\/span><\/a><\/li><\/ul>\n\n<\/div>\n\t\t<\/div>\n\n<div class=\"wp-block-ub-content-toggle-accordion\" style=\"border-color: #f1f1f1;\" id=\"ub-content-toggle-panel-block-69345f38-d773-448a-824a-fdf6f83892d6\">\n\t\t\t<div class=\"wp-block-ub-content-toggle-accordion-title-wrap\" style=\"background-color: #f1f1f1;\" aria-controls=\"ub-content-toggle-panel-1-bb51d812-0726-45ca-b387-7e8202c67621\" tabindex=\"0\">\n\t\t\t<p class=\"wp-block-ub-content-toggle-accordion-title ub-content-toggle-title-bb51d812-0726-45ca-b387-7e8202c67621\" style=\"color: #000000; \">Academic staff<\/p>\n\t\t\t<div class=\"wp-block-ub-content-toggle-accordion-toggle-wrap right\" style=\"color: #000000;\"><span class=\"wp-block-ub-content-toggle-accordion-state-indicator wp-block-ub-chevron-down\"><\/span><\/div>\n\t\t<\/div>\n\t\t\t<div role=\"region\" aria-expanded=\"false\" class=\"wp-block-ub-content-toggle-accordion-content-wrap ub-hide\" id=\"ub-content-toggle-panel-1-bb51d812-0726-45ca-b387-7e8202c67621\">\n\n<h3 class=\"wp-block-heading\">Academic staff<\/h3>\n\n\n\n<figure class=\"wp-block-table\"><table><tbody><tr><td><strong>Name, surname, and title<\/strong><\/td><td><strong>Office<\/strong><\/td><td><strong>E-mail<\/strong><\/td><td><strong>Telephone<\/strong><\/td><td><strong>Section<\/strong><\/td><\/tr><tr><td><a href=\"https:\/\/portal.uniri.hr\/Portfelj\/571\">Professor Nikola Petkovi\u0107, PhD<\/a><\/td><td>F-809<\/td><td><a href=\"mailto:nikola.petkovic@ffri.uniri.hr\">nikola.petkovic@ffri.uniri.hr<\/a><\/td><td>051\/265-693<\/td><td>Katedra za kulturalnu teoriju i diskurzne studije &#8211; Chair<\/td><\/tr><tr><td><a href=\"https:\/\/portal.uniri.hr\/Portfelj\/1047\">Professor Hajrudin Hromad\u017ei\u0107<\/a>, PhD<\/td><td>F-810<\/td><td><a href=\"mailto:hhromadzic@ffri.uniri.hr\">hhromadzic@ffri.uniri.hr<\/a><\/td><td>051\/265-697<\/td><td>Katedra za op\u0107u kulturologiju<\/td><\/tr><tr><td><a href=\"https:\/\/portal.uniri.hr\/Portfelj\/1050\">Professor Diana Grguri\u0107<\/a>, PhD<\/td><td>F-812<\/td><td><a href=\"mailto:dgrguric@ffri.uniri.hr\">dgrguric@ffri.uniri.hr<\/a><\/td><td>051\/265-706<\/td><td>Katedra za op\u0107u kulturologiju<\/td><\/tr><tr><td><a href=\"https:\/\/portal.uniri.hr\/Portfelj\/1453\">Professor Vjeran Pavlakovi\u0107<\/a>, PhD<\/td><td>F-804<\/td><td><a href=\"mailto:vjeran.pavlakovic@ffri.uniri.hr\">vjeran.pavlakovic@ffri.uniri.hr<\/a><\/td><td>051\/265-705<\/td><td>Katedra za kulturalnu teoriju i diskurzne studije<\/td><\/tr><tr><td><a href=\"https:\/\/portal.uniri.hr\/Portfelj\/1664\">Professor Katarina Peovi\u0107, PhD<\/a><\/td><td>F-814<\/td><td><a href=\"mailto:katarina.peovic@ffri.uniri.hr\">katarina.peovic@ffri.uniri.hr<\/a><\/td><td>051\/265-700<\/td><td>Katedra za kulturalnu teoriju i diskurzne studije<\/td><\/tr><tr><td><a href=\"https:\/\/portal.uniri.hr\/Portfelj\/106\">Dr. Sanja Puljar D&#8217;Alessio<\/a>, Assoc. Prof.<\/td><td>F-808<\/td><td><a href=\"mailto:spuljar@ffri.uniri.hr\">spuljar@ffri.uniri.hr<\/a><\/td><td>051\/265-691<\/td><td>Katedra za kulturalnu teoriju i diskurzne studije<\/td><\/tr><tr><td><a href=\"https:\/\/portal.uniri.hr\/Portfelj\/65\">Dr. Sarah Czerny<\/a>, Assoc. Prof.<\/td><td>F-807<\/td><td><a href=\"mailto:sczerny@ffri.uniri.hr\">sczerny@ffri.uniri.hr<\/a><\/td><td>051\/265-695<\/td><td>Katedra za op\u0107u kulturologiju \u2013Chair<\/td><\/tr><tr><td><a href=\"https:\/\/portal.uniri.hr\/Portfelj\/963\">Dr. Iva \u017duri\u0107 Jakovina<\/a>, Assoc. Prof.<\/td><td>F-815<\/td><td><a href=\"mailto:izuric@ffri.uniri.hr\">izuric@ffri.uniri.hr<\/a><\/td><td>051\/265-698<\/td><td>Katedra za op\u0107u kulturologiju &#8211;<\/td><\/tr><tr><td><a href=\"https:\/\/portal.uniri.hr\/Portfelj\/1078\">Dr. Benedikt Perak, Assoc. Prof.<\/a><\/td><td>F-811<\/td><td><a href=\"mailto:bperak@ffri.uniri.hr\">bperak@ffri.uniri.hr<\/a><\/td><td>051\/265-704<\/td><td>Katedra za kulturalnu teoriju i diskurzne studije<\/td><\/tr><tr><td><a href=\"https:\/\/portal.uniri.hr\/Portfelj\/100\">Dr. Brigita Milo\u0161<\/a>, Assoc. Prof.<\/td><td>F-816<\/td><td><a href=\"mailto:bmilos@ffri.uniri.hr\">bmilos@ffri.uniri.hr<\/a><\/td><td>051\/265-701<\/td><td>Katedra za op\u0107u kulturologiju<\/td><\/tr><tr><td><a href=\"https:\/\/portal.uniri.hr\/Portfelj\/2782\">Dr. Ozren Pupovac<\/a>, Assist. Prof.<\/td><td>F-817<\/td><td><a href=\"mailto:ozren.pupovac@ffri.uniri.hr\">ozren.pupovac@ffri.uniri.hr<\/a><\/td><td>051\/265-699<\/td><td>Katedra za kulturalnu teoriju i diskurzne studije<\/td><\/tr><tr><td><a href=\"https:\/\/portal.uniri.hr\/Portfelj\/2048\">Dr. Boris Ru\u017ei\u0107<\/a>, Assist. Prof.<\/td><td>F-813<\/td><td><a href=\"mailto:bruzic@ffri.uniri.hr\">bruzic@ffri.uniri.hr<\/a><\/td><td>051\/265-702<\/td><td>Katedra za kulturalnu teoriju i diskurzne studije<\/td><\/tr><tr><td><a href=\"http:\/\/portal.uniri.hr\/Portfelj\/Details\/7380\">Dr. Toni Prug<\/a>, Assist. Prof.<\/td><td>F-817<\/td><td><a href=\"mailto:toni.prug@ffri.uniri.hr\">toni.prug@ffri.uniri.hr<\/a><\/td><td>051\/265-699<\/td><td>Katedra za op\u0107u kulturologiju<\/td><\/tr><tr><td><a href=\"https:\/\/portal.uniri.hr\/Portfelj\/details\/7972#kontakt\">dr. sc. Eric U\u0161i\u0107, Postdoctoral Fellow\/Researcher<\/a><\/td><td>F-804<\/td><td><a href=\"mailto:eric.usic@uniri.hr\">eric.usic@uniri.hr<\/a><\/td><td>051\/265-705<\/td><td>Project MEMPOP<\/td><\/tr><tr><td>Dr. Slaven Crni\u0107, Postdoctoral Fellow\/Researcher<\/td><td>F-804<\/td><td><a href=\"mailto:slaven.crnic@ffri.uniri.hr\">slaven.crnic@ffri.uniri.hr<\/a><\/td><td>051\/265-705<\/td><td>ERC \u2013 Project REVENANT<\/td><\/tr><tr><td><a href=\"https:\/\/portal.uniri.hr\/Portfelj\/Index\/6265\">Dunja Mati\u0107 Ben\u010di\u0107, Teaching Assistant<\/a><\/td><td>F-815<\/td><td><a href=\"mailto:dunja.matic@ffri.uniri.hr\">dunja.matic@ffri.uniri.hr<\/a><\/td><td>051\/265-694<\/td><td>Katedra za op\u0107u kulturologiju<\/td><\/tr><\/tbody><\/table><\/figure>\n\n\n\n<h3 class=\"wp-block-heading\">External Collaborators<\/h3>\n\n\n\n<figure class=\"wp-block-table\"><table><tbody><tr><td><strong>Name, surname, and title<\/strong><\/td><td><strong>Office<\/strong><\/td><td><strong>E-mail<\/strong><\/td><\/tr><tr><td><a href=\"https:\/\/www.ffzg.unizg.hr\/roman\/francuski\/nastavnici\/dr-sc-nenad-ivic-red-prof\/\">\u00a0Dr. sc. Nenad Ivi\u0107, Honoris Professor<\/a><\/td><td>&#8211;<\/td><td><a href=\"mailto:nivic@m.ffzg.hr\">nivic@m.ffzg.hr<\/a><\/td><\/tr><tr><td>Dr. Kristina D\u017ein, Senior Lecturer<\/td><td>&#8211;<\/td><td><a href=\"mailto:kdzin@uniri.hr\">kdzin@uniri.hr<\/a><\/td><\/tr><tr><td><a href=\"https:\/\/www.brankomijic.com\/\">Mr. Branko Miji\u0107, Lecturer<\/a><\/td><td>F-809<\/td><td><a href=\"mailto:mijicbranko@gmail.com\">mijicbranko@gmail.com<\/a><\/td><\/tr><\/tbody><\/table><\/figure>\n\n\n\n<figure class=\"wp-block-table\"><table><tbody><tr><td><strong>ERC \u2013 Project REVENANT<\/strong><\/td><td><strong>Office<\/strong><\/td><td><strong>E-mail<\/strong><\/td><td><strong>Telephone<\/strong><\/td><td><strong>Section<\/strong><\/td><\/tr><tr><td>Dr. Jeremy F. Walton, The Principal Investigator<\/td><td>F-804<\/td><td><a href=\"mailto:jeremy.walton@uniri.hr\">jeremy.walton@uniri.hr<\/a><\/td><td>051\/265-696<\/td><td>ERC \u2013 Project REVENANT<\/td><\/tr><tr><td>Dr. Lili Di Puppo, Postdoctoral Researcher<\/td><td>F-121<\/td><td><a href=\"mailto:lili.dipuppo@uniri.hr\">lili.dipuppo@uniri.hr<\/a><\/td><td>&#8212;<\/td><td>ERC \u2013 Project REVENANT<\/td><\/tr><tr><td>Dr. Ivan Flis, Postdoctoral Researcher<\/td><td>F-121<\/td><td><a href=\"mailto:ivan.flis@uniri.hr\">ivan.flis@uniri.hr<\/a><\/td><td>&#8212;<\/td><td>ERC \u2013 Project REVENANT<\/td><\/tr><tr><td>Dr. Kevin N. Kenjar, Postdoctoral Researcher<\/td><td>F-121<\/td><td><a href=\"mailto:kevin.kenjar@uniri.hr\">kevin.kenjar@uniri.hr<\/a><\/td><td>&#8212;<\/td><td>ERC \u2013 Project REVENANT<\/td><\/tr><tr><td>Dr. Slaven Crni\u0107, Postdoctoral Researcher<\/td><td>F-121<\/td><td><a href=\"mailto:slaven.crnic@uniri.hr\">slaven.crnic@uniri.hr<\/a><\/td><td>&#8212;<\/td><td>ERC \u2013 Project REVENANT<\/td><\/tr><tr><td>Matea Magdi\u0107, Research Associate<\/td><td>F-121<\/td><td><a href=\"mailto:matea.magdic@uniri.hr\">matea.magdic@uniri.hr<\/a><\/td><td>&#8212;<\/td><td>ERC \u2013 Project REVENANT<\/td><\/tr><tr><td>Magdalena M. Mea\u0161i\u0107, Research Associate<\/td><td>F-121<\/td><td><a href=\"mailto:magdalena.measic@uniri.hr\">magdalena.measic@uniri.hr<\/a><\/td><td>&#8212;<\/td><td>ERC \u2013 Project REVENANT<\/td><\/tr><tr><td>Goran Stani\u0107, Research Associate<\/td><td>F-121<\/td><td><a href=\"mailto:goran.stanic@uniri.hr\">goran.stanic@uniri.hr<\/a><\/td><td>&#8212;<\/td><td>ERC \u2013 Project REVENANT<\/td><\/tr><tr><td>Adi Tufek, Research Associate<\/td><td>F-121<\/td><td><a href=\"mailto:adi.tufek@uniri.hr\">adi.tufek@uniri.hr<\/a><\/td><td>&#8212;<\/td><td>ERC \u2013 Project REVENANT<\/td><\/tr><tr><td>Emanuela Erasmus, Project Administrator<\/td><td>FU-120<\/td><td><a href=\"mailto:emanuela.erasmus@uniri.hr\">emanuela.erasmus@uniri.hr<\/a><\/td><td>051\/265-853<\/td><td>ERC \u2013 Project REVENANT<\/td><\/tr><\/tbody><\/table><\/figure>\n\n<\/div>\n\t\t<\/div>\n<\/div>","protected":false},"excerpt":{"rendered":"","protected":false},"author":4,"featured_media":0,"parent":8716,"menu_order":5,"comment_status":"closed","ping_status":"closed","template":"","meta":{"_acf_changed":false,"ub_ctt_via":"","footnotes":""},"class_list":["post-8726","page","type-page","status-publish","hentry"],"acf":[],"featured_image_src":null,"_links":{"self":[{"href":"https:\/\/ffri.uniri.hr\/en\/wp-json\/wp\/v2\/pages\/8726","targetHints":{"allow":["GET"]}}],"collection":[{"href":"https:\/\/ffri.uniri.hr\/en\/wp-json\/wp\/v2\/pages"}],"about":[{"href":"https:\/\/ffri.uniri.hr\/en\/wp-json\/wp\/v2\/types\/page"}],"author":[{"embeddable":true,"href":"https:\/\/ffri.uniri.hr\/en\/wp-json\/wp\/v2\/users\/4"}],"replies":[{"embeddable":true,"href":"https:\/\/ffri.uniri.hr\/en\/wp-json\/wp\/v2\/comments?post=8726"}],"version-history":[{"count":22,"href":"https:\/\/ffri.uniri.hr\/en\/wp-json\/wp\/v2\/pages\/8726\/revisions"}],"predecessor-version":[{"id":18172,"href":"https:\/\/ffri.uniri.hr\/en\/wp-json\/wp\/v2\/pages\/8726\/revisions\/18172"}],"up":[{"embeddable":true,"href":"https:\/\/ffri.uniri.hr\/en\/wp-json\/wp\/v2\/pages\/8716"}],"wp:attachment":[{"href":"https:\/\/ffri.uniri.hr\/en\/wp-json\/wp\/v2\/media?parent=8726"}],"curies":[{"name":"wp","href":"https:\/\/api.w.org\/{rel}","templated":true}]}}