{"id":8728,"date":"2021-09-29T11:32:18","date_gmt":"2021-09-29T11:32:18","guid":{"rendered":"https:\/\/ffri.uniri.hr\/?page_id=8728"},"modified":"2025-09-02T09:22:29","modified_gmt":"2025-09-02T09:22:29","slug":"department-of-pedagogy","status":"publish","type":"page","link":"https:\/\/ffri.uniri.hr\/en\/about-the-faculty\/organisation\/departments-and-divisions\/department-of-pedagogy\/","title":{"rendered":"Department of Pedagogy"},"content":{"rendered":"<div class=\"wp-block-ub-content-toggle wp-block-ub-content-toggle-block\" id=\"ub-content-toggle-block-984040e6-dccc-41b8-9b6a-a700d49f0fb7\" data-mobilecollapse=\"false\" data-desktopcollapse=\"true\" data-preventcollapse=\"false\" data-showonlyone=\"false\">\n<div class=\"wp-block-ub-content-toggle-accordion\" style=\"border-color: #f1f1f1;\" id=\"ub-content-toggle-panel-block-\">\n\t\t\t<div class=\"wp-block-ub-content-toggle-accordion-title-wrap\" style=\"background-color: #f1f1f1;\" aria-controls=\"ub-content-toggle-panel-0-984040e6-dccc-41b8-9b6a-a700d49f0fb7\" tabindex=\"0\">\n\t\t\t<p class=\"wp-block-ub-content-toggle-accordion-title ub-content-toggle-title-984040e6-dccc-41b8-9b6a-a700d49f0fb7\" style=\"color: #000000; \">Contacts<\/p>\n\t\t\t<div class=\"wp-block-ub-content-toggle-accordion-toggle-wrap right\" style=\"color: #000000;\"><span class=\"wp-block-ub-content-toggle-accordion-state-indicator wp-block-ub-chevron-down\"><\/span><\/div>\n\t\t<\/div>\n\t\t\t<div role=\"region\" aria-expanded=\"false\" class=\"wp-block-ub-content-toggle-accordion-content-wrap ub-hide\" id=\"ub-content-toggle-panel-0-984040e6-dccc-41b8-9b6a-a700d49f0fb7\">\n\n<figure class=\"wp-block-table\"><table><thead><tr><th><\/th><th>Name<\/th><th>Room<\/th><th>E-mail<\/th><th>Telephone<\/th><\/tr><\/thead><tbody><tr><td><strong>Head of Department<\/strong><\/td><td>Professor Vesna Kova\u010d<\/td><td>F-312<\/td><td><a href=\"mailto:vesna.kovac@ffri.uniri.hr\">vesna.kovac@ffri.uniri.hr<\/a><\/td><td>051\/265-717<\/td><\/tr><tr><td><strong>Secretary<\/strong><\/td><td>\u017deljka Debeljuh Dorijan \u017duni\u0107<\/td><td>F-318<\/td><td><a href=\"mailto:zeljka.crnaric@ffri.uniri.hr\">zeljka.crnaric@ffri.uniri.hr<\/a> <a href=\"mailto:dorijan.zunic@ffri.uniri.hr\">dorijan.zunic@ffri.uniri.hr<\/a><\/td><td>051\/265-746 051\/265-708<\/td><\/tr><tr><td><strong>First-year Academic Advisor<\/strong><\/td><td>Dr. Ivana Mio\u010di\u0107, Postdoctoral Fellow\u00a0<\/td><td>F-321<\/td><td><a href=\"mailto:ivana.miocic@ffri.uniri.hr\">ivana.miocic@ffri.uniri.hr<\/a><\/td><td>051\/669-212<\/td><\/tr><tr><td><strong>Erasmus Co-ordinator<\/strong><\/td><td>Dr. Ivana Mio\u010di\u0107, Postdoctoral Fellow\u00a0<\/td><td>F-321<\/td><td><a href=\"mailto:ivana.miocic@ffri.uniri.hr\">ivana.miocic@ffri.uniri.hr<\/a><\/td><td>051\/669-212<\/td><\/tr><tr><td><strong>ECTS Co-ordinator<\/strong><\/td><td>Zlatka Gregorovi\u0107 Belai\u0107, Teaching Assistant<\/td><td>F-321<\/td><td><a href=\"mailto:zlatka.belaic@ffri.uniri.hr\">zlatka.belaic@ffri.uniri.hr<\/a><\/td><td>051\/265-782<\/td><\/tr><tr><td><strong>Research Co-ordinator<\/strong><\/td><td>Nadja \u010cekolj, Teaching Assistant<\/td><td>F-310<\/td><td><a href=\"mailto:nadja.cekolj@ffri.uniri.hr\">nadja.cekolj@ffri.uniri.hr<\/a><\/td><td>051\/265-635<\/td><\/tr><\/tbody><\/table><\/figure>\n\n\n\n<p><a href=\"https:\/\/ffri.uniri.hr\/en\/about-the-faculty\/organisation\/departments-and-divisions\/department-of-pedagogy\/\">Web site<\/a><\/p>\n\n\n\n<p><a href=\"https:\/\/ffri.uniri.hr\/studiranje\/buduci-studenti\/promotivni-materijali-ffri\/\">Promotional Material<\/a><\/p>\n\n<\/div>\n\t\t<\/div>\n\n<div class=\"wp-block-ub-content-toggle-accordion\" style=\"border-color: #f1f1f1;\" id=\"ub-content-toggle-panel-block-\">\n\t\t\t<div class=\"wp-block-ub-content-toggle-accordion-title-wrap\" style=\"background-color: #f1f1f1;\" aria-controls=\"ub-content-toggle-panel-1-984040e6-dccc-41b8-9b6a-a700d49f0fb7\" tabindex=\"0\">\n\t\t\t<p class=\"wp-block-ub-content-toggle-accordion-title ub-content-toggle-title-984040e6-dccc-41b8-9b6a-a700d49f0fb7\" style=\"color: #000000; \">Academic staff<\/p>\n\t\t\t<div class=\"wp-block-ub-content-toggle-accordion-toggle-wrap right\" style=\"color: #000000;\"><span class=\"wp-block-ub-content-toggle-accordion-state-indicator wp-block-ub-chevron-down\"><\/span><\/div>\n\t\t<\/div>\n\t\t\t<div role=\"region\" aria-expanded=\"false\" class=\"wp-block-ub-content-toggle-accordion-content-wrap ub-hide\" id=\"ub-content-toggle-panel-1-984040e6-dccc-41b8-9b6a-a700d49f0fb7\">\n\n<figure class=\"wp-block-table\"><table><thead><tr><th>Name<\/th><th>Room<\/th><th>E-mail<\/th><th>Telephone<\/th><th>Section<\/th><\/tr><\/thead><tbody><tr><td>Professor Bojana \u0106ulum Ili\u0107<\/td><td>F-313<\/td><td><a href=\"mailto:bojana.culum@ffri.uniri.hr\">bojana.culum@ffri.uniri.hr<\/a><\/td><td>051\/265-711<\/td><td>Special Needs Pedagogy (Head); Systematic Pedagogy<\/td><\/tr><tr><td>Professor Vesna Kova\u010d<\/td><td>F-312<\/td><td><a href=\"mailto:vesna.kovac@ffri.uniri.hr\">vesna.kovac@ffri.uniri.hr<\/a><\/td><td>051\/265-717<\/td><td>Adult Education and Educational Policy; Institutional Education<\/td><\/tr><tr><td>Professor Jasminka Ledi\u0107<\/td><td>F-311<\/td><td><a href=\"mailto:jasminka.ledic@ffri.uniri.hr\">jasminka.ledic@ffri.uniri.hr<\/a><\/td><td>051\/265-718<\/td><td>Institutional Education (Head); Systematic Pedagogy<\/td><\/tr><tr><td>Professor Kornelija Mrnjaus<\/td><td>F-323<\/td><td><a href=\"mailto:kornelija.mrnjaus@ffri.uniri.hr\">kornelija.mrnjaus@ffri.uniri.hr<\/a><\/td><td>051\/265-721<\/td><td>Adult Education and Educational Policy; Special Needs Pedagogy<\/td><\/tr><tr><td>Professor Nena Ron\u010devi\u0107<\/td><td>F-315<\/td><td><a href=\"mailto:nena.roncevic@ffri.uniri.hr\">nena.roncevic@ffri.uniri.hr<\/a><\/td><td>051\/265-720<\/td><td>Systematic Pedagogy; Special Needs Pedagogy<\/td><\/tr><tr><td>Professor Sofija Vrcelj<\/td><td>F-316<\/td><td><a href=\"mailto:svrcelj@ffri.uniri.hr\">svrcelj@ffri.uniri.hr<\/a><\/td><td>051\/265-710<\/td><td>Systematic Pedagogy (Head); Institutional Education<\/td><\/tr><tr><td>Professor Jasminka Zlokovi\u0107<\/td><td>F-317<\/td><td><a href=\"mailto:jasminka.zlokovic@ffri.uniri.hr\">jasminka.zlokovic@ffri.uniri.hr<\/a><\/td><td>051\/265-707<\/td><td>Family and Non-Institutional Education; Institutional Education (Head)<\/td><\/tr><tr><td>Professor Anita Zovko<\/td><td>F-314<\/td><td><a href=\"mailto:anita.zovko@uniri.hr\">anita.zovko@uniri.hr<\/a><\/td><td>051\/265-716<\/td><td>Adult Education and Educational Policy (Head); Institutional Education<\/td><\/tr><tr><td>Professor Sini\u0161a Ku\u0161i\u0107<\/td><td>F-324<\/td><td><a href=\"mailto:skusic@ffri.uniri.hr\">skusic@ffri.uniri.hr<\/a><\/td><td>051\/265-709<\/td><td>Institutional Education; Adult Education and Educational Policy<\/td><\/tr><tr><td>Dr. Iva Buchberger, Assist. Prof.<\/td><td>F-322<\/td><td><a href=\"mailto:ibuchberger@ffri.uniri.hr\">ibuchberger@ffri.uniri.hr<\/a><\/td><td>051\/265-617<\/td><td>Institutional Education; Special Needs Pedagogy<\/td><\/tr><tr><td>Dr. Ivana Mio\u010di\u0107, Postdoctoral Fellow\u00a0<\/td><td>F-321<\/td><td><a href=\"mailto:ivana.miocic@ffri.uniri.hr\">ivana.miocic@ffri.uniri.hr<\/a><\/td><td>051\/669-212<\/td><td>Institutional Education; Systematic Pedagogy<\/td><\/tr><tr><td>Dr. Bojana Vignjevi\u0107 Korotaj, Postdoctoral Fellow\u00a0<\/td><td>F-322<\/td><td><a href=\"mailto:bojana.vignjevic@ffri.uniri.hr\">bojana.vignjevic@ffri.uniri.hr<\/a><\/td><td>051\/669-213<\/td><td>Institutional Education; Special Needs Pedagogy<\/td><\/tr><tr><td>Dr. Nena Vukeli\u0107, Postdoctoral Fellow\u00a0<\/td><td>F-310<\/td><td><a href=\"mailto:nvukelic1@ffri.uniri.hr\">nvukelic1@ffri.uniri.hr<\/a><\/td><td>051\/669-215<\/td><td>Systematic Pedagogy; Special Needs Pedagogy<\/td><\/tr><tr><td>Nadja \u010cekolj, Teaching Assistant<\/td><td>F-310<\/td><td><a href=\"mailto:nadja.cekolj@ffri.uniri.hr\">nadja.cekolj@ffri.uniri.hr<\/a><\/td><td>051\/265-635<\/td><td>Family and Non-Institutional Education; Institutional Education<\/td><\/tr><tr><td>Zlatka Gregorovi\u0107, Teaching Assistant<\/td><td>F-321<\/td><td><a href=\"mailto:zlatka.gregorovic@ffri.uniri.hr\">zlatka.gregorovic@ffri.uniri.hr<\/a><\/td><td>051\/265-782<\/td><td>Family and Non-Institutional Education<\/td><\/tr><\/tbody><\/table><\/figure>\n\n\n\n<h3 class=\"wp-block-heading\">External collaborators<\/h3>\n\n\n\n<figure class=\"wp-block-table\"><table><thead><tr><th>Teacher<\/th><th>Room<\/th><th>E-mail<\/th><th>Telephone<\/th><th>Section<\/th><\/tr><\/thead><tbody><tr><td>Ines Begi\u0107, Lector<\/td><td>F-316<\/td><td><a href=\"mailto:ines.begic@ffri.uniri.hr\">ines.begic@ffri.uniri.hr<\/a><\/td><td>\u00a0<\/td><td>\u00a0<\/td><\/tr><tr><td>Petra Berlot, Lector<\/td><td>F-314<\/td><td><a href=\"mailto:petra.berlot@ffri.uniri.hr\">petra.berlot@ffri.uniri.hr<\/a><\/td><td>\u00a0<\/td><td>\u00a0<\/td><\/tr><tr><td>Iva Davorija, Lector<\/td><td>F-313<\/td><td><a href=\"mailto:iva.davorija@uniri.hr\">iva.davorija@uniri.hr<\/a><\/td><td>\u00a0<\/td><td>\u00a0<\/td><\/tr><tr><td>Ivana Edmonds, Senior Lector<\/td><td>\u00a0<\/td><td><a href=\"mailto:ivana.edmonds@ffri.uniri.hr\">ivana.edmonds@ffri.uniri.hr<\/a><\/td><td>\u00a0<\/td><td>\u00a0<\/td><\/tr><tr><td>Dr. Marko Kova\u010di\u0107, Assist. Prof.<\/td><td>F-313<\/td><td><a href=\"mailto:marko.kovacic@bernays.hr\">marko.kovacic@bernays.hr<\/a><\/td><td>\u00a0<\/td><td>\u00a0<\/td><\/tr><tr><td>Melanija Mohori\u0107, Teaching Assistant<\/td><td>F-324<\/td><td><a href=\"mailto:mmohoric@ffri.uniri.hr\">mmohoric@ffri.uniri.hr<\/a><\/td><td>\u00a0<\/td><td>\u00a0<\/td><\/tr><tr><td>Filip Polegubi\u0107, Teaching Assistant<\/td><td>F-314<\/td><td><a href=\"mailto:fpolegubic@ffri.uniri.hr\">fpolegubic@ffri.uniri.hr<\/a><\/td><td>\u00a0<\/td><td>\u00a0<\/td><\/tr><tr><td>Kolinda Vu\u010dini\u0107, Teaching Assistant<\/td><td>F-317<\/td><td><a href=\"mailto:vucinickolinda5@gmail.com\">vucinickolinda5@gmail.com<\/a><\/td><td>\u00a0<\/td><td>\u00a0<\/td><\/tr><tr><td>Davor Vukeli\u0107, Teaching Assistant<\/td><td>F-314<\/td><td><a href=\"mailto:dvukelic@student.uniri.hr\">dvukelic@student.uniri.hr<\/a><\/td><td>\u00a0<\/td><td>\u00a0<\/td><\/tr><\/tbody><\/table><\/figure>\n\n<\/div>\n\t\t<\/div>\n<\/div>","protected":false},"excerpt":{"rendered":"","protected":false},"author":4,"featured_media":0,"parent":8716,"menu_order":6,"comment_status":"closed","ping_status":"closed","template":"","meta":{"_acf_changed":false,"ub_ctt_via":"","footnotes":""},"class_list":["post-8728","page","type-page","status-publish","hentry"],"acf":[],"featured_image_src":null,"_links":{"self":[{"href":"https:\/\/ffri.uniri.hr\/en\/wp-json\/wp\/v2\/pages\/8728","targetHints":{"allow":["GET"]}}],"collection":[{"href":"https:\/\/ffri.uniri.hr\/en\/wp-json\/wp\/v2\/pages"}],"about":[{"href":"https:\/\/ffri.uniri.hr\/en\/wp-json\/wp\/v2\/types\/page"}],"author":[{"embeddable":true,"href":"https:\/\/ffri.uniri.hr\/en\/wp-json\/wp\/v2\/users\/4"}],"replies":[{"embeddable":true,"href":"https:\/\/ffri.uniri.hr\/en\/wp-json\/wp\/v2\/comments?post=8728"}],"version-history":[{"count":5,"href":"https:\/\/ffri.uniri.hr\/en\/wp-json\/wp\/v2\/pages\/8728\/revisions"}],"predecessor-version":[{"id":16651,"href":"https:\/\/ffri.uniri.hr\/en\/wp-json\/wp\/v2\/pages\/8728\/revisions\/16651"}],"up":[{"embeddable":true,"href":"https:\/\/ffri.uniri.hr\/en\/wp-json\/wp\/v2\/pages\/8716"}],"wp:attachment":[{"href":"https:\/\/ffri.uniri.hr\/en\/wp-json\/wp\/v2\/media?parent=8728"}],"curies":[{"name":"wp","href":"https:\/\/api.w.org\/{rel}","templated":true}]}}