{"id":8730,"date":"2021-09-29T11:33:18","date_gmt":"2021-09-29T11:33:18","guid":{"rendered":"https:\/\/ffri.uniri.hr\/?page_id=8730"},"modified":"2025-01-20T11:39:33","modified_gmt":"2025-01-20T11:39:33","slug":"department-of-history","status":"publish","type":"page","link":"https:\/\/ffri.uniri.hr\/en\/about-the-faculty\/organisation\/departments-and-divisions\/department-of-history\/","title":{"rendered":"Department of History"},"content":{"rendered":"<div class=\"wp-block-ub-content-toggle wp-block-ub-content-toggle-block\" id=\"ub-content-toggle-block-f7be0a47-8033-402f-855a-dd1c8706c020\" data-mobilecollapse=\"false\" data-desktopcollapse=\"true\" data-preventcollapse=\"false\" data-showonlyone=\"false\">\n<div class=\"wp-block-ub-content-toggle-accordion\" style=\"border-color: #f1f1f1;\" id=\"ub-content-toggle-panel-block-\">\n\t\t\t<div class=\"wp-block-ub-content-toggle-accordion-title-wrap\" style=\"background-color: #f1f1f1;\" aria-controls=\"ub-content-toggle-panel-0-f7be0a47-8033-402f-855a-dd1c8706c020\" tabindex=\"0\">\n\t\t\t<p class=\"wp-block-ub-content-toggle-accordion-title ub-content-toggle-title-f7be0a47-8033-402f-855a-dd1c8706c020\" style=\"color: #000000; \">Contacts<\/p>\n\t\t\t<div class=\"wp-block-ub-content-toggle-accordion-toggle-wrap right\" style=\"color: #000000;\"><span class=\"wp-block-ub-content-toggle-accordion-state-indicator wp-block-ub-chevron-down\"><\/span><\/div>\n\t\t<\/div>\n\t\t\t<div role=\"region\" aria-expanded=\"false\" class=\"wp-block-ub-content-toggle-accordion-content-wrap ub-hide\" id=\"ub-content-toggle-panel-0-f7be0a47-8033-402f-855a-dd1c8706c020\">\n\n<figure class=\"wp-block-table\"><table><thead><tr><th><\/th><th>Name<\/th><th>Room<\/th><th>E-mail<\/th><th>Telephone<\/th><\/tr><\/thead><tbody><tr><td><strong>Interim Head of Department<\/strong><\/td><td>Dr. Andrea Rokni\u0107 Be\u017eani\u0107, Assist. Prof.<\/td><td>F-448<\/td><td><a href=\"mailto:aroknic@ffri.uniri.hr\" data-type=\"mailto\" data-id=\"mailto:aroknic@ffri.uniri.hr\">aroknic@ffri.uniri.hr<\/a><\/td><td>265-730\/051<\/td><\/tr><tr><td><strong>Secretary<\/strong><\/td><td>Gordana D\u017eelalija<\/td><td>F-419<\/td><td><a href=\"mailto:gordana.dzelalija@ffri.uniri.hr\">gordana.dzelalija@ffri.uniri.hr<\/a><\/td><td>265-638\/051<\/td><\/tr><tr><td><strong>First Year Academic Advisor<\/strong><\/td><td>Vjeran Brezak, Teaching Assistant<\/td><td>F-437<\/td><td><a href=\"mailto:vjeran.brezak@ffri.uniri.hr\">vjeran.brezak@ffri.uniri.hr<\/a><\/td><td>265-793\/051<\/td><\/tr><tr><td><strong>Erasmus co-ordinator<\/strong><\/td><td>Dr. Fe\u0111a Milivojevi\u0107, Postdoctoral Fellow<\/td><td>F-439<\/td><td><a href=\"mailto:feda.milivojevic@ffri.uniri.hr\">feda.milivojevic@ffri.uniri.hr<\/a><\/td><td>265-734\/051<\/td><\/tr><tr><td><strong>ECTS co-ordinator<\/strong><\/td><td>Dr. Fe\u0111a Milivojevi\u0107, Postdoctoral Fellow<\/td><td>F-439<\/td><td><a href=\"mailto:feda.milivojevic@ffri.uniri.hr\">feda.milivojevic@ffri.uniri.hr<\/a><\/td><td>265-734\/051<\/td><\/tr><tr><td><strong>Co-ordinator for science<\/strong><\/td><td>Dr. Mila Orli\u0107, Assoc. Prof.<\/td><td>F-445<\/td><td><a href=\"mailto:milaorlic@ffri.uniri.hr\">milaorlic@ffri.uniri.hr<\/a><\/td><td>265-735\/051<\/td><\/tr><\/tbody><\/table><\/figure>\n\n\n\n<p><a href=\"https:\/\/www.ffri.hr\/povijest\/\">Web site<\/a><\/p>\n\n\n\n<p><a href=\"https:\/\/www.ffri.uniri.hr\/files\/dokumentiodsjeka\/POV\/Brosura-Povijest-1_2022.pdf\" target=\"_blank\" rel=\"noreferrer noopener\">Bro\u0161ura<\/a><\/p>\n\n\n\n<ul class=\"wp-block-social-links is-layout-flex wp-block-social-links-is-layout-flex\"><li class=\"wp-social-link wp-social-link-facebook  wp-block-social-link\"><a rel=\"noopener nofollow\" target=\"_blank\" href=\"https:\/\/www.facebook.com\/Odsjek-za-povijest-Filozofskog-fakulteta-u-Rijeci-650658258879591\/\" class=\"wp-block-social-link-anchor\"><svg width=\"24\" height=\"24\" viewbox=\"0 0 24 24\" version=\"1.1\" xmlns=\"http:\/\/www.w3.org\/2000\/svg\" aria-hidden=\"true\" focusable=\"false\"><path d=\"M12 2C6.5 2 2 6.5 2 12c0 5 3.7 9.1 8.4 9.9v-7H7.9V12h2.5V9.8c0-2.5 1.5-3.9 3.8-3.9 1.1 0 2.2.2 2.2.2v2.5h-1.3c-1.2 0-1.6.8-1.6 1.6V12h2.8l-.4 2.9h-2.3v7C18.3 21.1 22 17 22 12c0-5.5-4.5-10-10-10z\"><\/path><\/svg><span class=\"wp-block-social-link-label screen-reader-text\">Facebook<\/span><\/a><\/li>\n\n<li class=\"wp-social-link wp-social-link-youtube  wp-block-social-link\"><a rel=\"noopener nofollow\" target=\"_blank\" href=\"https:\/\/www.youtube.com\/watch?v=J915toaTI1o\" class=\"wp-block-social-link-anchor\"><svg width=\"24\" height=\"24\" viewbox=\"0 0 24 24\" version=\"1.1\" xmlns=\"http:\/\/www.w3.org\/2000\/svg\" aria-hidden=\"true\" focusable=\"false\"><path d=\"M21.8,8.001c0,0-0.195-1.378-0.795-1.985c-0.76-0.797-1.613-0.801-2.004-0.847c-2.799-0.202-6.997-0.202-6.997-0.202 h-0.009c0,0-4.198,0-6.997,0.202C4.608,5.216,3.756,5.22,2.995,6.016C2.395,6.623,2.2,8.001,2.2,8.001S2,9.62,2,11.238v1.517 c0,1.618,0.2,3.237,0.2,3.237s0.195,1.378,0.795,1.985c0.761,0.797,1.76,0.771,2.205,0.855c1.6,0.153,6.8,0.201,6.8,0.201 s4.203-0.006,7.001-0.209c0.391-0.047,1.243-0.051,2.004-0.847c0.6-0.607,0.795-1.985,0.795-1.985s0.2-1.618,0.2-3.237v-1.517 C22,9.62,21.8,8.001,21.8,8.001z M9.935,14.594l-0.001-5.62l5.404,2.82L9.935,14.594z\"><\/path><\/svg><span class=\"wp-block-social-link-label screen-reader-text\">YouTube<\/span><\/a><\/li><\/ul>\n\n\n\n<p><\/p>\n\n<\/div>\n\t\t<\/div>\n\n<div class=\"wp-block-ub-content-toggle-accordion\" style=\"border-color: #f1f1f1;\" id=\"ub-content-toggle-panel-block-\">\n\t\t\t<div class=\"wp-block-ub-content-toggle-accordion-title-wrap\" style=\"background-color: #f1f1f1;\" aria-controls=\"ub-content-toggle-panel-1-f7be0a47-8033-402f-855a-dd1c8706c020\" tabindex=\"0\">\n\t\t\t<p class=\"wp-block-ub-content-toggle-accordion-title ub-content-toggle-title-f7be0a47-8033-402f-855a-dd1c8706c020\" style=\"color: #000000; \">Academic staff<\/p>\n\t\t\t<div class=\"wp-block-ub-content-toggle-accordion-toggle-wrap right\" style=\"color: #000000;\"><span class=\"wp-block-ub-content-toggle-accordion-state-indicator wp-block-ub-chevron-down\"><\/span><\/div>\n\t\t<\/div>\n\t\t\t<div role=\"region\" aria-expanded=\"false\" class=\"wp-block-ub-content-toggle-accordion-content-wrap ub-hide\" id=\"ub-content-toggle-panel-1-f7be0a47-8033-402f-855a-dd1c8706c020\">\n\n<figure class=\"wp-block-table\"><table><thead><tr><th>Name<\/th><th>Room<\/th><th>Email<\/th><th>Telephone<\/th><th>Section<\/th><\/tr><\/thead><tbody><tr><td>Professor Neven Budak<\/td><td>F-444<\/td><td><a href=\"mailto:neven.budak@ffri.uniri.hr\">neven.budak@ffri.uniri.hr<\/a><\/td><td>\u00a0<\/td><td>Pre-Modern History<\/td><\/tr><tr><td><a href=\"https:\/\/portal.uniri.hr\/portfelj\/467\">Professor Darko Dukovski<\/a><\/td><td>F-440<\/td><td><a href=\"mailto:darko.dukovski@ffri.uniri.hr\">darko.dukovski@ffri.uniri.hr<\/a><\/td><td>265-727\/051<\/td><td>Modern and Contemporary History (Head)<\/td><\/tr><tr><td><a href=\"https:\/\/portal.uniri.hr\/Portfelj\/3993\">Dr. Dubravka Bo\u017ei\u0107 Bogovi\u0107<\/a>, Assoc. Prof.<\/td><td>F-443<\/td><td><a href=\"mailto:d.bozic@ffri.uniri.hr\">d.bozic@ffri.uniri.hr<\/a><\/td><td>265-733\/051<\/td><td>Pre-Modern History<\/td><\/tr><tr><td><a href=\"https:\/\/portal.uniri.hr\/portfelj\/2094\">Dr. Mila Orli\u0107<\/a>, Assoc. Prof.<\/td><td>F-445<\/td><td><a href=\"mailto:milaorlic@ffri.uniri.hr\">milaorlic@ffri.uniri.hr<\/a><\/td><td>265-735\/051<\/td><td>Modern and Contemporary History<\/td><\/tr><tr><td><a href=\"https:\/\/portal.uniri.hr\/Portfelj\/2783\">Dr. Goran Bilogrivi\u0107<\/a>, Assist. Prof.<\/td><td>F-438<\/td><td><a href=\"mailto:goran.bilogrivic@ffri.uniri.hr\">goran.bilogrivic@ffri.uniri.hr<\/a><\/td><td>265-732\/051<\/td><td>Pre-Modern History<\/td><\/tr><tr><td><a href=\"https:\/\/portal.uniri.hr\/portfelj\/57\">Dr. Maja \u0106uti\u0107 Gorup<\/a>, Assist. Prof.<\/td><td>F-447<\/td><td><a href=\"mailto:mcutic@ffri.uniri.hr\">mcutic@ffri.uniri.hr<\/a><\/td><td>265-731\/051<\/td><td>Pre-Modern History<\/td><\/tr><tr><td><a href=\"https:\/\/portal.uniri.hr\/Portfelj\/96\">Dr. Kosana Jovanovi\u0107<\/a>, Assist. Prof.<\/td><td>F-446<\/td><td><a href=\"mailto:kosana.jovanovic@ffri.uniri.hr\">kosana.jovanovic@ffri.uniri.hr<\/a><\/td><td>265-728\/051<\/td><td>Pre-Modern History (Head)<\/td><\/tr><tr><td><a href=\"https:\/\/portal.uniri.hr\/portfelj\/1145\">Dr. Andrea Rokni\u0107 Be\u017eani\u0107<\/a>, Assist. Prof.<\/td><td>F-448<\/td><td><a href=\"mailto:aroknic@ffri.uniri.hr\">aroknic@ffri.uniri.hr<\/a><\/td><td>265-730\/051<\/td><td>Modern and Contemporary History<\/td><\/tr><tr><td>Dr. Lucijana \u0160e\u0161elj, Assist. Prof.<\/td><td>F-437<\/td><td><a href=\"mailto:lseselj@ffri.uniri.hr\">lseselj@ffri.uniri.hr<\/a><\/td><td>265-793\/051<\/td><td>Pre-Modern History<\/td><\/tr><tr><td><a href=\"https:\/\/portal.uniri.hr\/Portfelj\/5265\">Dr. Fe\u0111a Milivojevi\u0107<\/a>, Postdoctoral Fellow<\/td><td>F-439<\/td><td><a href=\"mailto:feda.milivojevic@ffri.uniri.hr\">feda.milivojevic@ffri.uniri.hr<\/a><\/td><td>265-734\/051<\/td><td>Pre-Modern History<\/td><\/tr><tr><td><a href=\"http:\/\/portal.uniri.hr\/portfelj\/7549\">Lovro Kralj, Teaching Assistant<\/a><\/td><td>F-435<\/td><td><a href=\"mailto:lovro.kralj@ffri.uniri.hr\">lovro.kralj@ffri.uniri.hr<\/a><\/td><td>265-729\/051<\/td><td>Modern and Contemporary History<\/td><\/tr><tr><td><a href=\"http:\/\/portal.uniri.hr\/portfelj\/7538\">Vjeran Brezak, Teaching Assistant<\/a><\/td><td>F-439<\/td><td><a href=\"mailto:vjeran.brezak@ffri.uniri.hr\">vjeran.brezak@ffri.uniri.hr<\/a><\/td><td>265-793\/051<\/td><td>\u00a0<\/td><\/tr><\/tbody><\/table><\/figure>\n\n<\/div>\n\t\t<\/div>\n<\/div>","protected":false},"excerpt":{"rendered":"","protected":false},"author":4,"featured_media":0,"parent":8716,"menu_order":7,"comment_status":"closed","ping_status":"closed","template":"","meta":{"_acf_changed":false,"ub_ctt_via":"","footnotes":""},"class_list":["post-8730","page","type-page","status-publish","hentry"],"acf":[],"featured_image_src":null,"_links":{"self":[{"href":"https:\/\/ffri.uniri.hr\/en\/wp-json\/wp\/v2\/pages\/8730","targetHints":{"allow":["GET"]}}],"collection":[{"href":"https:\/\/ffri.uniri.hr\/en\/wp-json\/wp\/v2\/pages"}],"about":[{"href":"https:\/\/ffri.uniri.hr\/en\/wp-json\/wp\/v2\/types\/page"}],"author":[{"embeddable":true,"href":"https:\/\/ffri.uniri.hr\/en\/wp-json\/wp\/v2\/users\/4"}],"replies":[{"embeddable":true,"href":"https:\/\/ffri.uniri.hr\/en\/wp-json\/wp\/v2\/comments?post=8730"}],"version-history":[{"count":6,"href":"https:\/\/ffri.uniri.hr\/en\/wp-json\/wp\/v2\/pages\/8730\/revisions"}],"predecessor-version":[{"id":15313,"href":"https:\/\/ffri.uniri.hr\/en\/wp-json\/wp\/v2\/pages\/8730\/revisions\/15313"}],"up":[{"embeddable":true,"href":"https:\/\/ffri.uniri.hr\/en\/wp-json\/wp\/v2\/pages\/8716"}],"wp:attachment":[{"href":"https:\/\/ffri.uniri.hr\/en\/wp-json\/wp\/v2\/media?parent=8730"}],"curies":[{"name":"wp","href":"https:\/\/api.w.org\/{rel}","templated":true}]}}