{"id":8734,"date":"2021-09-29T11:36:02","date_gmt":"2021-09-29T11:36:02","guid":{"rendered":"https:\/\/ffri.uniri.hr\/?page_id=8734"},"modified":"2025-11-21T13:26:10","modified_gmt":"2025-11-21T13:26:10","slug":"department-of-psychology","status":"publish","type":"page","link":"https:\/\/ffri.uniri.hr\/en\/about-the-faculty\/organisation\/departments-and-divisions\/department-of-psychology\/","title":{"rendered":"Department of Psychology"},"content":{"rendered":"<div class=\"wp-block-ub-content-toggle wp-block-ub-content-toggle-block\" id=\"ub-content-toggle-block-d6ef938d-7cd0-4714-b33a-34e07676fcf5\" data-mobilecollapse=\"false\" data-desktopcollapse=\"true\" data-preventcollapse=\"false\" data-showonlyone=\"false\">\n<div class=\"wp-block-ub-content-toggle-accordion\" style=\"border-color: #f1f1f1;\" id=\"ub-content-toggle-panel-block-\">\n\t\t\t<div class=\"wp-block-ub-content-toggle-accordion-title-wrap\" style=\"background-color: #f1f1f1;\" aria-controls=\"ub-content-toggle-panel-0-d6ef938d-7cd0-4714-b33a-34e07676fcf5\" tabindex=\"0\">\n\t\t\t<p class=\"wp-block-ub-content-toggle-accordion-title ub-content-toggle-title-d6ef938d-7cd0-4714-b33a-34e07676fcf5\" style=\"color: #000000; \">Contacts<\/p>\n\t\t\t<div class=\"wp-block-ub-content-toggle-accordion-toggle-wrap right\" style=\"color: #000000;\"><span class=\"wp-block-ub-content-toggle-accordion-state-indicator wp-block-ub-chevron-down\"><\/span><\/div>\n\t\t<\/div>\n\t\t\t<div role=\"region\" aria-expanded=\"false\" class=\"wp-block-ub-content-toggle-accordion-content-wrap ub-hide\" id=\"ub-content-toggle-panel-0-d6ef938d-7cd0-4714-b33a-34e07676fcf5\">\n\n<figure class=\"wp-block-table\"><table><tbody><tr><td>\u00a0<\/td><td><strong>Name<\/strong><\/td><td><strong>Room<\/strong><\/td><td><strong>E-mail<\/strong><\/td><td><strong>Telephone<\/strong><\/td><\/tr><tr><td><strong>Head of Department<\/strong><\/td><td>Dr. Rosanda Pahljina-Reini\u0107, Assoc. Prof.<\/td><td>F-356<\/td><td><a href=\"mailto:rosanda@ffri.uniri.hr\" data-type=\"mailto\" data-id=\"mailto:rosanda@ffri.uniri.hr\">rosanda@ffri.uniri.hr<\/a><\/td><td>051\/265-775<\/td><\/tr><tr><td><strong>Secretary<\/strong><\/td><td>Anamarija Ivanu\u0161i\u0107<\/td><td>F-341<\/td><td><a href=\"mailto:anamarija.ivanusic@ffri.uniri.hr\">anamarija.ivanusic@ffri.uniri.hr<\/a><\/td><td>051\/265-752<\/td><\/tr><tr><td><strong>Teachers-mentors for 1<sup>st<\/sup> years<\/strong><\/td><td>Dr. Miljana Kuki\u0107, Assist. Prof.<\/td><td>F-338<\/td><td><a href=\"mailto:mkukic@ffri.uniri.hr\">mkukic@ffri.uniri.hr<\/a><\/td><td>051\/265-773<\/td><\/tr><tr><td><strong>Erasmus co-ordinator<\/strong><\/td><td>Professor Dr. Tamara Martinac Dor\u010di\u0107<\/td><td>F-358<\/td><td><a href=\"mailto:tamaramd@ffri.uniri.hr\">tamaramd@ffri.uniri.hr<\/a><\/td><td>051\/265-766<\/td><\/tr><tr><td><strong>YUFE co-ordinator<\/strong><\/td><td>Professor Dr. Tamara Martinac Dor\u010di\u0107<\/td><td>F-358<\/td><td><a href=\"mailto:tamaramd@ffri.uniri.hr\">tamaramd@ffri.uniri.hr<\/a><\/td><td>051\/265-766<\/td><\/tr><tr><td><strong>ECTS co-ordinators<\/strong><\/td><td>Dr. Marko Ton\u010di\u0107, Assist. Prof. (undergraduate)<br>Dr. Nermina Mehi\u0107, Assist. Prof. (master)<\/td><td>F-369 F-366<\/td><td><a href=\"mailto:mtoncic@ffri.uniri.hr\">mtoncic@ffri.uniri.hr<\/a><br><a href=\"mailto:nermina.mehic@ffri.uniri.hr\">nermina.mehic@ffri.uniri.hr<\/a><\/td><td>051\/265-769 051\/265-754<\/td><\/tr><tr><td><strong>Co-ordinator for science<\/strong><\/td><td>Dr. Sanda Pletikosi\u0107 Ton\u010di\u0107, Assist. Prof.<\/td><td>F-336<\/td><td><a href=\"mailto:spletikosic@ffri.uniri.hr\">spletikosic@ffri.uniri.hr<\/a><\/td><td>051\/265-777<\/td><\/tr><\/tbody><\/table><\/figure>\n\n\n\n<p><a href=\"https:\/\/www.ffri.hr\/psihologija\/en\/\" data-type=\"link\" data-id=\"https:\/\/www.ffri.hr\/psihologija\/en\/\">Website<\/a><\/p>\n\n<\/div>\n\t\t<\/div>\n\n<div class=\"wp-block-ub-content-toggle-accordion\" style=\"border-color: #f1f1f1;\" id=\"ub-content-toggle-panel-block-\">\n\t\t\t<div class=\"wp-block-ub-content-toggle-accordion-title-wrap\" style=\"background-color: #f1f1f1;\" aria-controls=\"ub-content-toggle-panel-1-d6ef938d-7cd0-4714-b33a-34e07676fcf5\" tabindex=\"0\">\n\t\t\t<p class=\"wp-block-ub-content-toggle-accordion-title ub-content-toggle-title-d6ef938d-7cd0-4714-b33a-34e07676fcf5\" style=\"color: #000000; \">Academic staff<\/p>\n\t\t\t<div class=\"wp-block-ub-content-toggle-accordion-toggle-wrap right\" style=\"color: #000000;\"><span class=\"wp-block-ub-content-toggle-accordion-state-indicator wp-block-ub-chevron-down\"><\/span><\/div>\n\t\t<\/div>\n\t\t\t<div role=\"region\" aria-expanded=\"false\" class=\"wp-block-ub-content-toggle-accordion-content-wrap ub-hide\" id=\"ub-content-toggle-panel-1-d6ef938d-7cd0-4714-b33a-34e07676fcf5\">\n\n<p><strong>Teaching staff<\/strong><\/p>\n\n\n\n<figure class=\"wp-block-table\"><table><tbody><tr><td><strong>Teacher<\/strong><\/td><td><strong>Room<\/strong><\/td><td><strong>E-mail<\/strong><\/td><td><strong>Telephone<\/strong><\/td><td><strong>Section<\/strong><\/td><\/tr><tr><td>Professor\u00a0<a href=\"https:\/\/portal.uniri.hr\/Portfelj\/1458\">Igor Baj\u0161anski<\/a><\/td><td>F-347<\/td><td><a href=\"mailto:sibajsan@ffri.uniri.hr\">sibajsan@ffri.uniri.hr<\/a><\/td><td>051\/265-762<\/td><td>Division of developmental, cognitive and educational psychology<\/td><\/tr><tr><td>Professor\u00a0 <a href=\"https:\/\/portal.uniri.hr\/Portfelj\/1539\">Dra\u017een Domijan<\/a><\/td><td>F-334<\/td><td><a href=\"mailto:drazen.domijan@ffri.uniri.hr\">drazen.domijan@ffri.uniri.hr<\/a><\/td><td>051\/265-758<\/td><td>Division of general psychology and methodology; Division of developmental, cognitive and educational psychology<\/td><\/tr><tr><td>Professor\u00a0.<a href=\"https:\/\/portal.uniri.hr\/Portfelj\/1609\">\u00a0Barbara Kalebi\u0107 Maglica<\/a><\/td><td>F-357<\/td><td><a href=\"mailto:barbarakm@ffri.uniri.hr\">barbarakm@ffri.uniri.hr<\/a><\/td><td>051\/265-772<\/td><td>Division of social psychology and work psychology<\/td><\/tr><tr><td>Professor\u00a0 <a href=\"https:\/\/portal.uniri.hr\/Portfelj\/939\">Igor Kardum<\/a><\/td><td>F-362<\/td><td><a href=\"mailto:kardum@ffri.uniri.hr\">kardum@ffri.uniri.hr<\/a><\/td><td>051\/265-755<\/td><td>Division of biological psychology, personality psychology and clinical psychology<\/td><\/tr><tr><td>Professor\u00a0 <a href=\"https:\/\/portal.uniri.hr\/Portfelj\/686\">Nada Krapi\u0107<\/a><\/td><td>F-363<\/td><td><a href=\"mailto:nkrapic@ffri.uniri.hr\">nkrapic@ffri.uniri.hr<\/a>\u00a0<\/td><td>051\/265-763<\/td><td>Division of social psychology and work psychology<\/td><\/tr><tr><td>Professor\u00a0 <a href=\"https:\/\/portal.uniri.hr\/Portfelj\/1012#clanstva\">Tamara Martinac Dor\u010di\u0107<\/a><\/td><td>F-358<\/td><td><a href=\"mailto:tamaramd@ffri.uniri.hr\">tamaramd@ffri.uniri.hr<\/a><\/td><td>051\/265-766<\/td><td>Division of developmental, cognitive and educational psychology<\/td><\/tr><tr><td>Professor\u00a0.\u00a0<a href=\"https:\/\/portal.uniri.hr\/Portfelj\/1054\">Alessandra Pokrajac-Bulian<\/a><\/td><td>F-345<\/td><td><a href=\"mailto:pokrajac@ffri.uniri.hr\">pokrajac@ffri.uniri.hr<\/a><\/td><td>051\/265-759<\/td><td>Division of biological psychology, personality psychology and clinical psychology<\/td><\/tr><tr><td>Professor\u00a0\u00a0<a href=\"https:\/\/portal.uniri.hr\/Portfelj\/1085\">Sanja Smojver-A\u017ei\u0107<\/a><\/td><td>F-367<\/td><td><a href=\"mailto:sanja.smojver.azic@ffri.uniri.hr\">sanja.smojver.azic@ffri.uniri.hr<\/a><\/td><td>051\/265-764<\/td><td>Division of developmental, cognitive and educational psychology<\/td><\/tr><tr><td>Professor\u00a0 <a href=\"https:\/\/portal.uniri.hr\/Portfelj\/1056\">Zoran Su\u0161anj<\/a><\/td><td>F-359<\/td><td><a href=\"mailto:zoran.susanj@ffri.uniri.hr\">zoran.susanj@ffri.uniri.hr<\/a><\/td><td>051\/265-751<\/td><td>Division of social psychology and work psychology<\/td><\/tr><tr><td>Professor\u00a0\u00a0<a href=\"https:\/\/portal.uniri.hr\/Portfelj\/828\">Mladenka Tkal\u010di\u0107<\/a><\/td><td>F-337<\/td><td><a href=\"mailto:mladenka.tkalcic@ffri.uniri.hr\">mladenka.tkalcic@ffri.uniri.hr<\/a><\/td><td>051\/265-760<\/td><td>Division of biological psychology, personality psychology and clinical psychology<\/td><\/tr><tr><td>Dr.\u00a0<a href=\"https:\/\/portal.uniri.hr\/Portfelj\/925\">Petra Ani\u0107<\/a>, Assoc. Prof.<\/td><td>F-364<\/td><td><a href=\"mailto:panic@ffri.uniri.hr\">panic@ffri.uniri.hr<\/a><\/td><td>051\/265-767<\/td><td>Division of general psychology and methodology<\/td><\/tr><tr><td>Dr.\u00a0\u00a0<a href=\"https:\/\/portal.uniri.hr\/Portfelj\/1835\">Asmir Gra\u010danin<\/a>, Assoc. Prof.<\/td><td>F-361<\/td><td><a href=\"mailto:agracanin@ffri.uniri.hr\">agracanin@ffri.uniri.hr<\/a><\/td><td>051\/265-768<\/td><td>Division of biological psychology, personality psychology and clinical psychology<\/td><\/tr><tr><td>Dr.\u00a0<a href=\"https:\/\/portal.uniri.hr\/Portfelj\/1053\">Marko Malikovi\u0107<\/a>, Assoc. Prof.<\/td><td>F-342<\/td><td><a href=\"mailto:marko@ffri.uniri.hr\">marko@ffri.uniri.hr<\/a><\/td><td>051\/265-765<\/td><td>Division of general psychology and methodology<\/td><\/tr><tr><td>Dr.\u00a0<a href=\"https:\/\/portal.uniri.hr\/Portfelj\/990\">Tamara Mohori\u0107<\/a>, Assoc. Prof.<\/td><td>F-335<\/td><td><a href=\"mailto:tmohoric@ffri.uniri.hr\">tmohoric@ffri.uniri.hr<\/a><\/td><td>051\/265-774<\/td><td>Division of general psychology and methodology<\/td><\/tr><tr><td>Dr.\u00a0<a href=\"https:\/\/portal.uniri.hr\/Portfelj\/1141\">Rosanda Pahljina-Reini\u0107<\/a>, Assoc. Prof.<\/td><td>F-356<\/td><td><a href=\"mailto:rosanda.pahljina-reinic@ffri.uniri.hr\">rosanda.pahljina-reinic@ffri.uniri.hr<\/a><\/td><td>051\/265-775<\/td><td>Division of developmental, cognitive and educational psychology<\/td><\/tr><tr><td>izv. prof. dr. sc.\u00a0<a href=\"https:\/\/portal.uniri.hr\/Portfelj\/725\">Barbara Ron\u010devi\u0107 Zubkovi\u0107<\/a>, Assoc. Prof.<\/td><td>F-360<\/td><td><a href=\"mailto:barbararz@ffri.uniri.hr\">barbararz@ffri.uniri.hr<\/a><\/td><td>051\/265-778<\/td><td>Division of developmental, cognitive and educational psychology<\/td><\/tr><tr><td>Dr.\u00a0<a href=\"https:\/\/portal.uniri.hr\/Portfelj\/764\">Domagoj \u0160vegar<\/a>, Assoc. Prof.<\/td><td>F-346<\/td><td><a href=\"mailto:domagoj.svegar@ffri.uniri.hr\">domagoj.svegar@ffri.uniri.hr<\/a><\/td><td>051\/265-770<\/td><td>Division of biological psychology, personality psychology and clinical psychology<\/td><\/tr><tr><td>Dr.\u00a0<a href=\"https:\/\/portal.uniri.hr\/Portfelj\/1961\">Valnea \u017dauhar<\/a>, Assoc. Prof.<\/td><td>F-336<\/td><td><a href=\"mailto:vzauhar@ffri.uniri.hr\">vzauhar@ffri.uniri.hr<\/a><\/td><td>051\/265-780<\/td><td>Division of general psychology and methodology; Division of developmental, cognitive and educational psychology<\/td><\/tr><tr><td>Dr.\u00a0Ana \u0106osi\u0107 Pilepi\u0107, Assist. Prof.<\/td><td>F-335<\/td><td><a href=\"mailto:acosic@uniri.hr\">acosic@uniri.hr<\/a><\/td><td>\u00a0<\/td><td>Division of social psychology and work psychology<\/td><\/tr><tr><td>Dr.\u00a0<a href=\"https:\/\/portal.uniri.hr\/Portfelj\/1038\">Miljana Kuki\u0107<\/a>, Assist. Prof.<\/td><td>F- 338<\/td><td><a href=\"mailto:mkukic@ffri.uniri.hr\">mkukic@ffri.uniri.hr<\/a><\/td><td>051\/265-773<\/td><td>Division of biological psychology, personality psychology and clinical psychology<\/td><\/tr><tr><td>Dr.\u00a0<a href=\"https:\/\/portal.uniri.hr\/portfelj\/2400\">Nermina Mehi\u0107<\/a>, Assist. Prof.<\/td><td>F-366<\/td><td><a href=\"mailto:nermina.mehic@ffri.uniri.hr\">nermina.mehic@ffri.uniri.hr<\/a> \u00a0<\/td><td>051\/265-754<\/td><td>Division of social psychology and work psychology<\/td><\/tr><tr><td>Dr.\u00a0<a href=\"https:\/\/portal.uniri.hr\/Portfelj\/Details\/6296\">Ljerka Ostoji\u0107<\/a>, Assist. Prof.<\/td><td>F-344<\/td><td><a href=\"mailto:lj.ostojic@ffri.uniri.hr\">lj.ostojic@ffri.uniri.hr<\/a><\/td><td>051\/699-217<\/td><td>Division of biological psychology, personality psychology and clinical psychology<\/td><\/tr><tr><td>Dr.\u00a0<a href=\"https:\/\/portal.uniri.hr\/Portfelj\/868\">Sanda Pletikosi\u0107 Ton\u010di\u0107<\/a>, Assist. Prof.<\/td><td>F-336<\/td><td><a href=\"mailto:spletikosic@ffri.uniri.hr\">spletikosic@ffri.uniri.hr<\/a><\/td><td>051\/265-777<\/td><td>Division of biological psychology, personality psychology and clinical psychology<\/td><\/tr><tr><td>Dr.\u00a0<a href=\"https:\/\/portal.uniri.hr\/Portfelj\/1039\">Marko Ton\u010di\u0107<\/a>, Assist. Prof.<\/td><td>F-369<\/td><td><a href=\"mailto:mtoncic@ffri.uniri.hr\">mtoncic@ffri.uniri.hr<\/a><\/td><td>051\/265-769<\/td><td>Division of general psychology and methodology<\/td><\/tr><tr><td>Dr.\u00a0<a href=\"https:\/\/portal.uniri.hr\/Portfelj\/Details\/07550\">Sanja Bradi\u0107<\/a>,<\/td><td>F-369<\/td><td><a href=\"mailto:sbradic@ffri.uniri.hr\">sbradic@ffri.uniri.hr<\/a><\/td><td>051\/265-753<\/td><td>Division of developmental, cognitive and educational psychology<\/td><\/tr><tr><td>Dr.\u00a0Katarina Banov Tro\u0161elj<\/td><td>F-366<\/td><td><a href=\"mailto:katarina.banov@ffri.uniri.hr\">katarina.banov@ffri.uniri.hr<\/a><\/td><td>051\/265-754<\/td><td>Division of social psychology and work psychology<\/td><\/tr><tr><td><a href=\"https:\/\/portal.uniri.hr\/Portfelj\/Details\/4165\">Martina Ba\u017eon<\/a><\/td><td>F-356<\/td><td><a href=\"mailto:mdidovic@ffri.uniri.hr\">mdidovic@ffri.uniri.hr<\/a><\/td><td>051\/265-779<\/td><td>Division of developmental, cognitive and educational psychology<\/td><\/tr><tr><td><a href=\"https:\/\/portal.uniri.hr\/Portfelj\/details\/2083\">Gorana Birovljevi\u0107<\/a> \u00a0<\/td><td>F-338<\/td><td><a href=\"mailto:gbirovljevic@ffri.uniri.hr\">gbirovljevic@ffri.uniri.hr<\/a><br><br><\/td><td>051\/265-771<\/td><td>Division of biological psychology, personality psychology and clinical psychology<\/td><\/tr><tr><td>Ivana Ivan\u010di\u0107<\/td><td>F-333<\/td><td><a href=\"mailto:ivana.ivancic98@ffri.uniri.hr\">ivana.ivancic98@ffri.uniri.hr<\/a><\/td><td>051\/265-798<\/td><td>Division of general psychology and methodology<\/td><\/tr><tr><td>Vivien Gudlin<\/td><td>F-333<\/td><td><a href=\"mailto:vgudlin@ffri.uniri.hr\">vgudlin@ffri.uniri.hr<\/a><\/td><td>051\/265-798<\/td><td>Division of biological psychology, personality psychology and clinical psychology<\/td><\/tr><tr><td>Petra \u0160ari\u0107<\/td><td>\u00a0<\/td><td>\u00a0<\/td><td>\u00a0<\/td><td>\u00a0<\/td><\/tr><tr><td>Professor. James Downing<\/td><td>F-346<\/td><td><a href=\"mailto:jdowning@uniri.hr\">jdowning@uniri.hr<\/a><\/td><td>\u00a0<\/td><td>gostuju\u0107i profesor<\/td><\/tr><\/tbody><\/table><\/figure>\n\n\n\n<p><strong>Teachers in Retirement<\/strong><\/p>\n\n\n\n<figure class=\"wp-block-table\"><table><tbody><tr><td>Professor Emeritus Vladimir Tak\u0161i\u0107<\/td><td>F-343<\/td><td><a href=\"mailto:vtaksic@ffri.uniri.hr\">vtaksic@ffri.uniri.hr<\/a><\/td><td>051\/265-756<\/td><\/tr><tr><td>Dr. Ingrid Brdar<\/td><td>F-343<\/td><td><a href=\"mailto:ibrdar@ffri.uniri.hr\">ibrdar@ffri.uniri.hr<\/a><\/td><td>051\/265-756<\/td><\/tr><tr><td>Dr. Jasna Hudek-Kne\u017eevi\u0107<\/td><td>F-343<\/td><td><a href=\"mailto:hudekj@ffri.uniri.hr\">hudekj@ffri.uniri.hr<\/a><\/td><td>051\/265-756<\/td><\/tr><tr><td>Dr. Svjetlana Koli\u0107-Vehovec<\/td><td>F-343<\/td><td><a href=\"mailto:svjetlanakv@ffri.uniri.hr\">svjetlanakv@ffri.uniri.hr<\/a><\/td><td>051\/265-756<\/td><\/tr><tr><td>Dr. Ivanka \u017div\u010di\u0107-Be\u0107irevi\u0107<\/td><td>F-343<\/td><td><a href=\"mailto:ivankazb@ffri.uniri.hr\">ivankazb@ffri.uniri.hr<\/a><\/td><td>051\/265-756<\/td><\/tr><\/tbody><\/table><\/figure>\n\n\n\n<p><strong>Senior Expert Advisor<\/strong><\/p>\n\n\n\n<figure class=\"wp-block-table\"><table><tbody><tr><td>Irena Mileti\u0107, mag. inf.\u00a0<\/td><td>F-368<\/td><td><a href=\"mailto:irena.miletic@ffri.uniri.hr\">irena.miletic@ffri.uniri.hr<\/a><\/td><td>051\/265-761<\/td><\/tr><\/tbody><\/table><\/figure>\n\n\n\n<p><strong>External collaborators<\/strong><\/p>\n\n\n\n<figure class=\"wp-block-table\"><table><tbody><tr><td><strong>Name<\/strong><\/td><td><strong>E-mail<\/strong><\/td><\/tr><tr><td>Dr. Slavka Gali\u0107, Assoc. Prof.<\/td><td><a href=\"mailto:slavka.galic@po.t-com.hr\">slavka.galic@po.t-com.hr<\/a>\u00a0\u00a0\u00a0\u00a0 \u00a0\u00a0<\/td><\/tr><tr><td>Vanja Brandi\u0107<\/td><td><a href=\"mailto:vanja.brandic@ffri.uniri.hr\">vanja.brandic@ffri.uniri.hr<\/a><\/td><\/tr><tr><td>Ma\u0161a Cek<\/td><td><a href=\"mailto:cek.masha@gmail.com\">cek.masha@gmail.com<\/a><\/td><\/tr><tr><td>Patrizia Mohovi\u0107<\/td><td><a href=\"mailto:patrizia.mohovic@ffri.uniri.hr\">patrizia.mohovic@ffri.uniri.hr<\/a><\/td><\/tr><tr><td>Helena Sve\u0161ko-Visentin<\/td><td><a href=\"mailto:helenasvesko@gmail.com\">helenasvesko@gmail.com<\/a>\u00a0 \u00a0\u00a0\u00a0<\/td><\/tr><tr><td>Ines Tori\u0107<\/td><td><a href=\"mailto:toricines@gmail.com\">toricines@gmail.com<\/a>\u00a0\u00a0 \u00a0\u00a0<\/td><\/tr><\/tbody><\/table><\/figure>\n\n<\/div>\n\t\t<\/div>\n<\/div>","protected":false},"excerpt":{"rendered":"","protected":false},"author":4,"featured_media":0,"parent":8716,"menu_order":9,"comment_status":"closed","ping_status":"closed","template":"","meta":{"_acf_changed":false,"ub_ctt_via":"","footnotes":""},"class_list":["post-8734","page","type-page","status-publish","hentry"],"acf":[],"featured_image_src":null,"_links":{"self":[{"href":"https:\/\/ffri.uniri.hr\/en\/wp-json\/wp\/v2\/pages\/8734","targetHints":{"allow":["GET"]}}],"collection":[{"href":"https:\/\/ffri.uniri.hr\/en\/wp-json\/wp\/v2\/pages"}],"about":[{"href":"https:\/\/ffri.uniri.hr\/en\/wp-json\/wp\/v2\/types\/page"}],"author":[{"embeddable":true,"href":"https:\/\/ffri.uniri.hr\/en\/wp-json\/wp\/v2\/users\/4"}],"replies":[{"embeddable":true,"href":"https:\/\/ffri.uniri.hr\/en\/wp-json\/wp\/v2\/comments?post=8734"}],"version-history":[{"count":5,"href":"https:\/\/ffri.uniri.hr\/en\/wp-json\/wp\/v2\/pages\/8734\/revisions"}],"predecessor-version":[{"id":17577,"href":"https:\/\/ffri.uniri.hr\/en\/wp-json\/wp\/v2\/pages\/8734\/revisions\/17577"}],"up":[{"embeddable":true,"href":"https:\/\/ffri.uniri.hr\/en\/wp-json\/wp\/v2\/pages\/8716"}],"wp:attachment":[{"href":"https:\/\/ffri.uniri.hr\/en\/wp-json\/wp\/v2\/media?parent=8734"}],"curies":[{"name":"wp","href":"https:\/\/api.w.org\/{rel}","templated":true}]}}