{"id":8740,"date":"2021-09-29T11:39:43","date_gmt":"2021-09-29T11:39:43","guid":{"rendered":"https:\/\/ffri.uniri.hr\/?page_id=8740"},"modified":"2026-01-07T15:50:53","modified_gmt":"2026-01-07T15:50:53","slug":"division-of-translation-studies","status":"publish","type":"page","link":"https:\/\/ffri.uniri.hr\/en\/about-the-faculty\/organisation\/departments-and-divisions\/division-of-translation-studies\/","title":{"rendered":"Division of Translation Studies"},"content":{"rendered":"<div class=\"wp-block-ub-content-toggle wp-block-ub-content-toggle-block\" id=\"ub-content-toggle-block-fd308eec-a568-4442-a3f5-8ee41893b3df\" data-mobilecollapse=\"false\" data-desktopcollapse=\"true\" data-preventcollapse=\"false\" data-showonlyone=\"false\">\n<div class=\"wp-block-ub-content-toggle-accordion\" style=\"border-color: #f1f1f1;\" id=\"ub-content-toggle-panel-block-0edb4d04-2b93-4b7c-b88b-030de955f5de\">\n\t\t\t<div class=\"wp-block-ub-content-toggle-accordion-title-wrap\" style=\"background-color: #f1f1f1;\" aria-controls=\"ub-content-toggle-panel-0-fd308eec-a568-4442-a3f5-8ee41893b3df\" tabindex=\"0\">\n\t\t\t<p class=\"wp-block-ub-content-toggle-accordion-title ub-content-toggle-title-fd308eec-a568-4442-a3f5-8ee41893b3df\" style=\"color: #000000; \">Contacts<\/p>\n\t\t\t<div class=\"wp-block-ub-content-toggle-accordion-toggle-wrap right\" style=\"color: #000000;\"><span class=\"wp-block-ub-content-toggle-accordion-state-indicator wp-block-ub-chevron-down\"><\/span><\/div>\n\t\t<\/div>\n\t\t\t<div role=\"region\" aria-expanded=\"false\" class=\"wp-block-ub-content-toggle-accordion-content-wrap ub-hide\" id=\"ub-content-toggle-panel-0-fd308eec-a568-4442-a3f5-8ee41893b3df\">\n\n<figure class=\"wp-block-table\"><table><tbody><tr><td>\u00a0<\/td><td><strong>Name<\/strong><\/td><td><strong>Room<\/strong><\/td><td><strong>E-mail<\/strong><\/td><td><strong>Telephone<\/strong><\/td><\/tr><tr><td><strong>Head of Department<\/strong><\/td><td>doc. dr. sc. Sintija \u010culjat, v.d.<\/td><td>F-914<\/td><td><a href=\"mailto:sculjat@ffri.uniri.hr\">sculjat@ffri.uniri.hr<\/a><\/td><td>051\/265-631<\/td><\/tr><tr><td><strong>Secretary<\/strong><\/td><td>&#8211;<\/td><td>&#8211;<\/td><td>&#8211;<\/td><td>&#8211;<\/td><\/tr><tr><td><strong>Erasmus Co-ordinator<\/strong><\/td><td>Petra Sapun Kurtin, asistentica<\/td><td>F-908<\/td><td><a href=\"mailto:petra.sapunkurtin@ffri.uniri.hr\">petra.sapunkurtin@ffri.uniri.hr<\/a><\/td><td>051\/265-623<\/td><\/tr><tr><td><strong>ECTS Co-ordinator<\/strong><\/td><td>Petra Sapun Kurtin, asistentica<\/td><td>F-908<\/td><td><a href=\"mailto:petra.sapunkurtin@ffri.uniri.hr\">petra.sapunkurtin@ffri.uniri.hr<\/a><\/td><td>051\/265-623<\/td><\/tr><\/tbody><\/table><\/figure>\n\n<\/div>\n\t\t<\/div>\n\n<div class=\"wp-block-ub-content-toggle-accordion\" style=\"border-color: #f1f1f1;\" id=\"ub-content-toggle-panel-block-db2e964c-d46a-40d3-b92b-4e477e797591\">\n\t\t\t<div class=\"wp-block-ub-content-toggle-accordion-title-wrap\" style=\"background-color: #f1f1f1;\" aria-controls=\"ub-content-toggle-panel-1-fd308eec-a568-4442-a3f5-8ee41893b3df\" tabindex=\"0\">\n\t\t\t<p class=\"wp-block-ub-content-toggle-accordion-title ub-content-toggle-title-fd308eec-a568-4442-a3f5-8ee41893b3df\" style=\"color: #000000; \">Academic staff<\/p>\n\t\t\t<div class=\"wp-block-ub-content-toggle-accordion-toggle-wrap right\" style=\"color: #000000;\"><span class=\"wp-block-ub-content-toggle-accordion-state-indicator wp-block-ub-chevron-down\"><\/span><\/div>\n\t\t<\/div>\n\t\t\t<div role=\"region\" aria-expanded=\"false\" class=\"wp-block-ub-content-toggle-accordion-content-wrap ub-hide\" id=\"ub-content-toggle-panel-1-fd308eec-a568-4442-a3f5-8ee41893b3df\">\n\n<figure class=\"wp-block-table\"><table><tbody><tr><td><strong>Name, surname, and title<\/strong><\/td><td><strong>Office<\/strong><\/td><td><strong>E-mail<\/strong><\/td><td><strong>Telephone<\/strong><\/td><\/tr><tr><td>Professor <a href=\"https:\/\/portal.uniri.hr\/Portfelj\/769\" target=\"_blank\" rel=\"noreferrer noopener\">Lada Badurina<\/a>, PhD<\/td><td>F-705<\/td><td><a href=\"mailto:lada.badurina@ffri.uniri.hr\">lada.badurina@ffri.uniri.hr<\/a><\/td><td>051\/265-661<\/td><\/tr><tr><td>Professor <a href=\"https:\/\/portal.uniri.hr\/Portfelj\/1532\">Suzana Jurin<\/a>, PhD<\/td><td>F-511<\/td><td><a href=\"mailto:sjurin@ffri.uniri.hr\">sjurin@ffri.uniri.hr<\/a><\/td><td>051\/265 653<\/td><\/tr><tr><td>Professor <a href=\"https:\/\/portal.uniri.hr\/Portfelj\/2786\">Antonija Primorac<\/a>, PhD<\/td><td>F-916<\/td><td><a href=\"mailto:antonija.primorac@ffri.uniri.hr\">antonija.primorac@ffri.uniri.hr<\/a><\/td><td>051\/265-622<\/td><\/tr><tr><td>Dr. <a href=\"https:\/\/portal.uniri.hr\/Portfelj\/108\">Manuela Svoboda<\/a>, Assoc. Prof.<\/td><td>F-508<\/td><td><a href=\"mailto:msvoboda@ffri.uniri.hr\">msvoboda@ffri.uniri.hr<\/a><\/td><td>051\/265 657<\/td><\/tr><tr><td>Dr. <a href=\"https:\/\/portal.uniri.hr\/portfelj\/84\">Anita Memi\u0161evi\u0107<\/a>, Assoc. Prof.<\/td><td>F-913<\/td><td><a href=\"mailto:amemisevic@ffri.uniri.hr\">amemisevic@ffri.uniri.hr<\/a><\/td><td>051\/265-629<\/td><\/tr><tr><td>Dr. <a href=\"https:\/\/portal.uniri.hr\/Portfelj\/784\" target=\"_blank\" rel=\"noreferrer noopener\">Anastazija Vlasteli\u0107<\/a>, Assoc. Prof.<\/td><td>F-606<\/td><td><a href=\"mailto:avlastelic@ffri.uniri.hr\">avlastelic@ffri.uniri.hr<\/a><\/td><td>051\/265-683<\/td><\/tr><tr><td>Dr. <a href=\"https:\/\/portal.uniri.hr\/Portfelj\/1189\">Petra \u017dagar-\u0160o\u0161tari\u0107<\/a>, Assoc. Prof.<\/td><td>F-510<\/td><td><a href=\"mailto:pzagar@ffri.uniri.hr\">pzagar@ffri.uniri.hr<\/a><\/td><td>051\/265 652<\/td><\/tr><tr><td>Dr. <a href=\"https:\/\/portal.uniri.hr\/portfelj\/796\">\u017deljka Macan<\/a>, Assoc. Prof.<\/td><td>F-612<\/td><td><a href=\"mailto:zmacan@ffri.uniri.hr\">zmacan@ffri.uniri.hr<\/a><\/td><td>051\/265-677<\/td><\/tr><tr><td>Dr. <a href=\"https:\/\/portal.uniri.hr\/portfelj\/1219\">Nikolina Pala\u0161i\u0107<\/a>, Assoc. Prof.<\/td><td>F-718<\/td><td><a href=\"mailto:nikolina.palasic@ffri.uniri.hr\">nikolina.palasic@ffri.uniri.hr<\/a><\/td><td>051\/265-688<\/td><\/tr><tr><td>Dr. <a href=\"https:\/\/portal.uniri.hr\/portfelj\/1117\">Borana Mori\u0107 Mohorovi\u010di\u0107<\/a>, Assoc. Prof.<\/td><td>F-615<\/td><td><a href=\"mailto:bmoric@ffri.uniri.hr\">bmoric@ffri.uniri.hr<\/a><\/td><td>051\/265 676<\/td><\/tr><tr><td>Dr. <a href=\"https:\/\/portal.uniri.hr\/Portfelj\/42\">Sintija \u010culjat<\/a>, Assist. Prof.<\/td><td>F-914<\/td><td><a href=\"mailto:sculjat@ffri.uniri.hr\">sculjat@ffri.uniri.hr<\/a><\/td><td>051\/265-631<\/td><\/tr><tr><td>Dr. <a href=\"https:\/\/portal.uniri.hr\/Portfelj\/2199\">Nikola Tutek<\/a>, Assist. Prof.<\/td><td>F-912<\/td><td><a href=\"mailto:ntutek@ffri.uniri.hr\">ntutek@ffri.uniri.hr<\/a><\/td><td>051\/265-627<\/td><\/tr><tr><td>Dr. <a href=\"https:\/\/portal.uniri.hr\/Portfelj\/3990\">Martina Podboj<\/a>, Assist. Prof.<\/td><td>F-915<\/td><td><a href=\"mailto:martina.podboj@ffri.uniri.hr\">martina.podboj@ffri.uniri.hr<\/a><\/td><td>051\/265-620<\/td><\/tr><tr><td>Dr. <a href=\"https:\/\/portal.uniri.hr\/portfelj\/1512\">Tatjana Vukeli\u0107<\/a>, Assist. Prof.<\/td><td>F-914<\/td><td><a href=\"mailto:tvukelic@ffri.uniri.hr\">tvukelic@ffri.uniri.hr<\/a><\/td><td>051\/265-625<\/td><\/tr><tr><td><a href=\"https:\/\/portal.uniri.hr\/Portfelj\/index\/2821\">Anita Badurina Filipin<\/a>, Prof.<\/td><td>F-509<\/td><td><a href=\"mailto:anitabf@ffri.uniri.hr\">anitabf@ffri.uniri.hr<\/a><\/td><td>051\/265 658<\/td><\/tr><tr><td>Dr. <a href=\"https:\/\/portal.uniri.hr\/Portfelj\/2722\">Sandra Marman<\/a>, Senior Lector<\/td><td>F-612<\/td><td><a href=\"mailto:sandra.marman@ffri.uniri.hr\">sandra.marman@ffri.uniri.hr<\/a><\/td><td>051\/265-677<\/td><\/tr><tr><td>Jelena Primorac, Lector<\/td><td>F-911<\/td><td><a href=\"mailto:jelena.primorac@uniri.hr\">jelena.primorac@uniri.hr<\/a><\/td><td>051\/265-632<\/td><\/tr><tr><td><a href=\"https:\/\/portal.uniri.hr\/portfelj\/2281\">Agnieszka Rudkowska<\/a>, Lector<\/td><td>F-607<\/td><td><a href=\"mailto:agnieszka.rudkowska@ffri.uniri.hr\">agnieszka.rudkowska@ffri.uniri.hr<\/a><\/td><td>051\/265-689<\/td><\/tr><tr><td><a href=\"https:\/\/portal.uniri.hr\/Portfelj\/2483\">Petra Sapun Kurtin, Teaching Assistant<\/a><\/td><td>F-908<\/td><td><a href=\"mailto:petra.sapunkurtin@ffri.uniri.hr\">petra.sapunkurtin@ffri.uniri.hr<\/a><\/td><td>051\/265-626<\/td><\/tr><tr><td><a><\/a><a href=\"https:\/\/portal.uniri.hr\/Portfelj\/details\/7552\">Fran Katarin\u010di\u0107<\/a>, Teaching Asistent<\/td><td>F-606<\/td><td><a href=\"mailto:fran.katarincic@ffri.uniri.hr\">fran.katarincic@ffri.uniri.hr<\/a><\/td><td>051\/265-683<\/td><\/tr><tr><td>Maja Ogrizovi\u0107, mag. cult.<strong><\/strong><\/td><td>&#8211;<\/td><td><a href=\"mailto:maja.ogrizovic@ffri.uniri.hr\">maja.ogrizovic@ffri.uniri.hr<\/a><strong><\/strong><\/td><td>&#8211;<\/td><\/tr><tr><td>Dr. <a href=\"https:\/\/portal.uniri.hr\/portfelj\/743\">Marija Brki\u0107 Bakari\u0107<\/a>, Assoc. Prof.<\/td><td>&#8211;<\/td><td><a href=\"mailto:mbrkic@ffri.uniri.hr\">mbrkic@ffri.uniri.hr<\/a><\/td><td>&#8211;<\/td><\/tr><tr><td>Dr. <a href=\"https:\/\/portal.uniri.hr\/portfelj\/1023\">Martina Baj\u010di\u0107<\/a>, Assoc. Prof.<\/td><td>&#8211;<\/td><td><a href=\"mailto:martina.bajcic@pravri.hr\">martina.bajcic@pravri.hr<\/a><\/td><td>&#8211;<\/td><\/tr><tr><td>Dr. Klemen Lah, Lector<\/td><td>F-607<strong><\/strong><\/td><td><a href=\"mailto:klemen.lah@ffri.uniri.hr\">klemen.lah@ffri.uniri.hr<\/a><\/td><td>&#8211;<\/td><\/tr><\/tbody><\/table><\/figure>\n\n<\/div>\n\t\t<\/div>\n<\/div>","protected":false},"excerpt":{"rendered":"","protected":false},"author":4,"featured_media":0,"parent":8716,"menu_order":12,"comment_status":"closed","ping_status":"closed","template":"","meta":{"_acf_changed":false,"ub_ctt_via":"","footnotes":""},"class_list":["post-8740","page","type-page","status-publish","hentry"],"acf":[],"featured_image_src":null,"_links":{"self":[{"href":"https:\/\/ffri.uniri.hr\/en\/wp-json\/wp\/v2\/pages\/8740","targetHints":{"allow":["GET"]}}],"collection":[{"href":"https:\/\/ffri.uniri.hr\/en\/wp-json\/wp\/v2\/pages"}],"about":[{"href":"https:\/\/ffri.uniri.hr\/en\/wp-json\/wp\/v2\/types\/page"}],"author":[{"embeddable":true,"href":"https:\/\/ffri.uniri.hr\/en\/wp-json\/wp\/v2\/users\/4"}],"replies":[{"embeddable":true,"href":"https:\/\/ffri.uniri.hr\/en\/wp-json\/wp\/v2\/comments?post=8740"}],"version-history":[{"count":5,"href":"https:\/\/ffri.uniri.hr\/en\/wp-json\/wp\/v2\/pages\/8740\/revisions"}],"predecessor-version":[{"id":17785,"href":"https:\/\/ffri.uniri.hr\/en\/wp-json\/wp\/v2\/pages\/8740\/revisions\/17785"}],"up":[{"embeddable":true,"href":"https:\/\/ffri.uniri.hr\/en\/wp-json\/wp\/v2\/pages\/8716"}],"wp:attachment":[{"href":"https:\/\/ffri.uniri.hr\/en\/wp-json\/wp\/v2\/media?parent=8740"}],"curies":[{"name":"wp","href":"https:\/\/api.w.org\/{rel}","templated":true}]}}