{"id":8742,"date":"2022-05-27T10:17:53","date_gmt":"2022-05-27T10:17:53","guid":{"rendered":"https:\/\/ffri.uniri.hr\/?page_id=8742"},"modified":"2026-02-16T11:00:47","modified_gmt":"2026-02-16T11:00:47","slug":"division-for-cognitive-sciences","status":"publish","type":"page","link":"https:\/\/ffri.uniri.hr\/en\/about-the-faculty\/organisation\/departments-and-divisions\/division-for-cognitive-sciences\/","title":{"rendered":"Division for Cognitive Sciences"},"content":{"rendered":"<div class=\"wp-block-ub-content-toggle wp-block-ub-content-toggle-block\" id=\"ub-content-toggle-block-816b5beb-860f-4c55-839c-247794dc35d8\" data-mobilecollapse=\"false\" data-desktopcollapse=\"true\" data-preventcollapse=\"false\" data-showonlyone=\"false\">\n<div class=\"wp-block-ub-content-toggle-accordion\" style=\"border-color: #f1f1f1;\" id=\"ub-content-toggle-panel-block-\">\n\t\t\t<div class=\"wp-block-ub-content-toggle-accordion-title-wrap\" style=\"background-color: #f1f1f1;\" aria-controls=\"ub-content-toggle-panel-0-816b5beb-860f-4c55-839c-247794dc35d8\" tabindex=\"0\">\n\t\t\t<p class=\"wp-block-ub-content-toggle-accordion-title ub-content-toggle-title-816b5beb-860f-4c55-839c-247794dc35d8\" style=\"color: #000000; \">Contacts<\/p>\n\t\t\t<div class=\"wp-block-ub-content-toggle-accordion-toggle-wrap right\" style=\"color: #000000;\"><span class=\"wp-block-ub-content-toggle-accordion-state-indicator wp-block-ub-chevron-down\"><\/span><\/div>\n\t\t<\/div>\n\t\t\t<div role=\"region\" aria-expanded=\"false\" class=\"wp-block-ub-content-toggle-accordion-content-wrap ub-hide\" id=\"ub-content-toggle-panel-0-816b5beb-860f-4c55-839c-247794dc35d8\">\n\n<figure class=\"wp-block-table\"><table><thead><tr><th><\/th><th>Name<\/th><th>Room<\/th><th>E-mail<\/th><th>Telephone<\/th><\/tr><\/thead><tbody><tr><td><strong>Head of Department<\/strong><\/td><td>Dr. Ljerka Ostoji\u0107, Assist. Prof.<\/td><td>F-336<\/td><td><a href=\"mailto:lj.ostojic@ffri.uniri.hr\">lj.ostojic@ffri.uniri.hr<\/a><\/td><td>051\/265-780<\/td><\/tr><tr><td><strong>Secretary<\/strong><\/td><td>\u00a0<\/td><td>\u00a0<\/td><td>\u00a0<\/td><td>\u00a0<\/td><\/tr><tr><td><strong>First-year Academic Advisor<\/strong><\/td><td>Dr. Ljerka Ostoji\u0107, Assist. Prof.<\/td><td>F-336<\/td><td><a href=\"mailto:lj.ostojic@ffri.uniri.hr\">lj.ostojic@ffri.uniri.hr<\/a><\/td><td>051\/265-780<\/td><\/tr><tr><td><strong>Erasmus Co-ordinator<\/strong><\/td><td>Dr. Zdenka Brzovi\u0107, Assist. Prof.<\/td><td>F-413<\/td><td><a href=\"mailto:zdenka@ffri.uniri.hr\">zdenka@ffri.uniri.hr<\/a><\/td><td>051\/265-795<\/td><\/tr><tr><td><strong>ECTS Co-ordinator<\/strong><\/td><td>Dr. Zdenka Brzovi\u0107, Assist. Prof.<\/td><td>F-413<\/td><td><a href=\"mailto:zdenka@ffri.uniri.hr\">zdenka@ffri.uniri.hr<\/a><\/td><td>051\/265-795<\/td><\/tr><tr><td><strong>Research Co-ordinator<\/strong><\/td><td>\u00a0<\/td><td>\u00a0<\/td><td>\u00a0<\/td><td>\u00a0<\/td><\/tr><\/tbody><\/table><\/figure>\n\n\n\n<p><a href=\"http:\/\/www.cogsci.uniri.hr\/\" target=\"_blank\" rel=\"noreferrer noopener\">Website<\/a><\/p>\n\n\n\n<ul class=\"wp-block-social-links is-layout-flex wp-block-social-links-is-layout-flex\"><li class=\"wp-social-link wp-social-link-twitter  wp-block-social-link\"><a rel=\"noopener nofollow\" target=\"_blank\" href=\"https:\/\/twitter.com\/RiCogSci\" class=\"wp-block-social-link-anchor\"><svg width=\"24\" height=\"24\" viewbox=\"0 0 24 24\" version=\"1.1\" xmlns=\"http:\/\/www.w3.org\/2000\/svg\" aria-hidden=\"true\" focusable=\"false\"><path d=\"M22.23,5.924c-0.736,0.326-1.527,0.547-2.357,0.646c0.847-0.508,1.498-1.312,1.804-2.27 c-0.793,0.47-1.671,0.812-2.606,0.996C18.324,4.498,17.257,4,16.077,4c-2.266,0-4.103,1.837-4.103,4.103 c0,0.322,0.036,0.635,0.106,0.935C8.67,8.867,5.647,7.234,3.623,4.751C3.27,5.357,3.067,6.062,3.067,6.814 c0,1.424,0.724,2.679,1.825,3.415c-0.673-0.021-1.305-0.206-1.859-0.513c0,0.017,0,0.034,0,0.052c0,1.988,1.414,3.647,3.292,4.023 c-0.344,0.094-0.707,0.144-1.081,0.144c-0.264,0-0.521-0.026-0.772-0.074c0.522,1.63,2.038,2.816,3.833,2.85 c-1.404,1.1-3.174,1.756-5.096,1.756c-0.331,0-0.658-0.019-0.979-0.057c1.816,1.164,3.973,1.843,6.29,1.843 c7.547,0,11.675-6.252,11.675-11.675c0-0.178-0.004-0.355-0.012-0.531C20.985,7.47,21.68,6.747,22.23,5.924z\"><\/path><\/svg><span class=\"wp-block-social-link-label screen-reader-text\">Twitter<\/span><\/a><\/li>\n\n<li class=\"wp-social-link wp-social-link-instagram  wp-block-social-link\"><a rel=\"noopener nofollow\" target=\"_blank\" href=\"https:\/\/www.instagram.com\/rijekacogsci\/\" class=\"wp-block-social-link-anchor\"><svg width=\"24\" height=\"24\" viewbox=\"0 0 24 24\" version=\"1.1\" xmlns=\"http:\/\/www.w3.org\/2000\/svg\" aria-hidden=\"true\" focusable=\"false\"><path d=\"M12,4.622c2.403,0,2.688,0.009,3.637,0.052c0.877,0.04,1.354,0.187,1.671,0.31c0.42,0.163,0.72,0.358,1.035,0.673 c0.315,0.315,0.51,0.615,0.673,1.035c0.123,0.317,0.27,0.794,0.31,1.671c0.043,0.949,0.052,1.234,0.052,3.637 s-0.009,2.688-0.052,3.637c-0.04,0.877-0.187,1.354-0.31,1.671c-0.163,0.42-0.358,0.72-0.673,1.035 c-0.315,0.315-0.615,0.51-1.035,0.673c-0.317,0.123-0.794,0.27-1.671,0.31c-0.949,0.043-1.233,0.052-3.637,0.052 s-2.688-0.009-3.637-0.052c-0.877-0.04-1.354-0.187-1.671-0.31c-0.42-0.163-0.72-0.358-1.035-0.673 c-0.315-0.315-0.51-0.615-0.673-1.035c-0.123-0.317-0.27-0.794-0.31-1.671C4.631,14.688,4.622,14.403,4.622,12 s0.009-2.688,0.052-3.637c0.04-0.877,0.187-1.354,0.31-1.671c0.163-0.42,0.358-0.72,0.673-1.035 c0.315-0.315,0.615-0.51,1.035-0.673c0.317-0.123,0.794-0.27,1.671-0.31C9.312,4.631,9.597,4.622,12,4.622 M12,3 C9.556,3,9.249,3.01,8.289,3.054C7.331,3.098,6.677,3.25,6.105,3.472C5.513,3.702,5.011,4.01,4.511,4.511 c-0.5,0.5-0.808,1.002-1.038,1.594C3.25,6.677,3.098,7.331,3.054,8.289C3.01,9.249,3,9.556,3,12c0,2.444,0.01,2.751,0.054,3.711 c0.044,0.958,0.196,1.612,0.418,2.185c0.23,0.592,0.538,1.094,1.038,1.594c0.5,0.5,1.002,0.808,1.594,1.038 c0.572,0.222,1.227,0.375,2.185,0.418C9.249,20.99,9.556,21,12,21s2.751-0.01,3.711-0.054c0.958-0.044,1.612-0.196,2.185-0.418 c0.592-0.23,1.094-0.538,1.594-1.038c0.5-0.5,0.808-1.002,1.038-1.594c0.222-0.572,0.375-1.227,0.418-2.185 C20.99,14.751,21,14.444,21,12s-0.01-2.751-0.054-3.711c-0.044-0.958-0.196-1.612-0.418-2.185c-0.23-0.592-0.538-1.094-1.038-1.594 c-0.5-0.5-1.002-0.808-1.594-1.038c-0.572-0.222-1.227-0.375-2.185-0.418C14.751,3.01,14.444,3,12,3L12,3z M12,7.378 c-2.552,0-4.622,2.069-4.622,4.622S9.448,16.622,12,16.622s4.622-2.069,4.622-4.622S14.552,7.378,12,7.378z M12,15 c-1.657,0-3-1.343-3-3s1.343-3,3-3s3,1.343,3,3S13.657,15,12,15z M16.804,6.116c-0.596,0-1.08,0.484-1.08,1.08 s0.484,1.08,1.08,1.08c0.596,0,1.08-0.484,1.08-1.08S17.401,6.116,16.804,6.116z\"><\/path><\/svg><span class=\"wp-block-social-link-label screen-reader-text\">Instagram<\/span><\/a><\/li><\/ul>\n\n<\/div>\n\t\t<\/div>\n\n<div class=\"wp-block-ub-content-toggle-accordion\" style=\"border-color: #f1f1f1;\" id=\"ub-content-toggle-panel-block-\">\n\t\t\t<div class=\"wp-block-ub-content-toggle-accordion-title-wrap\" style=\"background-color: #f1f1f1;\" aria-controls=\"ub-content-toggle-panel-1-816b5beb-860f-4c55-839c-247794dc35d8\" tabindex=\"0\">\n\t\t\t<p class=\"wp-block-ub-content-toggle-accordion-title ub-content-toggle-title-816b5beb-860f-4c55-839c-247794dc35d8\" style=\"color: #000000; \">Academic staff<\/p>\n\t\t\t<div class=\"wp-block-ub-content-toggle-accordion-toggle-wrap right\" style=\"color: #000000;\"><span class=\"wp-block-ub-content-toggle-accordion-state-indicator wp-block-ub-chevron-down\"><\/span><\/div>\n\t\t<\/div>\n\t\t\t<div role=\"region\" aria-expanded=\"false\" class=\"wp-block-ub-content-toggle-accordion-content-wrap ub-hide\" id=\"ub-content-toggle-panel-1-816b5beb-860f-4c55-839c-247794dc35d8\">\n\n<figure class=\"wp-block-table\"><table><thead><tr><th>Name<\/th><th>Room<\/th><th>E-mail<\/th><th>Telephone<\/th><\/tr><\/thead><tbody><tr><td>Professor <a href=\"https:\/\/portal.uniri.hr\/Portfelj\/1458\">Igor Baj\u0161anski<\/a><strong><\/strong><\/td><td>F-347<strong><\/strong><\/td><td><a href=\"mailto:sibajsan@ffri.uniri.hr\">sibajsan@ffri.uniri.hr<\/a><strong><\/strong><\/td><td>051\/265-762<strong><\/strong><\/td><\/tr><tr><td>Professor <a href=\"https:\/\/portal.uniri.hr\/Portfelj\/1069\">Marija Brala Vukanovi\u0107<\/a><strong><\/strong><\/td><td>F-910<strong><\/strong><\/td><td><a href=\"mailto:marija.brala@ffri.uniri.hr\">marija.brala@ffri.uniri.hr<\/a> <strong><\/strong><\/td><td>051\/265-633<strong><\/strong><\/td><\/tr><tr><td>Professor <a href=\"https:\/\/portal.uniri.hr\/portfelj\/1541\">Luca Malatesti<\/a><strong><\/strong><\/td><td>F-422<strong><\/strong><\/td><td><a href=\"mailto:lmalatesti@ffri.uniri.hr\">lmalatesti@ffri.uniri.hr<\/a> <strong><\/strong><\/td><td>051\/265-650<strong><\/strong><\/td><\/tr><tr><td>Professor <a href=\"https:\/\/portal.uniri.hr\/Portfelj\/1470\">Irena Vodopija-Krstanovi\u0107<\/a><\/td><td>F-511<\/td><td><a href=\"mailto:sjurin@ffri.uniri.hr\">sjurin@ffri.uniri.hr<\/a><\/td><td>051\/265 653<\/td><\/tr><tr><td>Dr. <a href=\"https:\/\/portal.uniri.hr\/Portfelj\/925\">Petra Ani\u0107<\/a>, Assist. Prof.<\/td><td>F-369<\/td><td><a href=\"mailto:panic@ffri.uniri.hr\">panic@ffri.uniri.hr<\/a><\/td><td>051\/265-767<\/td><\/tr><tr><td>Dr. <a href=\"https:\/\/portal.uniri.hr\/Portfelj\/1835\">Asmir Gra\u010danin<\/a>, Assist. Prof.<\/td><td>F-361<\/td><td><a href=\"mailto:agracanin@ffri.uniri.hr\">agracanin@ffri.uniri.hr<\/a><\/td><td>051\/265-768<\/td><\/tr><tr><td>Dr. <a href=\"https:\/\/portal.uniri.hr\/portfelj\/2388\">Marko Jurjako<\/a>, Assist. Prof.<\/td><td>F-422<\/td><td><a href=\"mailto:mjurjako@ffri.uniri.hr\">mjurjako@ffri.uniri.hr<\/a><\/td><td>051\/669-210<\/td><\/tr><tr><td>Dr. <a href=\"https:\/\/portal.uniri.hr\/Portfelj\/Details\/6296\">Ljerka Ostoji\u0107<\/a>, Assist. Prof.<\/td><td>F-336<\/td><td><a href=\"mailto:lj.ostojic@ffri.uniri.hr\">lj.ostojic@ffri.uniri.hr<\/a><\/td><td>051\/265-780<\/td><\/tr><tr><td>Dr. <a href=\"https:\/\/portal.uniri.hr\/Portfelj\/868\">Sanda Pletikosi\u0107 Ton\u010di\u0107<\/a>, Assist. Prof.<\/td><td>F-336<\/td><td><a href=\"mailto:spletikosic@ffri.uniri.hr\">spletikosic@ffri.uniri.hr<\/a><\/td><td>051\/265-777<\/td><\/tr><tr><td>Dr. <a href=\"https:\/\/portal.uniri.hr\/Portfelj\/1039\">Marko Ton\u010di\u0107<\/a>, Assist. Prof.<\/td><td>F-346<\/td><td><a href=\"mailto:mtoncic@ffri.uniri.hr\">mtoncic@ffri.uniri.hr<\/a><\/td><td>051\/265-769<\/td><\/tr><tr><td>Dr. sc. <a href=\"https:\/\/portal.uniri.hr\/portfelj\/2106\">Zdenka Brzovi\u0107<\/a>, Assist. Prof.<\/td><td>F-413<\/td><td><a href=\"mailto:zdenka@ffri.uniri.hr\">zdenka@ffri.uniri.hr<\/a><\/td><td>051\/265-795<\/td><\/tr><tr><td>Dr. Edward Legg<\/td><td>F-333<\/td><td><a href=\"mailto:edward.legg@ffri.uniri.hr\">edward.legg@ffri.uniri.hr<\/a>\u00a0<\/td><td>\u00a0<\/td><\/tr><\/tbody><\/table><\/figure>\n\n\n\n<h3 class=\"wp-block-heading\">External collaborators<\/h3>\n\n\n\n<figure class=\"wp-block-table\"><table><thead><tr><th>Name<\/th><th>Room<\/th><th>E-mail<\/th><\/tr><\/thead><tbody><tr><td>Professor Pavle Valerjev<\/td><td><a href=\"mailto:valerjev@unizd.hr\">valerjev@unizd.hr<\/a><\/td><td>Prof. dr. sc. Pavle Valerjev<\/td><\/tr><tr><td>Dr. Mia \u0160eti\u0107 Beg, Assist. Prof.<\/td><td><a href=\"mailto:mia.setic@unicath.hr\">mia.setic@unicath.hr<\/a><\/td><td>Doc. dr. sc. Mia \u0160eti\u0107 Beg<\/td><\/tr><tr><td>Dr. Anna Hughes<\/td><td><a href=\"mailto:anna.hughes@essex.ac.uk\">anna.hughes@essex.ac.uk<\/a>\u00a0<\/td><td>Dr. Anna Hughes<\/td><\/tr><tr><td>Dr. Antica \u010culina<\/td><td><a href=\"mailto:Antica.Culina@irb.hr\">Antica.Culina@irb.hr<\/a><\/td><td>Dr. sc. Antica \u010culina<\/td><\/tr><tr><td>Dr. Ivan Flis<\/td><td><a href=\"mailto:ivan.flis@unicath.hr\">ivan.flis@unicath.hr<\/a><\/td><td>Dr. Ivan Flis<\/td><\/tr><\/tbody><\/table><\/figure>\n\n<\/div>\n\t\t<\/div>\n\n<div class=\"wp-block-ub-content-toggle-accordion\" style=\"border-color: #f1f1f1;\" id=\"ub-content-toggle-panel-block-\">\n\t\t\t<div class=\"wp-block-ub-content-toggle-accordion-title-wrap\" style=\"background-color: #f1f1f1;\" aria-controls=\"ub-content-toggle-panel-2-816b5beb-860f-4c55-839c-247794dc35d8\" tabindex=\"0\">\n\t\t\t<p class=\"wp-block-ub-content-toggle-accordion-title ub-content-toggle-title-816b5beb-860f-4c55-839c-247794dc35d8\" style=\"color: #000000; \">Instructions and forms<\/p>\n\t\t\t<div class=\"wp-block-ub-content-toggle-accordion-toggle-wrap right\" style=\"color: #000000;\"><span class=\"wp-block-ub-content-toggle-accordion-state-indicator wp-block-ub-chevron-down\"><\/span><\/div>\n\t\t<\/div>\n\t\t\t<div role=\"region\" aria-expanded=\"false\" class=\"wp-block-ub-content-toggle-accordion-content-wrap ub-hide\" id=\"ub-content-toggle-panel-2-816b5beb-860f-4c55-839c-247794dc35d8\">\n\n<p><a href=\"https:\/\/ffri.uniri.hr\/wp-content\/uploads\/CogSci-Instructions_for_completing_graduate_studies.pdf\">Instructions from the Student Administration Office on the procedure for completing graduate studies in <em>Cognitive Sciences &#8211; Cognition and the Mind<\/em><\/a><\/p>\n\n<\/div>\n\t\t<\/div>\n<\/div>","protected":false},"excerpt":{"rendered":"","protected":false},"author":4,"featured_media":0,"parent":8716,"menu_order":13,"comment_status":"closed","ping_status":"closed","template":"","meta":{"_acf_changed":false,"ub_ctt_via":"","footnotes":""},"class_list":["post-8742","page","type-page","status-publish","hentry"],"acf":[],"featured_image_src":null,"_links":{"self":[{"href":"https:\/\/ffri.uniri.hr\/en\/wp-json\/wp\/v2\/pages\/8742","targetHints":{"allow":["GET"]}}],"collection":[{"href":"https:\/\/ffri.uniri.hr\/en\/wp-json\/wp\/v2\/pages"}],"about":[{"href":"https:\/\/ffri.uniri.hr\/en\/wp-json\/wp\/v2\/types\/page"}],"author":[{"embeddable":true,"href":"https:\/\/ffri.uniri.hr\/en\/wp-json\/wp\/v2\/users\/4"}],"replies":[{"embeddable":true,"href":"https:\/\/ffri.uniri.hr\/en\/wp-json\/wp\/v2\/comments?post=8742"}],"version-history":[{"count":3,"href":"https:\/\/ffri.uniri.hr\/en\/wp-json\/wp\/v2\/pages\/8742\/revisions"}],"predecessor-version":[{"id":18105,"href":"https:\/\/ffri.uniri.hr\/en\/wp-json\/wp\/v2\/pages\/8742\/revisions\/18105"}],"up":[{"embeddable":true,"href":"https:\/\/ffri.uniri.hr\/en\/wp-json\/wp\/v2\/pages\/8716"}],"wp:attachment":[{"href":"https:\/\/ffri.uniri.hr\/en\/wp-json\/wp\/v2\/media?parent=8742"}],"curies":[{"name":"wp","href":"https:\/\/api.w.org\/{rel}","templated":true}]}}